{"id":7194,"date":"2023-12-21T08:45:32","date_gmt":"2023-12-21T01:45:32","guid":{"rendered":"https:\/\/valuealati.servis-jelic.hr\/?page_id=7194"},"modified":"2025-09-16T14:42:28","modified_gmt":"2025-09-16T14:42:28","slug":"contact","status":"publish","type":"page","link":"https:\/\/valuealati.servis-jelic.hr\/index.php\/contact\/","title":{"rendered":"Contact"},"content":{"rendered":"\t\t<div data-elementor-type=\"wp-page\" data-elementor-id=\"7194\" class=\"elementor elementor-7194\">\n\t\t\t\t<div class=\"elementor-element elementor-element-878d1d1 e-flex e-con-boxed e-con e-parent\" data-id=\"878d1d1\" data-element_type=\"container\">\n\t\t\t\t\t<div class=\"e-con-inner\">\n\t\t<div class=\"elementor-element elementor-element-03ea1e4 e-con-full e-flex e-con e-child\" data-id=\"03ea1e4\" data-element_type=\"container\">\n\t\t\t\t<div class=\"elementor-element elementor-element-38fd4e6 elementor-widget elementor-widget-heading\" data-id=\"38fd4e6\" data-element_type=\"widget\" data-widget_type=\"heading.default\">\n\t\t\t\t\t<h2 class=\"elementor-heading-title elementor-size-default\">Imate li pitanja?<\/h2>\t\t\t\t<\/div>\n\t\t\t\t<div class=\"elementor-element elementor-element-344983c elementor-widget__width-inherit elementor-widget elementor-widget-text-editor\" data-id=\"344983c\" data-element_type=\"widget\" data-widget_type=\"text-editor.default\">\n\t\t\t\t\t\t\t\t\t<p>Na raspolagnju smo za Vas od 08-16 sati svakim radnim danom!<\/p>\t\t\t\t\t\t\t\t<\/div>\n\t\t\t\t<div class=\"elementor-element elementor-element-1fd96b5 elementor-widget__width-inherit elementor-widget elementor-widget-text-editor\" data-id=\"1fd96b5\" data-element_type=\"widget\" data-widget_type=\"text-editor.default\">\n\t\t\t\t\t\t\t\t\t<div class=\"elementor-element elementor-element-5c9673a elementor-widget__width-initial elementor-widget elementor-widget-text-editor\" data-id=\"5c9673a\" data-element_type=\"widget\" data-widget_type=\"text-editor.default\"><p>Kontaktirajte nas putem\u00a0\u00a0<a href=\"https:\/\/valuealati.servis-jelic.hr\/contact\/\">kontakt obrasca<\/a><\/p><p><strong>Servis Jeli\u0107 d.o.o.<\/strong><br \/>Kralja Zvonimira 37<br \/>21260 IMOTSKI<\/p><\/div>\t\t\t\t\t\t\t\t<\/div>\n\t\t\t\t<div class=\"elementor-element elementor-element-d25f635 elementor-widget elementor-widget-text-editor\" data-id=\"d25f635\" data-element_type=\"widget\" data-widget_type=\"text-editor.default\">\n\t\t\t\t\t\t\t\t\t<p><a href=\"mailto:info@servis-jelic.hr\">info@servis-jelic.hr<\/a><\/p>\t\t\t\t\t\t\t\t<\/div>\n\t\t\t\t<div class=\"elementor-element elementor-element-ee0a5de elementor-widget__width-inherit elementor-widget elementor-widget-text-editor\" data-id=\"ee0a5de\" data-element_type=\"widget\" data-widget_type=\"text-editor.default\">\n\t\t\t\t\t\t\t\t\t<p><span style=\"color: #000000;\"><a href=\"tel:385 21 256 660\">+385 21 256 660<\/a><\/span><\/p>\t\t\t\t\t\t\t\t<\/div>\n\t\t\t\t<div class=\"elementor-element elementor-element-01021db elementor-shape-rounded elementor-grid-0 elementor-widget elementor-widget-social-icons\" data-id=\"01021db\" data-element_type=\"widget\" data-widget_type=\"social-icons.default\">\n\t\t\t\t\t\t\t<div class=\"elementor-social-icons-wrapper elementor-grid\" role=\"list\">\n\t\t\t\t\t\t\t<span class=\"elementor-grid-item\" role=\"listitem\">\n\t\t\t\t\t<a class=\"elementor-icon elementor-social-icon elementor-social-icon-tb-icon-brand-facebook elementor-repeater-item-956e9dd\" href=\"#\" target=\"_blank\">\n\t\t\t\t\t\t<span class=\"elementor-screen-only\">Tb-icon-brand-facebook<\/span>\n\t\t\t\t\t\t<i aria-hidden=\"true\" class=\"tb-icon tb-icon-brand-facebook\"><\/i>\t\t\t\t\t<\/a>\n\t\t\t\t<\/span>\n\t\t\t\t\t\t\t<span class=\"elementor-grid-item\" role=\"listitem\">\n\t\t\t\t\t<a class=\"elementor-icon elementor-social-icon elementor-social-icon-tb-icon-brand-twitter elementor-repeater-item-c12160a\" href=\"#\" target=\"_blank\">\n\t\t\t\t\t\t<span class=\"elementor-screen-only\">Tb-icon-brand-twitter<\/span>\n\t\t\t\t\t\t<i aria-hidden=\"true\" class=\"tb-icon tb-icon-brand-twitter\"><\/i>\t\t\t\t\t<\/a>\n\t\t\t\t<\/span>\n\t\t\t\t\t\t\t<span class=\"elementor-grid-item\" role=\"listitem\">\n\t\t\t\t\t<a class=\"elementor-icon elementor-social-icon elementor-social-icon-tb-icon-brand-youtube elementor-repeater-item-717ad44\" href=\"#\" target=\"_blank\">\n\t\t\t\t\t\t<span class=\"elementor-screen-only\">Tb-icon-brand-youtube<\/span>\n\t\t\t\t\t\t<i aria-hidden=\"true\" class=\"tb-icon tb-icon-brand-youtube\"><\/i>\t\t\t\t\t<\/a>\n\t\t\t\t<\/span>\n\t\t\t\t\t\t\t<span class=\"elementor-grid-item\" role=\"listitem\">\n\t\t\t\t\t<a class=\"elementor-icon elementor-social-icon elementor-social-icon-tb-icon-brand-instagram elementor-repeater-item-bbcd7fd\" href=\"#\" target=\"_blank\">\n\t\t\t\t\t\t<span class=\"elementor-screen-only\">Tb-icon-brand-instagram<\/span>\n\t\t\t\t\t\t<i aria-hidden=\"true\" class=\"tb-icon tb-icon-brand-instagram\"><\/i>\t\t\t\t\t<\/a>\n\t\t\t\t<\/span>\n\t\t\t\t\t<\/div>\n\t\t\t\t\t\t<\/div>\n\t\t\t\t<\/div>\n\t\t<div class=\"elementor-element elementor-element-787499f e-con-full e-flex e-con e-child\" data-id=\"787499f\" data-element_type=\"container\">\n\t\t\t\t<div class=\"elementor-element elementor-element-635edc6 elementor-widget elementor-widget-shortcode\" data-id=\"635edc6\" data-element_type=\"widget\" data-widget_type=\"shortcode.default\">\n\t\t\t\t\t\t\t<div class=\"elementor-shortcode\">\n<div class=\"wpcf7 no-js\" id=\"wpcf7-f10-o1\" lang=\"en-US\" dir=\"ltr\" data-wpcf7-id=\"10\">\n<div class=\"screen-reader-response\"><p role=\"status\" aria-live=\"polite\" aria-atomic=\"true\"><\/p> <ul><\/ul><\/div>\n<form action=\"\/index.php\/wp-json\/wp\/v2\/pages\/7194#wpcf7-f10-o1\" method=\"post\" class=\"wpcf7-form init\" aria-label=\"Contact form\" novalidate=\"novalidate\" data-status=\"init\">\n<fieldset class=\"hidden-fields-container\"><input type=\"hidden\" name=\"_wpcf7\" value=\"10\" \/><input type=\"hidden\" name=\"_wpcf7_version\" value=\"6.1.1\" \/><input type=\"hidden\" name=\"_wpcf7_locale\" value=\"en_US\" \/><input type=\"hidden\" name=\"_wpcf7_unit_tag\" value=\"wpcf7-f10-o1\" \/><input type=\"hidden\" name=\"_wpcf7_container_post\" value=\"0\" \/><input type=\"hidden\" name=\"_wpcf7_posted_data_hash\" value=\"\" \/>\n<\/fieldset>\n<div class=\"ts-2-columns\">\n\t<p><label><span class=\"wpcf7-form-control-wrap\" data-name=\"your-name\"><input size=\"40\" maxlength=\"400\" class=\"wpcf7-form-control wpcf7-text wpcf7-validates-as-required\" aria-required=\"true\" aria-invalid=\"false\" placeholder=\"Name *\" value=\"\" type=\"text\" name=\"your-name\" \/><\/span><\/label>\n\t<\/p>\n\t<p><label><span class=\"wpcf7-form-control-wrap\" data-name=\"your-email\"><input size=\"40\" maxlength=\"400\" class=\"wpcf7-form-control wpcf7-email wpcf7-validates-as-required wpcf7-text wpcf7-validates-as-email\" aria-required=\"true\" aria-invalid=\"false\" placeholder=\"E-mail *\" value=\"\" type=\"email\" name=\"your-email\" \/><\/span><\/label>\n\t<\/p>\n<\/div>\n<p><label><span class=\"wpcf7-form-control-wrap\" data-name=\"your-subject\"><input size=\"40\" maxlength=\"400\" class=\"wpcf7-form-control wpcf7-text wpcf7-validates-as-required\" aria-required=\"true\" aria-invalid=\"false\" placeholder=\"Subject *\" value=\"\" type=\"text\" name=\"your-subject\" \/><\/span><\/label>\n<\/p>\n<p><label><span class=\"wpcf7-form-control-wrap\" data-name=\"your-message\"><textarea cols=\"40\" rows=\"10\" maxlength=\"2000\" class=\"wpcf7-form-control wpcf7-textarea\" aria-invalid=\"false\" placeholder=\"Message\" name=\"your-message\"><\/textarea><\/span><\/label>\n<\/p>\n<p class=\"wpcf7-form-submit\"><input class=\"wpcf7-form-control wpcf7-submit has-spinner\" type=\"submit\" value=\"Send Message\" \/>\n<\/p><div class=\"wpcf7-response-output\" aria-hidden=\"true\"><\/div>\n<\/form>\n<\/div>\n<\/div>\n\t\t\t\t\t\t<\/div>\n\t\t\t\t<\/div>\n\t\t\t\t\t<\/div>\n\t\t\t\t<\/div>\n\t\t<div class=\"elementor-element elementor-element-2a28382 e-con-full e-flex e-con e-parent\" data-id=\"2a28382\" data-element_type=\"container\">\n\t\t\t\t<div class=\"elementor-element elementor-element-c469d3c elementor-widget elementor-widget-google_maps\" data-id=\"c469d3c\" data-element_type=\"widget\" data-widget_type=\"google_maps.default\">\n\t\t\t\t\t\t\t<div class=\"elementor-custom-embed\">\n\t\t\t<iframe loading=\"lazy\"\n\t\t\t\t\tsrc=\"https:\/\/maps.google.com\/maps?q=Kralja%20Zvonimira%2037%2021260%20IMOTSKI&#038;t=m&#038;z=14&#038;output=embed&#038;iwloc=near\"\n\t\t\t\t\ttitle=\"Kralja Zvonimira 37 21260 IMOTSKI\"\n\t\t\t\t\taria-label=\"Kralja Zvonimira 37 21260 IMOTSKI\"\n\t\t\t><\/iframe>\n\t\t<\/div>\n\t\t\t\t\t\t<\/div>\n\t\t\t\t<\/div>\n\t\t<div class=\"elementor-element elementor-element-c8dfc28 e-flex e-con-boxed e-con e-parent\" data-id=\"c8dfc28\" data-element_type=\"container\">\n\t\t\t\t\t<div class=\"e-con-inner\">\n\t\t\t\t<div class=\"elementor-element elementor-element-b61320d elementor-widget elementor-widget-heading\" data-id=\"b61320d\" data-element_type=\"widget\" data-widget_type=\"heading.default\">\n\t\t\t\t\t<h3 class=\"elementor-heading-title elementor-size-default\">Na\u0161e trgovine i sladi\u0161te?<\/h3>\t\t\t\t<\/div>\n\t\t\t\t\t<\/div>\n\t\t\t\t<\/div>\n\t\t<div class=\"elementor-element elementor-element-6f1c27a e-flex e-con-boxed e-con e-parent\" data-id=\"6f1c27a\" data-element_type=\"container\">\n\t\t\t\t\t<div class=\"e-con-inner\">\n\t\t<div class=\"elementor-element elementor-element-362b862 e-con-full e-flex e-con e-child\" data-id=\"362b862\" data-element_type=\"container\">\n\t\t\t\t<div class=\"elementor-element elementor-element-3ef5bec fas fa-location-dot elementor-widget elementor-widget-heading\" data-id=\"3ef5bec\" data-element_type=\"widget\" data-widget_type=\"heading.default\">\n\t\t\t\t\t<h5 class=\"elementor-heading-title elementor-size-default\">Servis Jeli\u0107 d.o.o. <\/h5>\t\t\t\t<\/div>\n\t\t\t\t<div class=\"elementor-element elementor-element-26dade5 elementor-widget elementor-widget-text-editor\" data-id=\"26dade5\" data-element_type=\"widget\" data-widget_type=\"text-editor.default\">\n\t\t\t\t\t\t\t\t\t<p>Maloprodajna trgovina:\u00a0<\/p><p><strong>Servis Jeli\u0107 d.o.o.<\/strong><br \/>Kralja Zvonimira 37<br \/>21260 IMOTSKI<\/p>\t\t\t\t\t\t\t\t<\/div>\n\t\t\t\t<div class=\"elementor-element elementor-element-8f9f452 elementor-widget elementor-widget-text-editor\" data-id=\"8f9f452\" data-element_type=\"widget\" data-widget_type=\"text-editor.default\">\n\t\t\t\t\t\t\t\t\t<p>Ponedjeljak \u2013 Petak: 8:00 \u2013 17:00<br \/>Subota: 8:00 \u2013 13:00<\/p>\t\t\t\t\t\t\t\t<\/div>\n\t\t\t\t<div class=\"elementor-element elementor-element-f4b710b elementor-widget-mobile__width-initial elementor-hidden-mobile elementor-widget-divider--view-line elementor-widget elementor-widget-divider\" data-id=\"f4b710b\" data-element_type=\"widget\" data-widget_type=\"divider.default\">\n\t\t\t\t\t\t\t<div class=\"elementor-divider\">\n\t\t\t<span class=\"elementor-divider-separator\">\n\t\t\t\t\t\t<\/span>\n\t\t<\/div>\n\t\t\t\t\t\t<\/div>\n\t\t\t\t<div class=\"elementor-element elementor-element-a86e73a elementor-widget__width-initial elementor-widget elementor-widget-heading\" data-id=\"a86e73a\" data-element_type=\"widget\" data-widget_type=\"heading.default\">\n\t\t\t\t\t<h6 class=\"elementor-heading-title elementor-size-default\"><a href=\"tel:+385%2021%20256%20660\">+385 21 256 660<\/a><\/h6>\t\t\t\t<\/div>\n\t\t\t\t<div class=\"elementor-element elementor-element-d882d10 elementor-widget elementor-widget-heading\" data-id=\"d882d10\" data-element_type=\"widget\" data-widget_type=\"heading.default\">\n\t\t\t\t\t<div class=\"elementor-heading-title elementor-size-default\"><a href=\"mailto:info@servis-jelic.hr\">info@servis-jelic.hr<\/a><\/div>\t\t\t\t<\/div>\n\t\t\t\t<\/div>\n\t\t<div class=\"elementor-element elementor-element-39acfc9 e-con-full e-flex e-con e-child\" data-id=\"39acfc9\" data-element_type=\"container\">\n\t\t\t\t<div class=\"elementor-element elementor-element-d02cf86 fas fa-location-dot elementor-widget elementor-widget-heading\" data-id=\"d02cf86\" data-element_type=\"widget\" data-widget_type=\"heading.default\">\n\t\t\t\t\t<h5 class=\"elementor-heading-title elementor-size-default\">Servis Jeli\u0107 d.o.o. <\/h5>\t\t\t\t<\/div>\n\t\t\t\t<div class=\"elementor-element elementor-element-75fcad3 elementor-widget elementor-widget-text-editor\" data-id=\"75fcad3\" data-element_type=\"widget\" data-widget_type=\"text-editor.default\">\n\t\t\t\t\t\t\t\t\t<p>Skladi\u0161te:\u00a0<\/p><p><strong>Servis Jeli\u0107 d.o.o.<\/strong><br \/>Industrijska zona Vinjani Gornji<br \/>21260 IMOTSKI<\/p>\t\t\t\t\t\t\t\t<\/div>\n\t\t\t\t<div class=\"elementor-element elementor-element-7f0201b elementor-widget elementor-widget-text-editor\" data-id=\"7f0201b\" data-element_type=\"widget\" data-widget_type=\"text-editor.default\">\n\t\t\t\t\t\t\t\t\t<p>Ponedjeljak \u2013 Petak: 8:00 \u2013 17:00<br \/>Subota: 8:00 \u2013 13:00<\/p>\t\t\t\t\t\t\t\t<\/div>\n\t\t\t\t<div class=\"elementor-element elementor-element-cd4d898 elementor-widget-mobile__width-initial elementor-hidden-mobile elementor-widget-divider--view-line elementor-widget elementor-widget-divider\" data-id=\"cd4d898\" data-element_type=\"widget\" data-widget_type=\"divider.default\">\n\t\t\t\t\t\t\t<div class=\"elementor-divider\">\n\t\t\t<span class=\"elementor-divider-separator\">\n\t\t\t\t\t\t<\/span>\n\t\t<\/div>\n\t\t\t\t\t\t<\/div>\n\t\t\t\t<div class=\"elementor-element elementor-element-4ef78df elementor-widget__width-initial elementor-widget elementor-widget-heading\" data-id=\"4ef78df\" data-element_type=\"widget\" data-widget_type=\"heading.default\">\n\t\t\t\t\t<h6 class=\"elementor-heading-title elementor-size-default\"><a href=\"tel:+385%2021%20256%20660\">+385 21 256 660<\/a><\/h6>\t\t\t\t<\/div>\n\t\t\t\t<div class=\"elementor-element elementor-element-cb82269 elementor-widget elementor-widget-heading\" data-id=\"cb82269\" data-element_type=\"widget\" data-widget_type=\"heading.default\">\n\t\t\t\t\t<div class=\"elementor-heading-title elementor-size-default\"><a href=\"mailto:info@servis-jelic.hr\">info@servis-jelic.hr<\/a><\/div>\t\t\t\t<\/div>\n\t\t\t\t<\/div>\n\t\t<div class=\"elementor-element elementor-element-c1802a8 e-con-full e-flex e-con e-child\" data-id=\"c1802a8\" data-element_type=\"container\">\n\t\t\t\t<div class=\"elementor-element elementor-element-091be60 fas fa-location-dot elementor-widget elementor-widget-heading\" data-id=\"091be60\" data-element_type=\"widget\" data-widget_type=\"heading.default\">\n\t\t\t\t\t<h5 class=\"elementor-heading-title elementor-size-default\">--<\/h5>\t\t\t\t<\/div>\n\t\t\t\t<div class=\"elementor-element elementor-element-909cfe7 elementor-widget-mobile__width-initial elementor-hidden-mobile elementor-widget-divider--view-line elementor-widget elementor-widget-divider\" data-id=\"909cfe7\" data-element_type=\"widget\" data-widget_type=\"divider.default\">\n\t\t\t\t\t\t\t<div class=\"elementor-divider\">\n\t\t\t<span class=\"elementor-divider-separator\">\n\t\t\t\t\t\t<\/span>\n\t\t<\/div>\n\t\t\t\t\t\t<\/div>\n\t\t\t\t<\/div>\n\t\t<div class=\"elementor-element elementor-element-8e94612 e-con-full e-flex e-con e-child\" data-id=\"8e94612\" data-element_type=\"container\">\n\t\t\t\t<div class=\"elementor-element elementor-element-d8f66a0 elementor-widget-mobile__width-initial elementor-hidden-mobile elementor-widget-divider--view-line elementor-widget elementor-widget-divider\" data-id=\"d8f66a0\" data-element_type=\"widget\" data-widget_type=\"divider.default\">\n\t\t\t\t\t\t\t<div class=\"elementor-divider\">\n\t\t\t<span class=\"elementor-divider-separator\">\n\t\t\t\t\t\t<\/span>\n\t\t<\/div>\n\t\t\t\t\t\t<\/div>\n\t\t\t\t<\/div>\n\t\t\t\t\t<\/div>\n\t\t\t\t<\/div>\n\t\t\t\t<\/div>\n\t\t","protected":false},"excerpt":{"rendered":"<p>Imate li pitanja? Na raspolagnju smo za Vas od 08-16 sati svakim radnim danom! Kontaktirajte nas putem\u00a0\u00a0kontakt obrasca Servis Jeli\u0107 d.o.o.Kralja Zvonimira 3721260 IMOTSKI info@servis-jelic.hr +385 21 256 660 Tb-icon-brand-facebook Tb-icon-brand-twitter Tb-icon-brand-youtube Tb-icon-brand-instagram Na\u0161e trgovine i sladi\u0161te? Servis Jeli\u0107 d.o.o. Maloprodajna trgovina:\u00a0 Servis Jeli\u0107 d.o.o.Kralja Zvonimira 3721260 IMOTSKI Ponedjeljak \u2013 Petak: 8:00 \u2013 17:00Subota: 8:00 [&hellip;]<\/p>\n","protected":false},"author":1,"featured_media":0,"parent":0,"menu_order":0,"comment_status":"closed","ping_status":"closed","template":"","meta":{"footnotes":""},"class_list":["post-7194","page","type-page","status-publish","hentry"],"jetpack_sharing_enabled":true,"_links":{"self":[{"href":"https:\/\/valuealati.servis-jelic.hr\/index.php\/wp-json\/wp\/v2\/pages\/7194","targetHints":{"allow":["GET"]}}],"collection":[{"href":"https:\/\/valuealati.servis-jelic.hr\/index.php\/wp-json\/wp\/v2\/pages"}],"about":[{"href":"https:\/\/valuealati.servis-jelic.hr\/index.php\/wp-json\/wp\/v2\/types\/page"}],"author":[{"embeddable":true,"href":"https:\/\/valuealati.servis-jelic.hr\/index.php\/wp-json\/wp\/v2\/users\/1"}],"replies":[{"embeddable":true,"href":"https:\/\/valuealati.servis-jelic.hr\/index.php\/wp-json\/wp\/v2\/comments?post=7194"}],"version-history":[{"count":21,"href":"https:\/\/valuealati.servis-jelic.hr\/index.php\/wp-json\/wp\/v2\/pages\/7194\/revisions"}],"predecessor-version":[{"id":7800,"href":"https:\/\/valuealati.servis-jelic.hr\/index.php\/wp-json\/wp\/v2\/pages\/7194\/revisions\/7800"}],"wp:attachment":[{"href":"https:\/\/valuealati.servis-jelic.hr\/index.php\/wp-json\/wp\/v2\/media?parent=7194"}],"curies":[{"name":"wp","href":"https:\/\/api.w.org\/{rel}","templated":true}]}}