{"id":7806,"date":"2025-09-17T10:42:18","date_gmt":"2025-09-17T10:42:18","guid":{"rendered":"https:\/\/valuealati.servis-jelic.hr\/?post_type=product&#038;p=7806"},"modified":"2026-02-27T12:13:39","modified_gmt":"2026-02-27T12:13:39","slug":"alat-za-pertlovanje-value-vet-19li-a","status":"publish","type":"product","link":"https:\/\/valuealati.servis-jelic.hr\/index.php\/proizvod\/alat-za-pertlovanje-value-vet-19li-a\/","title":{"rendered":"Alat za pertlovanje-VALUE VET-19Li A"},"content":{"rendered":"<p><span class=\"Y2IQFc\" lang=\"hr\">VALUE akumulatorski alat za pro\u0161irenje predstavlja potpuno novi standard u ovoj kategoriji alata. Nudi kvalitetu i prakti\u010dnost koja prije nije bila dostupna u instalaciji i odr\u017eavanju HVACR sustava.<\/span><\/p>\n<p><span class=\"Y2IQFc\" lang=\"hr\">Klju\u010dne zna\u010dajke: <\/span><\/p>\n<ul>\n<li class=\"tw-data-text tw-text-large tw-ta\" dir=\"ltr\" tabindex=\"-1\" role=\"text\" data-placeholder=\"Prijevod\" data-ved=\"2ahUKEwjovrCztN-PAxXt0AIHHfhIAOMQ3ewLegQICxAV\" aria-label=\"Prevedeni tekst: VALUE be\u017ei\u010dni alat za pro\u0161irenje predstavlja potpuno novi standard u ovoj kategoriji alata. Nudi kvalitetu i prakti\u010dnost koja prije nije bila dostupna u instalaciji i odr\u017eavanju HVACR sustava. Klju\u010dne zna\u010dajke: ergonomska ru\u010dka upravljanje jednim gumbom jednostavno i brzo pro\u0161irenje ograni\u010dava\u010d polo\u017eaja cijevi za savr\u0161eno oblikovano pro\u0161irenje ugra\u0111eno LED svjetlo\"><span class=\"Y2IQFc\" lang=\"hr\"> ergonomska ru\u010dka <\/span><\/li>\n<li class=\"tw-data-text tw-text-large tw-ta\" dir=\"ltr\" tabindex=\"-1\" role=\"text\" data-placeholder=\"Prijevod\" data-ved=\"2ahUKEwjovrCztN-PAxXt0AIHHfhIAOMQ3ewLegQICxAV\" aria-label=\"Prevedeni tekst: VALUE be\u017ei\u010dni alat za pro\u0161irenje predstavlja potpuno novi standard u ovoj kategoriji alata. Nudi kvalitetu i prakti\u010dnost koja prije nije bila dostupna u instalaciji i odr\u017eavanju HVACR sustava. Klju\u010dne zna\u010dajke: ergonomska ru\u010dka upravljanje jednim gumbom jednostavno i brzo pro\u0161irenje ograni\u010dava\u010d polo\u017eaja cijevi za savr\u0161eno oblikovano pro\u0161irenje ugra\u0111eno LED svjetlo\"><span class=\"Y2IQFc\" lang=\"hr\">upravljanje jednim gumbom<\/span><\/li>\n<li class=\"tw-data-text tw-text-large tw-ta\" dir=\"ltr\" tabindex=\"-1\" role=\"text\" data-placeholder=\"Prijevod\" data-ved=\"2ahUKEwjovrCztN-PAxXt0AIHHfhIAOMQ3ewLegQICxAV\" aria-label=\"Prevedeni tekst: VALUE be\u017ei\u010dni alat za pro\u0161irenje predstavlja potpuno novi standard u ovoj kategoriji alata. Nudi kvalitetu i prakti\u010dnost koja prije nije bila dostupna u instalaciji i odr\u017eavanju HVACR sustava. Klju\u010dne zna\u010dajke: ergonomska ru\u010dka upravljanje jednim gumbom jednostavno i brzo pro\u0161irenje ograni\u010dava\u010d polo\u017eaja cijevi za savr\u0161eno oblikovano pro\u0161irenje ugra\u0111eno LED svjetlo\"><span class=\"Y2IQFc\" lang=\"hr\"> jednostavno i brzo pro\u0161irenje ograni\u010dava polo\u017eaja cijevi za savr\u0161eno oblikovano pro\u0161irenje <\/span><\/li>\n<li class=\"tw-data-text tw-text-large tw-ta\" dir=\"ltr\" tabindex=\"-1\" role=\"text\" data-placeholder=\"Prijevod\" data-ved=\"2ahUKEwjovrCztN-PAxXt0AIHHfhIAOMQ3ewLegQICxAV\" aria-label=\"Prevedeni tekst: VALUE be\u017ei\u010dni alat za pro\u0161irenje predstavlja potpuno novi standard u ovoj kategoriji alata. Nudi kvalitetu i prakti\u010dnost koja prije nije bila dostupna u instalaciji i odr\u017eavanju HVACR sustava. Klju\u010dne zna\u010dajke: ergonomska ru\u010dka upravljanje jednim gumbom jednostavno i brzo pro\u0161irenje ograni\u010dava\u010d polo\u017eaja cijevi za savr\u0161eno oblikovano pro\u0161irenje ugra\u0111eno LED svjetlo\"><span class=\"Y2IQFc\" lang=\"hr\">ugra\u0111eno LED svjetlo<\/span><\/li>\n<\/ul>\n<p><a href=\"https:\/\/valuealati.servis-jelic.hr\/wp-content\/uploads\/2025\/09\/Upustvo-za-VET-19Li_250811_124808.pdf\">Upustvo za VET-19Li_250811_124808<\/a> <a href=\"https:\/\/valuealati.servis-jelic.hr\/wp-content\/uploads\/2025\/09\/Test-of-conformity-VET-19Li.pdf\">Test of conformity VET-19Li<\/a><\/p>\n","protected":false},"excerpt":{"rendered":"<p>VALUE akumulatorski alat za pro\u0161irenje predstavlja potpuno novi standard u ovoj kategoriji alata. Nudi kvalitetu i prakti\u010dnost koja prije nije bila dostupna u instalaciji i odr\u017eavanju HVACR sustava. Klju\u010dne zna\u010dajke: ergonomska ru\u010dka upravljanje jednim gumbom jednostavno i brzo pro\u0161irenje ograni\u010dava polo\u017eaja cijevi za savr\u0161eno oblikovano pro\u0161irenje ugra\u0111eno LED svjetlo Upustvo za VET-19Li_250811_124808 Test of conformity [&hellip;]<\/p>\n","protected":false},"featured_media":7815,"comment_status":"open","ping_status":"closed","template":"..\/public\/views\/revslider-page-template.php","meta":[],"product_brand":[20],"product_cat":[189],"product_tag":[212,213],"class_list":{"0":"post-7806","1":"product","2":"type-product","3":"status-publish","4":"has-post-thumbnail","6":"product_brand-value","7":"product_cat-alati-za-pertlovanje","8":"product_tag-alati","9":"product_tag-pertlovanje","11":"first","12":"instock","13":"sale","14":"shipping-taxable","15":"purchasable","16":"product-type-simple"},"jetpack_sharing_enabled":true,"_links":{"self":[{"href":"https:\/\/valuealati.servis-jelic.hr\/index.php\/wp-json\/wp\/v2\/product\/7806","targetHints":{"allow":["GET"]}}],"collection":[{"href":"https:\/\/valuealati.servis-jelic.hr\/index.php\/wp-json\/wp\/v2\/product"}],"about":[{"href":"https:\/\/valuealati.servis-jelic.hr\/index.php\/wp-json\/wp\/v2\/types\/product"}],"replies":[{"embeddable":true,"href":"https:\/\/valuealati.servis-jelic.hr\/index.php\/wp-json\/wp\/v2\/comments?post=7806"}],"wp:featuredmedia":[{"embeddable":true,"href":"https:\/\/valuealati.servis-jelic.hr\/index.php\/wp-json\/wp\/v2\/media\/7815"}],"wp:attachment":[{"href":"https:\/\/valuealati.servis-jelic.hr\/index.php\/wp-json\/wp\/v2\/media?parent=7806"}],"wp:term":[{"taxonomy":"product_brand","embeddable":true,"href":"https:\/\/valuealati.servis-jelic.hr\/index.php\/wp-json\/wp\/v2\/product_brand?post=7806"},{"taxonomy":"product_cat","embeddable":true,"href":"https:\/\/valuealati.servis-jelic.hr\/index.php\/wp-json\/wp\/v2\/product_cat?post=7806"},{"taxonomy":"product_tag","embeddable":true,"href":"https:\/\/valuealati.servis-jelic.hr\/index.php\/wp-json\/wp\/v2\/product_tag?post=7806"}],"curies":[{"name":"wp","href":"https:\/\/api.w.org\/{rel}","templated":true}]}}