{"id":7816,"date":"2025-09-17T12:21:49","date_gmt":"2025-09-17T12:21:49","guid":{"rendered":"https:\/\/valuealati.servis-jelic.hr\/?post_type=product&#038;p=7816"},"modified":"2025-10-16T11:33:33","modified_gmt":"2025-10-16T11:33:33","slug":"alat-za-pertlovanje-value-vft808u-i","status":"publish","type":"product","link":"https:\/\/valuealati.servis-jelic.hr\/index.php\/proizvod\/alat-za-pertlovanje-value-vft808u-i\/","title":{"rendered":"Alat za pertlovanje VALUE VFT808U-I"},"content":{"rendered":"<p>Alat za pertlanje Value VFT-808U-I\u00a0predstavlja\u00a0vrhunski izbor za sve profesionalce u HVAC industriji, vodoinstalaterima\u00a0i tehni\u010darima koji tra\u017ee pouzdan i precizan alat za obradu bakrenih cijevi.<\/p>\n<p>Glavne zna\u010dajke:<\/p>\n<ul>\n<li>Alat omogu\u0107ava proizvodnju pertli pod kutom od 45\u00b0<\/li>\n<li>grani\u010dnik<\/li>\n<li>PVC kofer<\/li>\n<\/ul>\n","protected":false},"excerpt":{"rendered":"<p>Alat za pertlanje Value VFT-808U-I\u00a0predstavlja\u00a0vrhunski izbor za sve profesionalce u HVAC industriji, vodoinstalaterima\u00a0i tehni\u010darima koji tra\u017ee pouzdan i precizan alat za obradu bakrenih cijevi. Glavne zna\u010dajke: Alat omogu\u0107ava proizvodnju pertli pod kutom od 45\u00b0 grani\u010dnik PVC kofer<\/p>\n","protected":false},"featured_media":7817,"comment_status":"open","ping_status":"closed","template":"","meta":[],"product_brand":[20],"product_cat":[189],"product_tag":[],"class_list":{"0":"post-7816","1":"product","2":"type-product","3":"status-publish","4":"has-post-thumbnail","6":"product_brand-value","7":"product_cat-alati-za-pertlovanje","9":"first","10":"instock","11":"sale","12":"shipping-taxable","13":"purchasable","14":"product-type-simple"},"jetpack_sharing_enabled":true,"_links":{"self":[{"href":"https:\/\/valuealati.servis-jelic.hr\/index.php\/wp-json\/wp\/v2\/product\/7816","targetHints":{"allow":["GET"]}}],"collection":[{"href":"https:\/\/valuealati.servis-jelic.hr\/index.php\/wp-json\/wp\/v2\/product"}],"about":[{"href":"https:\/\/valuealati.servis-jelic.hr\/index.php\/wp-json\/wp\/v2\/types\/product"}],"replies":[{"embeddable":true,"href":"https:\/\/valuealati.servis-jelic.hr\/index.php\/wp-json\/wp\/v2\/comments?post=7816"}],"wp:featuredmedia":[{"embeddable":true,"href":"https:\/\/valuealati.servis-jelic.hr\/index.php\/wp-json\/wp\/v2\/media\/7817"}],"wp:attachment":[{"href":"https:\/\/valuealati.servis-jelic.hr\/index.php\/wp-json\/wp\/v2\/media?parent=7816"}],"wp:term":[{"taxonomy":"product_brand","embeddable":true,"href":"https:\/\/valuealati.servis-jelic.hr\/index.php\/wp-json\/wp\/v2\/product_brand?post=7816"},{"taxonomy":"product_cat","embeddable":true,"href":"https:\/\/valuealati.servis-jelic.hr\/index.php\/wp-json\/wp\/v2\/product_cat?post=7816"},{"taxonomy":"product_tag","embeddable":true,"href":"https:\/\/valuealati.servis-jelic.hr\/index.php\/wp-json\/wp\/v2\/product_tag?post=7816"}],"curies":[{"name":"wp","href":"https:\/\/api.w.org\/{rel}","templated":true}]}}