{"id":7826,"date":"2025-09-18T07:05:56","date_gmt":"2025-09-18T07:05:56","guid":{"rendered":"https:\/\/valuealati.servis-jelic.hr\/?post_type=product&#038;p=7826"},"modified":"2025-10-16T11:40:50","modified_gmt":"2025-10-16T11:40:50","slug":"alat-za-pertlovanje-value-vft808u-mi","status":"publish","type":"product","link":"https:\/\/valuealati.servis-jelic.hr\/index.php\/proizvod\/alat-za-pertlovanje-value-vft808u-mi\/","title":{"rendered":"Alat za pertlovanje VALUE VFT808U-MI"},"content":{"rendered":"<p><span class=\"Y2IQFc\" lang=\"hr\">Ru\u010dni alat za pro\u0161irenje VALUE s kojim mo\u017eete stvoriti precizne i izdr\u017eljive bakrene konuse. <\/span><\/p>\n<p><span class=\"Y2IQFc\" lang=\"hr\">Glavne zna\u010dajke:\u00a0<\/span><\/p>\n<ul>\n<li><span class=\"Y2IQFc\" lang=\"hr\">stvara pro\u0161irenja od 45\u00ba<\/span><\/li>\n<li><span class=\"Y2IQFc\" lang=\"hr\">milimetarske i colne cijevi<\/span><\/li>\n<li><span class=\"Y2IQFc\" lang=\"hr\"> kaljeni dizajn elemenata, \u0161irok raspon upotrebe\u00a0 te jednostavan za kori\u0161tenje <\/span><\/li>\n<li><span class=\"Y2IQFc\" lang=\"hr\">opremljen pomi\u010dnim grani\u010dnikom koji jam\u010di precizno \u0161irenje bakra na odgovaraju\u0107u veli\u010dinu <\/span><\/li>\n<\/ul>\n","protected":false},"excerpt":{"rendered":"<p>Ru\u010dni alat za pro\u0161irenje VALUE s kojim mo\u017eete stvoriti precizne i izdr\u017eljive bakrene konuse. Glavne zna\u010dajke:\u00a0 stvara pro\u0161irenja od 45\u00ba milimetarske i colne cijevi kaljeni dizajn elemenata, \u0161irok raspon upotrebe\u00a0 te jednostavan za kori\u0161tenje opremljen pomi\u010dnim grani\u010dnikom koji jam\u010di precizno \u0161irenje bakra na odgovaraju\u0107u veli\u010dinu<\/p>\n","protected":false},"featured_media":7827,"comment_status":"open","ping_status":"closed","template":"","meta":[],"product_brand":[20],"product_cat":[189],"product_tag":[],"class_list":{"0":"post-7826","1":"product","2":"type-product","3":"status-publish","4":"has-post-thumbnail","6":"product_brand-value","7":"product_cat-alati-za-pertlovanje","9":"first","10":"instock","11":"sale","12":"shipping-taxable","13":"purchasable","14":"product-type-simple"},"jetpack_sharing_enabled":true,"_links":{"self":[{"href":"https:\/\/valuealati.servis-jelic.hr\/index.php\/wp-json\/wp\/v2\/product\/7826","targetHints":{"allow":["GET"]}}],"collection":[{"href":"https:\/\/valuealati.servis-jelic.hr\/index.php\/wp-json\/wp\/v2\/product"}],"about":[{"href":"https:\/\/valuealati.servis-jelic.hr\/index.php\/wp-json\/wp\/v2\/types\/product"}],"replies":[{"embeddable":true,"href":"https:\/\/valuealati.servis-jelic.hr\/index.php\/wp-json\/wp\/v2\/comments?post=7826"}],"wp:featuredmedia":[{"embeddable":true,"href":"https:\/\/valuealati.servis-jelic.hr\/index.php\/wp-json\/wp\/v2\/media\/7827"}],"wp:attachment":[{"href":"https:\/\/valuealati.servis-jelic.hr\/index.php\/wp-json\/wp\/v2\/media?parent=7826"}],"wp:term":[{"taxonomy":"product_brand","embeddable":true,"href":"https:\/\/valuealati.servis-jelic.hr\/index.php\/wp-json\/wp\/v2\/product_brand?post=7826"},{"taxonomy":"product_cat","embeddable":true,"href":"https:\/\/valuealati.servis-jelic.hr\/index.php\/wp-json\/wp\/v2\/product_cat?post=7826"},{"taxonomy":"product_tag","embeddable":true,"href":"https:\/\/valuealati.servis-jelic.hr\/index.php\/wp-json\/wp\/v2\/product_tag?post=7826"}],"curies":[{"name":"wp","href":"https:\/\/api.w.org\/{rel}","templated":true}]}}