{"id":7830,"date":"2025-09-18T07:17:27","date_gmt":"2025-09-18T07:17:27","guid":{"rendered":"https:\/\/valuealati.servis-jelic.hr\/?post_type=product&#038;p=7830"},"modified":"2025-09-22T06:23:25","modified_gmt":"2025-09-22T06:23:25","slug":"alat-za-pertlovanje-value-vft808e-mi","status":"publish","type":"product","link":"https:\/\/valuealati.servis-jelic.hr\/index.php\/proizvod\/alat-za-pertlovanje-value-vft808e-mi\/","title":{"rendered":"Alat za pertlovanje VALUE VFT808E-MI"},"content":{"rendered":"<p><span class=\"Y2IQFc\" lang=\"hr\">Ru\u010dni alat za pro\u0161irenje VALUE omogu\u0107uje izradu preciznih i izdr\u017eljivih pro\u0161irenja. Inovativni sustav omogu\u0107uje izradu pro\u0161irenja uz pomo\u0107 bu\u0161ilice. <\/span><\/p>\n<ul>\n<li><span class=\"Y2IQFc\" lang=\"hr\">Glavne zna\u010dajke: <\/span><\/li>\n<li><span class=\"Y2IQFc\" lang=\"hr\">izrada pro\u0161irenja od 45\u00b0, <\/span><\/li>\n<li><span class=\"Y2IQFc\" lang=\"hr\">dostupno u metri\u010dkim ili imperijalnim skalama izdr\u017eljiva, <\/span><\/li>\n<li><span class=\"Y2IQFc\" lang=\"hr\">kaljena konstrukcija komponenti \u0161irok raspon primjena jednostavan za kori\u0161tenje opremljen pomi\u010dnim grani\u010dnikom kako bi se osiguralo pro\u0161irenje na ispravnu veli\u010dinu uti\u010dnica za pri\u010dvr\u0161\u0107ivanje alata za pro\u0161irenje jednostavno pro\u0161irenje, \u010dak i ru\u010dno bez bu\u0161ilice<\/span><\/li>\n<\/ul>\n<p>&nbsp;<\/p>\n<ul>\n<li><span class=\"Y2IQFc\" lang=\"hr\">Tehni\u010dki podaci:<\/span><\/li>\n<li><span class=\"Y2IQFc\" lang=\"hr\">Dimenzija cijevi 1\/4&#8243;, 5\/16&#8243;, 3\/8&#8243;, 1\/2&#8243;, 5\/8&#8243;, 3\/4&#8243; 6, 8, 10, 12, 16, 19 mm <\/span><\/li>\n<li><span class=\"Y2IQFc\" lang=\"hr\">Primjena: bakrene cijevi <\/span><\/li>\n<li><span class=\"Y2IQFc\" lang=\"hr\">Grani\u010dnik cijevi na \u0161ini: da <\/span><\/li>\n<li><span class=\"Y2IQFc\" lang=\"hr\">Dimenzije: 119 &#8211; 136 x 123 x 45 mm <\/span><\/li>\n<li><span class=\"Y2IQFc\" lang=\"hr\">Te\u017eina: 1,3 kg <\/span><\/li>\n<li><span class=\"Y2IQFc\" lang=\"hr\">Pakiranje: plasti\u010dna kutija<\/span><\/li>\n<\/ul>\n","protected":false},"excerpt":{"rendered":"<p>Ru\u010dni alat za pro\u0161irenje VALUE omogu\u0107uje izradu preciznih i izdr\u017eljivih pro\u0161irenja. Inovativni sustav omogu\u0107uje izradu pro\u0161irenja uz pomo\u0107 bu\u0161ilice. Glavne zna\u010dajke: izrada pro\u0161irenja od 45\u00b0, dostupno u metri\u010dkim ili imperijalnim skalama izdr\u017eljiva, kaljena konstrukcija komponenti \u0161irok raspon primjena jednostavan za kori\u0161tenje opremljen pomi\u010dnim grani\u010dnikom kako bi se osiguralo pro\u0161irenje na ispravnu veli\u010dinu uti\u010dnica za pri\u010dvr\u0161\u0107ivanje [&hellip;]<\/p>\n","protected":false},"featured_media":7831,"comment_status":"open","ping_status":"closed","template":"","meta":[],"product_brand":[20],"product_cat":[189],"product_tag":[],"class_list":{"0":"post-7830","1":"product","2":"type-product","3":"status-publish","4":"has-post-thumbnail","6":"product_brand-value","7":"product_cat-alati-za-pertlovanje","9":"first","10":"instock","11":"sale","12":"shipping-taxable","13":"purchasable","14":"product-type-simple"},"jetpack_sharing_enabled":true,"_links":{"self":[{"href":"https:\/\/valuealati.servis-jelic.hr\/index.php\/wp-json\/wp\/v2\/product\/7830","targetHints":{"allow":["GET"]}}],"collection":[{"href":"https:\/\/valuealati.servis-jelic.hr\/index.php\/wp-json\/wp\/v2\/product"}],"about":[{"href":"https:\/\/valuealati.servis-jelic.hr\/index.php\/wp-json\/wp\/v2\/types\/product"}],"replies":[{"embeddable":true,"href":"https:\/\/valuealati.servis-jelic.hr\/index.php\/wp-json\/wp\/v2\/comments?post=7830"}],"wp:featuredmedia":[{"embeddable":true,"href":"https:\/\/valuealati.servis-jelic.hr\/index.php\/wp-json\/wp\/v2\/media\/7831"}],"wp:attachment":[{"href":"https:\/\/valuealati.servis-jelic.hr\/index.php\/wp-json\/wp\/v2\/media?parent=7830"}],"wp:term":[{"taxonomy":"product_brand","embeddable":true,"href":"https:\/\/valuealati.servis-jelic.hr\/index.php\/wp-json\/wp\/v2\/product_brand?post=7830"},{"taxonomy":"product_cat","embeddable":true,"href":"https:\/\/valuealati.servis-jelic.hr\/index.php\/wp-json\/wp\/v2\/product_cat?post=7830"},{"taxonomy":"product_tag","embeddable":true,"href":"https:\/\/valuealati.servis-jelic.hr\/index.php\/wp-json\/wp\/v2\/product_tag?post=7830"}],"curies":[{"name":"wp","href":"https:\/\/api.w.org\/{rel}","templated":true}]}}