{"id":7840,"date":"2025-09-18T10:21:35","date_gmt":"2025-09-18T10:21:35","guid":{"rendered":"https:\/\/valuealati.servis-jelic.hr\/?post_type=product&#038;p=7840"},"modified":"2025-09-18T10:21:36","modified_gmt":"2025-09-18T10:21:36","slug":"alat-za-pertlovanje-vft808l-in","status":"publish","type":"product","link":"https:\/\/valuealati.servis-jelic.hr\/index.php\/proizvod\/alat-za-pertlovanje-vft808l-in\/","title":{"rendered":"Alat za pertlovanje VFT808L-IN"},"content":{"rendered":"<p><span class=\"Y2IQFc\" lang=\"hr\">Ru\u010dni alat za pro\u0161irenje VALUE koji vam omogu\u0107uje stvaranje preciznih i izdr\u017eljivih pro\u0161irenja.<br \/>\n<\/span><\/p>\n<p><span class=\"Y2IQFc\" lang=\"hr\">Glavne zna\u010dajke: <\/span><\/p>\n<ul>\n<li><span class=\"Y2IQFc\" lang=\"hr\">stvara pro\u0161irenja od 45\u00b0, <\/span><\/li>\n<li><span class=\"Y2IQFc\" lang=\"hr\">dostupno u metri\u010dkim i imperijalnim skalama izdr\u017eljiva,<\/span><\/li>\n<li><span class=\"Y2IQFc\" lang=\"hr\"> kaljena konstrukcija \u0161irok raspon primjena, jednostavan za kori\u0161tenje<br \/>\n<\/span><\/li>\n<li id=\"tw-target-text\" class=\"tw-data-text tw-text-large tw-ta\" dir=\"ltr\" tabindex=\"-1\" role=\"text\" data-placeholder=\"Prijevod\" data-ved=\"2ahUKEwjr2au33uGPAxU-2AIHHeMrCgAQ3ewLegQIDBAV\" aria-label=\"Prevedeni tekst: Promjer cijevi 1\/4&quot;, 5\/16&quot;, 3\/8&quot;, 1\/2&quot;, 5\/8&quot;, 3\/4&quot;\nPrimjena: meke bakrene cijevi\nGrani\u010dnik cijevi na \u0161ini: ne\nDimenzije: 119 - 136 x 123 x 45 mm\nTe\u017eina: 1,3 kg\nPakiranje: blister\"><span class=\"Y2IQFc\" lang=\"hr\">Promjer cijevi 1\/4&#8243;, 5\/16&#8243;, 3\/8&#8243;, 1\/2&#8243;, 5\/8&#8243;, 3\/4&#8243;<\/span><\/li>\n<li class=\"tw-data-text tw-text-large tw-ta\" dir=\"ltr\" tabindex=\"-1\" role=\"text\" data-placeholder=\"Prijevod\" data-ved=\"2ahUKEwjr2au33uGPAxU-2AIHHeMrCgAQ3ewLegQIDBAV\" aria-label=\"Prevedeni tekst: Promjer cijevi 1\/4&quot;, 5\/16&quot;, 3\/8&quot;, 1\/2&quot;, 5\/8&quot;, 3\/4&quot;\nPrimjena: meke bakrene cijevi\nGrani\u010dnik cijevi na \u0161ini: ne\nDimenzije: 119 - 136 x 123 x 45 mm\nTe\u017eina: 1,3 kg\nPakiranje: blister\"><span class=\"Y2IQFc\" lang=\"hr\">Primjena: meke bakrene cijevi <\/span><\/li>\n<li class=\"tw-data-text tw-text-large tw-ta\" dir=\"ltr\" tabindex=\"-1\" role=\"text\" data-placeholder=\"Prijevod\" data-ved=\"2ahUKEwjr2au33uGPAxU-2AIHHeMrCgAQ3ewLegQIDBAV\" aria-label=\"Prevedeni tekst: Promjer cijevi 1\/4&quot;, 5\/16&quot;, 3\/8&quot;, 1\/2&quot;, 5\/8&quot;, 3\/4&quot;\nPrimjena: meke bakrene cijevi\nGrani\u010dnik cijevi na \u0161ini: ne\nDimenzije: 119 - 136 x 123 x 45 mm\nTe\u017eina: 1,3 kg\nPakiranje: blister\"><span class=\"Y2IQFc\" lang=\"hr\">Grani\u010dnik cijevi na \u0161ini: ne<\/span><\/li>\n<li class=\"tw-data-text tw-text-large tw-ta\" dir=\"ltr\" tabindex=\"-1\" role=\"text\" data-placeholder=\"Prijevod\" data-ved=\"2ahUKEwjr2au33uGPAxU-2AIHHeMrCgAQ3ewLegQIDBAV\" aria-label=\"Prevedeni tekst: Promjer cijevi 1\/4&quot;, 5\/16&quot;, 3\/8&quot;, 1\/2&quot;, 5\/8&quot;, 3\/4&quot;\nPrimjena: meke bakrene cijevi\nGrani\u010dnik cijevi na \u0161ini: ne\nDimenzije: 119 - 136 x 123 x 45 mm\nTe\u017eina: 1,3 kg\nPakiranje: blister\"><span class=\"Y2IQFc\" lang=\"hr\">Dimenzije: 119 &#8211; 136 x 123 x 45 mm<\/span><\/li>\n<li class=\"tw-data-text tw-text-large tw-ta\" dir=\"ltr\" tabindex=\"-1\" role=\"text\" data-placeholder=\"Prijevod\" data-ved=\"2ahUKEwjr2au33uGPAxU-2AIHHeMrCgAQ3ewLegQIDBAV\" aria-label=\"Prevedeni tekst: Promjer cijevi 1\/4&quot;, 5\/16&quot;, 3\/8&quot;, 1\/2&quot;, 5\/8&quot;, 3\/4&quot;\nPrimjena: meke bakrene cijevi\nGrani\u010dnik cijevi na \u0161ini: ne\nDimenzije: 119 - 136 x 123 x 45 mm\nTe\u017eina: 1,3 kg\nPakiranje: blister\"><span class=\"Y2IQFc\" lang=\"hr\">Te\u017eina: 1,3 kg <\/span><\/li>\n<li class=\"tw-data-text tw-text-large tw-ta\" dir=\"ltr\" tabindex=\"-1\" role=\"text\" data-placeholder=\"Prijevod\" data-ved=\"2ahUKEwjr2au33uGPAxU-2AIHHeMrCgAQ3ewLegQIDBAV\" aria-label=\"Prevedeni tekst: Promjer cijevi 1\/4&quot;, 5\/16&quot;, 3\/8&quot;, 1\/2&quot;, 5\/8&quot;, 3\/4&quot;\nPrimjena: meke bakrene cijevi\nGrani\u010dnik cijevi na \u0161ini: ne\nDimenzije: 119 - 136 x 123 x 45 mm\nTe\u017eina: 1,3 kg\nPakiranje: blister\"><span class=\"Y2IQFc\" lang=\"hr\">Pakiranje: blister<\/span><\/li>\n<\/ul>\n<pre id=\"tw-target-text\" class=\"tw-data-text tw-text-large tw-ta\" dir=\"ltr\" tabindex=\"-1\" role=\"text\" data-placeholder=\"Prijevod\" data-ved=\"2ahUKEwjr2au33uGPAxU-2AIHHeMrCgAQ3ewLegQIDBAV\" aria-label=\"Prevedeni tekst: Ru\u010dni alat za pro\u0161irenje VALUE koji vam omogu\u0107uje stvaranje preciznih i izdr\u017eljivih pro\u0161irenja.\r\n\r\nGlavne zna\u010dajke:\r\n\r\nstvara pro\u0161irenja od 45\u00b0, dostupna u metri\u010dkim i imperijalnim skalama\r\nizdr\u017eljiva, kaljena konstrukcija\r\n\u0161irok raspon primjena\r\njednostavan za kori\u0161tenje\"><\/pre>\n","protected":false},"excerpt":{"rendered":"<p>Ru\u010dni alat za pro\u0161irenje VALUE koji vam omogu\u0107uje stvaranje preciznih i izdr\u017eljivih pro\u0161irenja. Glavne zna\u010dajke: stvara pro\u0161irenja od 45\u00b0, dostupno u metri\u010dkim i imperijalnim skalama izdr\u017eljiva, kaljena konstrukcija \u0161irok raspon primjena, jednostavan za kori\u0161tenje Promjer cijevi 1\/4&#8243;, 5\/16&#8243;, 3\/8&#8243;, 1\/2&#8243;, 5\/8&#8243;, 3\/4&#8243; Primjena: meke bakrene cijevi Grani\u010dnik cijevi na \u0161ini: ne Dimenzije: 119 &#8211; 136 [&hellip;]<\/p>\n","protected":false},"featured_media":7841,"comment_status":"open","ping_status":"closed","template":"","meta":[],"product_brand":[20],"product_cat":[189],"product_tag":[],"class_list":{"0":"post-7840","1":"product","2":"type-product","3":"status-publish","4":"has-post-thumbnail","6":"product_brand-value","7":"product_cat-alati-za-pertlovanje","9":"first","10":"instock","11":"sale","12":"shipping-taxable","13":"purchasable","14":"product-type-simple"},"jetpack_sharing_enabled":true,"_links":{"self":[{"href":"https:\/\/valuealati.servis-jelic.hr\/index.php\/wp-json\/wp\/v2\/product\/7840","targetHints":{"allow":["GET"]}}],"collection":[{"href":"https:\/\/valuealati.servis-jelic.hr\/index.php\/wp-json\/wp\/v2\/product"}],"about":[{"href":"https:\/\/valuealati.servis-jelic.hr\/index.php\/wp-json\/wp\/v2\/types\/product"}],"replies":[{"embeddable":true,"href":"https:\/\/valuealati.servis-jelic.hr\/index.php\/wp-json\/wp\/v2\/comments?post=7840"}],"wp:featuredmedia":[{"embeddable":true,"href":"https:\/\/valuealati.servis-jelic.hr\/index.php\/wp-json\/wp\/v2\/media\/7841"}],"wp:attachment":[{"href":"https:\/\/valuealati.servis-jelic.hr\/index.php\/wp-json\/wp\/v2\/media?parent=7840"}],"wp:term":[{"taxonomy":"product_brand","embeddable":true,"href":"https:\/\/valuealati.servis-jelic.hr\/index.php\/wp-json\/wp\/v2\/product_brand?post=7840"},{"taxonomy":"product_cat","embeddable":true,"href":"https:\/\/valuealati.servis-jelic.hr\/index.php\/wp-json\/wp\/v2\/product_cat?post=7840"},{"taxonomy":"product_tag","embeddable":true,"href":"https:\/\/valuealati.servis-jelic.hr\/index.php\/wp-json\/wp\/v2\/product_tag?post=7840"}],"curies":[{"name":"wp","href":"https:\/\/api.w.org\/{rel}","templated":true}]}}