{"id":7854,"date":"2025-09-22T10:53:31","date_gmt":"2025-09-22T10:53:31","guid":{"rendered":"https:\/\/valuealati.servis-jelic.hr\/?post_type=product&#038;p=7854"},"modified":"2026-02-06T08:35:37","modified_gmt":"2026-02-06T08:35:37","slug":"rekuperator-value-vrr12n-r32","status":"publish","type":"product","link":"https:\/\/valuealati.servis-jelic.hr\/index.php\/proizvod\/rekuperator-value-vrr12n-r32\/","title":{"rendered":"Rekuperator VALUE VRR24LOS"},"content":{"rendered":"<p>Jedinica za obnavljanje rashladnog sredstva VALUE koristi se za obnavljanje rashladnog sredstva HFC i HCFC.<\/p>\n<p><span class=\"Y2IQFc\" lang=\"hr\">Glavne zna\u010dajke:<\/span><\/p>\n<ul>\n<li class=\"tw-data-text tw-text-large tw-ta\" dir=\"ltr\" tabindex=\"-1\" role=\"text\" data-placeholder=\"Prijevod\" data-ved=\"2ahUKEwjpnveP5euPAxU8_7sIHQv7K38Q3ewLegQICxAV\" aria-label=\"Prevedeni tekst: Jedinica za obnavljanje rashladnog sredstva VALUE koristi se za obnavljanje rashladnog sredstva HFC i HCFC. Glavne zna\u010dajke: brzo obnavljanje rashladnog sredstva mala prakti\u010dna jedinica za obnavljanje opremljena manometrom visokog i niskog tlaka ru\u010dno resetiranje jedna tipka za jednostavno rukovanje crijevo za O.F.P. koristi se za spajanje sa senzorom prepunjenosti boca.\"><span class=\"Y2IQFc\" lang=\"hr\">brzo obnavljanje rashladnog sredstva <\/span><\/li>\n<li class=\"tw-data-text tw-text-large tw-ta\" dir=\"ltr\" tabindex=\"-1\" role=\"text\" data-placeholder=\"Prijevod\" data-ved=\"2ahUKEwjpnveP5euPAxU8_7sIHQv7K38Q3ewLegQICxAV\" aria-label=\"Prevedeni tekst: Jedinica za obnavljanje rashladnog sredstva VALUE koristi se za obnavljanje rashladnog sredstva HFC i HCFC. Glavne zna\u010dajke: brzo obnavljanje rashladnog sredstva mala prakti\u010dna jedinica za obnavljanje opremljena manometrom visokog i niskog tlaka ru\u010dno resetiranje jedna tipka za jednostavno rukovanje crijevo za O.F.P. koristi se za spajanje sa senzorom prepunjenosti boca.\"><span class=\"Y2IQFc\" lang=\"hr\">mala prakti\u010dna jedinica za obnavljanje opremljena manometrom visokog i niskog tlaka<\/span><\/li>\n<li class=\"tw-data-text tw-text-large tw-ta\" dir=\"ltr\" tabindex=\"-1\" role=\"text\" data-placeholder=\"Prijevod\" data-ved=\"2ahUKEwjpnveP5euPAxU8_7sIHQv7K38Q3ewLegQICxAV\" aria-label=\"Prevedeni tekst: Jedinica za obnavljanje rashladnog sredstva VALUE koristi se za obnavljanje rashladnog sredstva HFC i HCFC. Glavne zna\u010dajke: brzo obnavljanje rashladnog sredstva mala prakti\u010dna jedinica za obnavljanje opremljena manometrom visokog i niskog tlaka ru\u010dno resetiranje jedna tipka za jednostavno rukovanje crijevo za O.F.P. koristi se za spajanje sa senzorom prepunjenosti boca.\"><span class=\"Y2IQFc\" lang=\"hr\">ru\u010dno resetiranje<\/span><\/li>\n<li class=\"tw-data-text tw-text-large tw-ta\" dir=\"ltr\" tabindex=\"-1\" role=\"text\" data-placeholder=\"Prijevod\" data-ved=\"2ahUKEwjpnveP5euPAxU8_7sIHQv7K38Q3ewLegQICxAV\" aria-label=\"Prevedeni tekst: Jedinica za obnavljanje rashladnog sredstva VALUE koristi se za obnavljanje rashladnog sredstva HFC i HCFC. Glavne zna\u010dajke: brzo obnavljanje rashladnog sredstva mala prakti\u010dna jedinica za obnavljanje opremljena manometrom visokog i niskog tlaka ru\u010dno resetiranje jedna tipka za jednostavno rukovanje crijevo za O.F.P. koristi se za spajanje sa senzorom prepunjenosti boca.\"><span class=\"Y2IQFc\" lang=\"hr\">jedna tipka za jednostavno rukovanje <\/span><\/li>\n<li><span class=\"Y2IQFc\" lang=\"hr\">crijevo za O.F.P. koristi se za spajanje sa senzorom prepunjenosti boca.<\/span><\/li>\n<\/ul>\n","protected":false},"excerpt":{"rendered":"<p>Jedinica za obnavljanje rashladnog sredstva VALUE koristi se za obnavljanje rashladnog sredstva HFC i HCFC. Glavne zna\u010dajke: brzo obnavljanje rashladnog sredstva mala prakti\u010dna jedinica za obnavljanje opremljena manometrom visokog i niskog tlaka ru\u010dno resetiranje jedna tipka za jednostavno rukovanje crijevo za O.F.P. koristi se za spajanje sa senzorom prepunjenosti boca.<\/p>\n","protected":false},"featured_media":7864,"comment_status":"open","ping_status":"closed","template":"","meta":[],"product_brand":[20],"product_cat":[18,23],"product_tag":[],"class_list":{"0":"post-7854","1":"product","2":"type-product","3":"status-publish","4":"has-post-thumbnail","6":"product_brand-value","7":"product_cat-uredaj-za-rekuperaciju-rashladnog-sredstva-value","8":"product_cat-sa-separatorom-ulja","10":"first","11":"instock","12":"sale","13":"shipping-taxable","14":"purchasable","15":"product-type-simple"},"jetpack_sharing_enabled":true,"_links":{"self":[{"href":"https:\/\/valuealati.servis-jelic.hr\/index.php\/wp-json\/wp\/v2\/product\/7854","targetHints":{"allow":["GET"]}}],"collection":[{"href":"https:\/\/valuealati.servis-jelic.hr\/index.php\/wp-json\/wp\/v2\/product"}],"about":[{"href":"https:\/\/valuealati.servis-jelic.hr\/index.php\/wp-json\/wp\/v2\/types\/product"}],"replies":[{"embeddable":true,"href":"https:\/\/valuealati.servis-jelic.hr\/index.php\/wp-json\/wp\/v2\/comments?post=7854"}],"wp:featuredmedia":[{"embeddable":true,"href":"https:\/\/valuealati.servis-jelic.hr\/index.php\/wp-json\/wp\/v2\/media\/7864"}],"wp:attachment":[{"href":"https:\/\/valuealati.servis-jelic.hr\/index.php\/wp-json\/wp\/v2\/media?parent=7854"}],"wp:term":[{"taxonomy":"product_brand","embeddable":true,"href":"https:\/\/valuealati.servis-jelic.hr\/index.php\/wp-json\/wp\/v2\/product_brand?post=7854"},{"taxonomy":"product_cat","embeddable":true,"href":"https:\/\/valuealati.servis-jelic.hr\/index.php\/wp-json\/wp\/v2\/product_cat?post=7854"},{"taxonomy":"product_tag","embeddable":true,"href":"https:\/\/valuealati.servis-jelic.hr\/index.php\/wp-json\/wp\/v2\/product_tag?post=7854"}],"curies":[{"name":"wp","href":"https:\/\/api.w.org\/{rel}","templated":true}]}}