{"id":7865,"date":"2025-09-22T13:21:33","date_gmt":"2025-09-22T13:21:33","guid":{"rendered":"https:\/\/valuealati.servis-jelic.hr\/?post_type=product&#038;p=7865"},"modified":"2025-10-16T11:18:33","modified_gmt":"2025-10-16T11:18:33","slug":"rekuperator-value-vrddf-r290","status":"publish","type":"product","link":"https:\/\/valuealati.servis-jelic.hr\/index.php\/proizvod\/rekuperator-value-vrddf-r290\/","title":{"rendered":"Rekuperator VALUE VRDDF R290"},"content":{"rendered":"<p><span class=\"Y2IQFc\" lang=\"hr\">Stanica za povrat VRDDF VALUE za zapaljive rashladne tvari koje se koriste za povrat HFC i HCFC rashladnih tvari, uklju\u010duju\u0107i A2L, A2 i A3. <\/span><\/p>\n<p><span class=\"Y2IQFc\" lang=\"hr\">Dizajnirana za, izme\u0111u ostalog, R32, R1234y, R600a, R290.<\/span><\/p>\n<p><span class=\"Y2IQFc\" lang=\"hr\">Potpuni popis rashladnih sredstava: R12, R134a, R401c, R500, R1234yf, R600, R22, R401a, R401b, R402b, R407c, R407d, R408a, R409a, R411a, R411b, R412a, R502, R509, R290, R402a, R404a, R407a, R407b, R410a, R507, R32, R507<\/span><\/p>\n<p><span class=\"Y2IQFc\" lang=\"hr\">Stanica ima tri na\u010dina rada: automatski, poluautomatski, ru\u010dni. Njihova upotreba ovisi o prirodi posla i izboru tehnike rada tehni\u010dara. Elektroni\u010dka stanica za rad je preciznija od mehani\u010dke i olak\u0161ava o\u010ditavanje radnih parametara.<\/span><\/p>\n<p><span class=\"Y2IQFc\" lang=\"hr\">Glavne zna\u010dajke su:<br \/>\n<\/span><\/p>\n<ul>\n<li><span class=\"Y2IQFc\" lang=\"hr\">\u00a0brzo obnavljanje rashladnog sredstva\u00a0<\/span><\/li>\n<li><span class=\"Y2IQFc\" lang=\"hr\">1 KS motor bez \u010detkica istosmjerne struje\u00a0<\/span><\/li>\n<li><span class=\"Y2IQFc\" lang=\"hr\">digitalni zaslon opremljen manometrom visokog i niskog tlaka\u00a0<\/span><\/li>\n<li><span class=\"Y2IQFc\" lang=\"hr\">funkcija automatskog \u010di\u0161\u0107enja\u00a0<\/span><\/li>\n<li><span class=\"Y2IQFc\" lang=\"hr\">jedan gumb za jednostavno rukovanje\u00a0<\/span><\/li>\n<li><span class=\"Y2IQFc\" lang=\"hr\">kompresor s 2 klipa O.F.P kabel se koristi za spajanje na cilindre opremljene senzorom prepunjenosti cilindra.\u00a0<\/span><\/li>\n<\/ul>\n<pre id=\"tw-target-text\" class=\"tw-data-text tw-text-large tw-ta\" dir=\"ltr\" tabindex=\"-1\" role=\"text\" data-placeholder=\"Prijevod\" data-ved=\"2ahUKEwjpnveP5euPAxU8_7sIHQv7K38Q3ewLegQICxAV\" aria-label=\"Prevedeni tekst: Stanica za povrat VRDDF VALUE za zapaljive rashladne tvari koje se koriste za povrat HFC i HCFC rashladnih tvari, uklju\u010duju\u0107i A2L, A2 i A3. Dizajnirana za, izme\u0111u ostalog, R32, R1234y, R600a, R290. Potpuni popis rashladnih sredstava: R12, R134a, R401c, R500, R1234yf, R600, R22, R401a, R401b, R402b, R407c, R407d, R408a, R409a, R411a, R411b, R412a, R502, R509, R290, R402a, R404a, R407a, R407b, R410a, R507, R32, R507 Stanica ima tri na\u010dina rada: automatski, poluautomatski, ru\u010dni. Njihova upotreba ovisi o prirodi posla i izboru tehnike rada tehni\u010dara. Elektroni\u010dka stanica za rad je preciznija od mehani\u010dke i olak\u0161ava o\u010ditavanje radnih parametara. Glavne zna\u010dajke su: - brzo obnavljanje rashladnog sredstva - 1 KS motor bez \u010detkica istosmjerne struje - digitalni zaslon opremljen manometrom visokog i niskog tlaka - funkcija automatskog \u010di\u0161\u0107enja - jedan gumb za jednostavno rukovanje - kompresor s 2 klipa O.F.P kabel se koristi za spajanje na cilindre opremljene senzorom prepunjenosti cilindra. Me\u0111utim, takvi cilindri ne postoje na poljskom tr\u017ei\u0161tu.\"><span class=\"Y2IQFc\" lang=\"hr\">\u00a0<\/span><\/pre>\n","protected":false},"excerpt":{"rendered":"<p>Stanica za povrat VRDDF VALUE za zapaljive rashladne tvari koje se koriste za povrat HFC i HCFC rashladnih tvari, uklju\u010duju\u0107i A2L, A2 i A3. Dizajnirana za, izme\u0111u ostalog, R32, R1234y, R600a, R290. Potpuni popis rashladnih sredstava: R12, R134a, R401c, R500, R1234yf, R600, R22, R401a, R401b, R402b, R407c, R407d, R408a, R409a, R411a, R411b, R412a, R502, R509, [&hellip;]<\/p>\n","protected":false},"featured_media":7867,"comment_status":"open","ping_status":"closed","template":"","meta":[],"product_brand":[20],"product_cat":[190,18],"product_tag":[],"class_list":{"0":"post-7865","1":"product","2":"type-product","3":"status-publish","4":"has-post-thumbnail","6":"product_brand-value","7":"product_cat-bez-separatora-ulja","8":"product_cat-uredaj-za-rekuperaciju-rashladnog-sredstva-value","10":"first","11":"instock","12":"sale","13":"shipping-taxable","14":"purchasable","15":"product-type-simple"},"jetpack_sharing_enabled":true,"_links":{"self":[{"href":"https:\/\/valuealati.servis-jelic.hr\/index.php\/wp-json\/wp\/v2\/product\/7865","targetHints":{"allow":["GET"]}}],"collection":[{"href":"https:\/\/valuealati.servis-jelic.hr\/index.php\/wp-json\/wp\/v2\/product"}],"about":[{"href":"https:\/\/valuealati.servis-jelic.hr\/index.php\/wp-json\/wp\/v2\/types\/product"}],"replies":[{"embeddable":true,"href":"https:\/\/valuealati.servis-jelic.hr\/index.php\/wp-json\/wp\/v2\/comments?post=7865"}],"wp:featuredmedia":[{"embeddable":true,"href":"https:\/\/valuealati.servis-jelic.hr\/index.php\/wp-json\/wp\/v2\/media\/7867"}],"wp:attachment":[{"href":"https:\/\/valuealati.servis-jelic.hr\/index.php\/wp-json\/wp\/v2\/media?parent=7865"}],"wp:term":[{"taxonomy":"product_brand","embeddable":true,"href":"https:\/\/valuealati.servis-jelic.hr\/index.php\/wp-json\/wp\/v2\/product_brand?post=7865"},{"taxonomy":"product_cat","embeddable":true,"href":"https:\/\/valuealati.servis-jelic.hr\/index.php\/wp-json\/wp\/v2\/product_cat?post=7865"},{"taxonomy":"product_tag","embeddable":true,"href":"https:\/\/valuealati.servis-jelic.hr\/index.php\/wp-json\/wp\/v2\/product_tag?post=7865"}],"curies":[{"name":"wp","href":"https:\/\/api.w.org\/{rel}","templated":true}]}}