{"id":7919,"date":"2025-09-24T12:38:17","date_gmt":"2025-09-24T12:38:17","guid":{"rendered":"https:\/\/valuealati.servis-jelic.hr\/?post_type=product&#038;p=7919"},"modified":"2026-03-02T08:24:50","modified_gmt":"2026-03-02T08:24:50","slug":"vakuum-pumpa-value-ve225n","status":"publish","type":"product","link":"https:\/\/valuealati.servis-jelic.hr\/index.php\/proizvod\/vakuum-pumpa-value-ve225n\/","title":{"rendered":"Vakuum pumpa VALUE VE225N"},"content":{"rendered":"<div>Ova Value vakuumska pumpa TF-VE225N SV odgovara propisanim standardima kvalitete, sigurnosti i eko-standarda.<\/div>\n<div><\/div>\n<div>Glavne zna\u010dajke:<\/div>\n<ul>\n<li>Vrijednost dvostupanjske vakuumske pumpe TF-VE215N<\/li>\n<li>izra\u0111ena je prema ISO 9001 &#8211; CE certifikatu i sukladna je Direktivi 2002\/95\/EC &#8211;<\/li>\n<li>Ograni\u010denje uporabe odre\u0111enih opasnih tvari u elektri\u010dnoj i elektroni\u010dkoj opremi (RoHS).<\/li>\n<\/ul>\n<p><a href=\"https:\/\/valuealati.servis-jelic.hr\/wp-content\/uploads\/2025\/09\/Certifikat-Value-pumpe.docx\">Certifikat Value pumpe<\/a><\/p>\n","protected":false},"excerpt":{"rendered":"<p>Ova Value vakuumska pumpa TF-VE225N SV odgovara propisanim standardima kvalitete, sigurnosti i eko-standarda. Glavne zna\u010dajke: Vrijednost dvostupanjske vakuumske pumpe TF-VE215N izra\u0111ena je prema ISO 9001 &#8211; CE certifikatu i sukladna je Direktivi 2002\/95\/EC &#8211; Ograni\u010denje uporabe odre\u0111enih opasnih tvari u elektri\u010dnoj i elektroni\u010dkoj opremi (RoHS). Certifikat Value pumpe<\/p>\n","protected":false},"featured_media":7920,"comment_status":"open","ping_status":"closed","template":"","meta":[],"product_brand":[20],"product_cat":[192,21],"product_tag":[],"class_list":{"0":"post-7919","1":"product","2":"type-product","3":"status-publish","4":"has-post-thumbnail","6":"product_brand-value","7":"product_cat-dvostupanjske-vakuum-pumpe","8":"product_cat-vakuum-pumpe","10":"first","11":"instock","12":"sale","13":"shipping-taxable","14":"purchasable","15":"product-type-simple"},"jetpack_sharing_enabled":true,"_links":{"self":[{"href":"https:\/\/valuealati.servis-jelic.hr\/index.php\/wp-json\/wp\/v2\/product\/7919","targetHints":{"allow":["GET"]}}],"collection":[{"href":"https:\/\/valuealati.servis-jelic.hr\/index.php\/wp-json\/wp\/v2\/product"}],"about":[{"href":"https:\/\/valuealati.servis-jelic.hr\/index.php\/wp-json\/wp\/v2\/types\/product"}],"replies":[{"embeddable":true,"href":"https:\/\/valuealati.servis-jelic.hr\/index.php\/wp-json\/wp\/v2\/comments?post=7919"}],"wp:featuredmedia":[{"embeddable":true,"href":"https:\/\/valuealati.servis-jelic.hr\/index.php\/wp-json\/wp\/v2\/media\/7920"}],"wp:attachment":[{"href":"https:\/\/valuealati.servis-jelic.hr\/index.php\/wp-json\/wp\/v2\/media?parent=7919"}],"wp:term":[{"taxonomy":"product_brand","embeddable":true,"href":"https:\/\/valuealati.servis-jelic.hr\/index.php\/wp-json\/wp\/v2\/product_brand?post=7919"},{"taxonomy":"product_cat","embeddable":true,"href":"https:\/\/valuealati.servis-jelic.hr\/index.php\/wp-json\/wp\/v2\/product_cat?post=7919"},{"taxonomy":"product_tag","embeddable":true,"href":"https:\/\/valuealati.servis-jelic.hr\/index.php\/wp-json\/wp\/v2\/product_tag?post=7919"}],"curies":[{"name":"wp","href":"https:\/\/api.w.org\/{rel}","templated":true}]}}