{"id":7926,"date":"2025-09-25T06:31:26","date_gmt":"2025-09-25T06:31:26","guid":{"rendered":"https:\/\/valuealati.servis-jelic.hr\/?post_type=product&#038;p=7926"},"modified":"2026-03-02T11:59:21","modified_gmt":"2026-03-02T11:59:21","slug":"vakuum-pumpa-value-vrp-2dli-aku","status":"publish","type":"product","link":"https:\/\/valuealati.servis-jelic.hr\/index.php\/proizvod\/vakuum-pumpa-value-vrp-2dli-aku\/","title":{"rendered":"Vakuum pumpa VALUE VRP-2DLi Aku"},"content":{"rendered":"<p><span class=\"Y2IQFc\" lang=\"hr\">Dvostupanjska kompaktna be\u017ei\u010dna vakuumska pumpa VALUE. Dizajnirana za rashladna sredstva iz HFC i HFO skupina (npr.: R32, 1234yf). <\/span><\/p>\n<p><span class=\"Y2IQFc\" lang=\"hr\">Glavne zna\u010dajke: <\/span><\/p>\n<ul>\n<li><span class=\"Y2IQFc\" lang=\"hr\">selenoidni ventil set: pumpa, ulje <\/span><\/li>\n<li><span class=\"Y2IQFc\" lang=\"hr\">opcionalni adapteri za baterije: Bosck, Milwaukee, DeWalt, Makita <\/span><\/li>\n<li><span class=\"Y2IQFc\" lang=\"hr\">dvostupanjska lagana, mala<\/span><\/li>\n<li><span class=\"Y2IQFc\" lang=\"hr\"> visokokvalitetna vakuumska pumpa <\/span><\/li>\n<li><span class=\"Y2IQFc\" lang=\"hr\">mehanizam prisilne cirkulacije ulja<\/span><\/li>\n<li><span class=\"Y2IQFc\" lang=\"hr\">lagani i u\u010dinkoviti istosmjerni motor ugra\u0111eni solenoidni ventil dizajn bez iskrenja, pogodan za R-32 i R-1234yf<\/span><\/li>\n<\/ul>\n<p><a href=\"https:\/\/valuealati.servis-jelic.hr\/wp-content\/uploads\/2025\/09\/VRP-DLi-SLi-CE_PL-1.pdf\">VRP-DLi-SLi-CE_PL<\/a><\/p>\n<p><a href=\"https:\/\/valuealati.servis-jelic.hr\/wp-content\/uploads\/2025\/09\/UPUTSTVO-ZA-UPOTREBU-VALUE-VRP-2SLi-VRP-2DLi.docx\">UPUTSTVO ZA UPOTREBU &#8211; VALUE VRP-2SLi, VRP-2DLi<\/a><\/p>\n<p>&nbsp;<\/p>\n","protected":false},"excerpt":{"rendered":"<p>Dvostupanjska kompaktna be\u017ei\u010dna vakuumska pumpa VALUE. Dizajnirana za rashladna sredstva iz HFC i HFO skupina (npr.: R32, 1234yf). Glavne zna\u010dajke: selenoidni ventil set: pumpa, ulje opcionalni adapteri za baterije: Bosck, Milwaukee, DeWalt, Makita dvostupanjska lagana, mala visokokvalitetna vakuumska pumpa mehanizam prisilne cirkulacije ulja lagani i u\u010dinkoviti istosmjerni motor ugra\u0111eni solenoidni ventil dizajn bez iskrenja, pogodan [&hellip;]<\/p>\n","protected":false},"featured_media":7927,"comment_status":"open","ping_status":"closed","template":"","meta":[],"product_brand":[20],"product_cat":[21,193],"product_tag":[],"class_list":{"0":"post-7926","1":"product","2":"type-product","3":"status-publish","4":"has-post-thumbnail","6":"product_brand-value","7":"product_cat-vakuum-pumpe","8":"product_cat-vrp-navtek-vakuum-pumpe","10":"first","11":"instock","12":"sale","13":"shipping-taxable","14":"purchasable","15":"product-type-simple"},"jetpack_sharing_enabled":true,"_links":{"self":[{"href":"https:\/\/valuealati.servis-jelic.hr\/index.php\/wp-json\/wp\/v2\/product\/7926","targetHints":{"allow":["GET"]}}],"collection":[{"href":"https:\/\/valuealati.servis-jelic.hr\/index.php\/wp-json\/wp\/v2\/product"}],"about":[{"href":"https:\/\/valuealati.servis-jelic.hr\/index.php\/wp-json\/wp\/v2\/types\/product"}],"replies":[{"embeddable":true,"href":"https:\/\/valuealati.servis-jelic.hr\/index.php\/wp-json\/wp\/v2\/comments?post=7926"}],"wp:featuredmedia":[{"embeddable":true,"href":"https:\/\/valuealati.servis-jelic.hr\/index.php\/wp-json\/wp\/v2\/media\/7927"}],"wp:attachment":[{"href":"https:\/\/valuealati.servis-jelic.hr\/index.php\/wp-json\/wp\/v2\/media?parent=7926"}],"wp:term":[{"taxonomy":"product_brand","embeddable":true,"href":"https:\/\/valuealati.servis-jelic.hr\/index.php\/wp-json\/wp\/v2\/product_brand?post=7926"},{"taxonomy":"product_cat","embeddable":true,"href":"https:\/\/valuealati.servis-jelic.hr\/index.php\/wp-json\/wp\/v2\/product_cat?post=7926"},{"taxonomy":"product_tag","embeddable":true,"href":"https:\/\/valuealati.servis-jelic.hr\/index.php\/wp-json\/wp\/v2\/product_tag?post=7926"}],"curies":[{"name":"wp","href":"https:\/\/api.w.org\/{rel}","templated":true}]}}