{"id":7931,"date":"2025-09-25T06:52:46","date_gmt":"2025-09-25T06:52:46","guid":{"rendered":"https:\/\/valuealati.servis-jelic.hr\/?post_type=product&#038;p=7931"},"modified":"2026-03-02T08:33:28","modified_gmt":"2026-03-02T08:33:28","slug":"vakuum-pumpa-value-vrp-4dli-aku","status":"publish","type":"product","link":"https:\/\/valuealati.servis-jelic.hr\/index.php\/proizvod\/vakuum-pumpa-value-vrp-4dli-aku\/","title":{"rendered":"Vakuum pumpa VALUE VRP-4DLi Aku"},"content":{"rendered":"<p><span class=\"Y2IQFc\" lang=\"hr\">Dvostupanjska be\u017ei\u010dna vakuumska pumpa VALUE dizajnirana za kori\u0161tenje s HFC i HFO rashladnim sredstvima (npr. R32, 1234yf). <\/span><\/p>\n<p><span class=\"Y2IQFc\" lang=\"hr\">Glavne zna\u010dajke: <\/span><\/p>\n<ul>\n<li><span class=\"Y2IQFc\" lang=\"hr\">Dvostupanjski dizajn<\/span><\/li>\n<li><span class=\"Y2IQFc\" lang=\"hr\">Lagana, kompaktna veli\u010dina, visokokvalitetni vakuum <\/span><\/li>\n<li><span class=\"Y2IQFc\" lang=\"hr\">Veliko prozor\u010di\u0107 za provjeru razine ulja<\/span><\/li>\n<li><span class=\"Y2IQFc\" lang=\"hr\">Prisilna cirkulacija ulja osigurava zatvoreni rad lopatica i hla\u0111enje pumpe <\/span><\/li>\n<li><span class=\"Y2IQFc\" lang=\"hr\">Lagan i u\u010dinkovit istosmjerni motor <\/span><\/li>\n<li><span class=\"Y2IQFc\" lang=\"hr\">Dizajn bez iskrenja, pogodan za kori\u0161tenje s rashladnim sredstvima R32 i 1234yf Litij-ionska baterija<\/span><\/li>\n<li><span class=\"Y2IQFc\" lang=\"hr\">Ventil za plinski balast \u2013 sprje\u010dava ulazak vlage u ulje pumpe<\/span><\/li>\n<\/ul>\n<p><a href=\"https:\/\/valuealati.servis-jelic.hr\/wp-content\/uploads\/2025\/09\/VRP-Dv-Di_CE_PL-3079.pdf\">VRP-Dv-Di_CE_PL-3079<\/a><\/p>\n","protected":false},"excerpt":{"rendered":"<p>Dvostupanjska be\u017ei\u010dna vakuumska pumpa VALUE dizajnirana za kori\u0161tenje s HFC i HFO rashladnim sredstvima (npr. R32, 1234yf). Glavne zna\u010dajke: Dvostupanjski dizajn Lagana, kompaktna veli\u010dina, visokokvalitetni vakuum Veliko prozor\u010di\u0107 za provjeru razine ulja Prisilna cirkulacija ulja osigurava zatvoreni rad lopatica i hla\u0111enje pumpe Lagan i u\u010dinkovit istosmjerni motor Dizajn bez iskrenja, pogodan za kori\u0161tenje s rashladnim [&hellip;]<\/p>\n","protected":false},"featured_media":7930,"comment_status":"open","ping_status":"closed","template":"","meta":[],"product_brand":[20],"product_cat":[21,193],"product_tag":[],"class_list":{"0":"post-7931","1":"product","2":"type-product","3":"status-publish","4":"has-post-thumbnail","6":"product_brand-value","7":"product_cat-vakuum-pumpe","8":"product_cat-vrp-navtek-vakuum-pumpe","10":"first","11":"instock","12":"sale","13":"shipping-taxable","14":"purchasable","15":"product-type-simple"},"jetpack_sharing_enabled":true,"_links":{"self":[{"href":"https:\/\/valuealati.servis-jelic.hr\/index.php\/wp-json\/wp\/v2\/product\/7931","targetHints":{"allow":["GET"]}}],"collection":[{"href":"https:\/\/valuealati.servis-jelic.hr\/index.php\/wp-json\/wp\/v2\/product"}],"about":[{"href":"https:\/\/valuealati.servis-jelic.hr\/index.php\/wp-json\/wp\/v2\/types\/product"}],"replies":[{"embeddable":true,"href":"https:\/\/valuealati.servis-jelic.hr\/index.php\/wp-json\/wp\/v2\/comments?post=7931"}],"wp:featuredmedia":[{"embeddable":true,"href":"https:\/\/valuealati.servis-jelic.hr\/index.php\/wp-json\/wp\/v2\/media\/7930"}],"wp:attachment":[{"href":"https:\/\/valuealati.servis-jelic.hr\/index.php\/wp-json\/wp\/v2\/media?parent=7931"}],"wp:term":[{"taxonomy":"product_brand","embeddable":true,"href":"https:\/\/valuealati.servis-jelic.hr\/index.php\/wp-json\/wp\/v2\/product_brand?post=7931"},{"taxonomy":"product_cat","embeddable":true,"href":"https:\/\/valuealati.servis-jelic.hr\/index.php\/wp-json\/wp\/v2\/product_cat?post=7931"},{"taxonomy":"product_tag","embeddable":true,"href":"https:\/\/valuealati.servis-jelic.hr\/index.php\/wp-json\/wp\/v2\/product_tag?post=7931"}],"curies":[{"name":"wp","href":"https:\/\/api.w.org\/{rel}","templated":true}]}}