{"id":7941,"date":"2025-09-25T09:51:53","date_gmt":"2025-09-25T09:51:53","guid":{"rendered":"https:\/\/valuealati.servis-jelic.hr\/?post_type=product&#038;p=7941"},"modified":"2026-03-02T08:33:22","modified_gmt":"2026-03-02T08:33:22","slug":"vakuum-pumpa-value-vrp-6dv","status":"publish","type":"product","link":"https:\/\/valuealati.servis-jelic.hr\/index.php\/proizvod\/vakuum-pumpa-value-vrp-6dv\/","title":{"rendered":"Vakuum pumpa VALUE VRP-6DV"},"content":{"rendered":"<p><span class=\"Y2IQFc\" lang=\"hr\">Dvostupanjska vakuumska pumpa VALUE s ugra\u0111enim vakuummetrom i solenoidnim ventilom dizajnirana za rashladna sredstva iz HFC i HFO skupina (npr. R32, 1234yf). <\/span><\/p>\n<p><span class=\"Y2IQFc\" lang=\"hr\">Glavne zna\u010dajke: <\/span><\/p>\n<ul>\n<li><span class=\"Y2IQFc\" lang=\"hr\">dvostupanjska lagana, mala<\/span><\/li>\n<li><span class=\"Y2IQFc\" lang=\"hr\"> visokokvalitetna vakuumska pumpa<\/span><\/li>\n<li><span class=\"Y2IQFc\" lang=\"hr\">veliki i prozirni otvor za inspekciju ulja <\/span><\/li>\n<li><span class=\"Y2IQFc\" lang=\"hr\">ugra\u0111eni vakuummetar<\/span><\/li>\n<li><span class=\"Y2IQFc\" lang=\"hr\">ugra\u0111eni solenoidni ventil dizajn bez iskrenja<\/span><\/li>\n<li><span class=\"Y2IQFc\" lang=\"hr\"> pogodan za R-32 i R-1234yf balastni ventil za plin \u2013 sprje\u010dava ulazak vlage u ulje pumpe<\/span><\/li>\n<\/ul>\n<p><a href=\"https:\/\/valuealati.servis-jelic.hr\/wp-content\/uploads\/2025\/09\/VRP-Dv-Di_CE_PL-3079.pdf\">VRP-Dv-Di_CE_PL-3079<\/a><\/p>\n","protected":false},"excerpt":{"rendered":"<p>Dvostupanjska vakuumska pumpa VALUE s ugra\u0111enim vakuummetrom i solenoidnim ventilom dizajnirana za rashladna sredstva iz HFC i HFO skupina (npr. R32, 1234yf). Glavne zna\u010dajke: dvostupanjska lagana, mala visokokvalitetna vakuumska pumpa veliki i prozirni otvor za inspekciju ulja ugra\u0111eni vakuummetar ugra\u0111eni solenoidni ventil dizajn bez iskrenja pogodan za R-32 i R-1234yf balastni ventil za plin \u2013 [&hellip;]<\/p>\n","protected":false},"featured_media":7942,"comment_status":"open","ping_status":"closed","template":"","meta":[],"product_brand":[20],"product_cat":[21,193],"product_tag":[],"class_list":{"0":"post-7941","1":"product","2":"type-product","3":"status-publish","4":"has-post-thumbnail","6":"product_brand-value","7":"product_cat-vakuum-pumpe","8":"product_cat-vrp-navtek-vakuum-pumpe","10":"first","11":"instock","12":"sale","13":"shipping-taxable","14":"purchasable","15":"product-type-simple"},"jetpack_sharing_enabled":true,"_links":{"self":[{"href":"https:\/\/valuealati.servis-jelic.hr\/index.php\/wp-json\/wp\/v2\/product\/7941","targetHints":{"allow":["GET"]}}],"collection":[{"href":"https:\/\/valuealati.servis-jelic.hr\/index.php\/wp-json\/wp\/v2\/product"}],"about":[{"href":"https:\/\/valuealati.servis-jelic.hr\/index.php\/wp-json\/wp\/v2\/types\/product"}],"replies":[{"embeddable":true,"href":"https:\/\/valuealati.servis-jelic.hr\/index.php\/wp-json\/wp\/v2\/comments?post=7941"}],"wp:featuredmedia":[{"embeddable":true,"href":"https:\/\/valuealati.servis-jelic.hr\/index.php\/wp-json\/wp\/v2\/media\/7942"}],"wp:attachment":[{"href":"https:\/\/valuealati.servis-jelic.hr\/index.php\/wp-json\/wp\/v2\/media?parent=7941"}],"wp:term":[{"taxonomy":"product_brand","embeddable":true,"href":"https:\/\/valuealati.servis-jelic.hr\/index.php\/wp-json\/wp\/v2\/product_brand?post=7941"},{"taxonomy":"product_cat","embeddable":true,"href":"https:\/\/valuealati.servis-jelic.hr\/index.php\/wp-json\/wp\/v2\/product_cat?post=7941"},{"taxonomy":"product_tag","embeddable":true,"href":"https:\/\/valuealati.servis-jelic.hr\/index.php\/wp-json\/wp\/v2\/product_tag?post=7941"}],"curies":[{"name":"wp","href":"https:\/\/api.w.org\/{rel}","templated":true}]}}