{"id":7955,"date":"2025-09-26T08:25:45","date_gmt":"2025-09-26T08:25:45","guid":{"rendered":"https:\/\/valuealati.servis-jelic.hr\/?post_type=product&#038;p=7955"},"modified":"2025-09-26T08:47:28","modified_gmt":"2025-09-26T08:47:28","slug":"komplet-alata-vtb-5b-i-r32","status":"publish","type":"product","link":"https:\/\/valuealati.servis-jelic.hr\/index.php\/proizvod\/komplet-alata-vtb-5b-i-r32\/","title":{"rendered":"Komplet alata VTB-5B-I R32"},"content":{"rendered":"<p><span class=\"Y2IQFc\" lang=\"hr\">Komplet alata VALUE u prakti\u010dnoj torbici za no\u0161enje. <\/span><\/p>\n<p><span class=\"Y2IQFc\" lang=\"hr\">Oprema seta:<\/span><\/p>\n<ul>\n<li><span class=\"Y2IQFc\" lang=\"hr\">alat za pro\u0161irenje cijevi u in\u010dima VFT-808-I<\/span><\/li>\n<li><span class=\"Y2IQFc\" lang=\"hr\">reza\u010di cijevi VTC-19 i VTC-32<\/span><\/li>\n<li><span class=\"Y2IQFc\" lang=\"hr\">mjerni mehanizam VMG-2-R32 s crijevima<\/span><\/li>\n<li><span class=\"Y2IQFc\" lang=\"hr\">aparat za uklanjanje neravnina VTT-5<\/span><\/li>\n<\/ul>\n","protected":false},"excerpt":{"rendered":"<p>Komplet alata VALUE u prakti\u010dnoj torbici za no\u0161enje. Oprema seta: alat za pro\u0161irenje cijevi u in\u010dima VFT-808-I reza\u010di cijevi VTC-19 i VTC-32 mjerni mehanizam VMG-2-R32 s crijevima aparat za uklanjanje neravnina VTT-5<\/p>\n","protected":false},"featured_media":7958,"comment_status":"open","ping_status":"closed","template":"","meta":[],"product_brand":[20],"product_cat":[194],"product_tag":[],"class_list":{"0":"post-7955","1":"product","2":"type-product","3":"status-publish","4":"has-post-thumbnail","6":"product_brand-value","7":"product_cat-komplet-alata-value","9":"first","10":"instock","11":"sale","12":"shipping-taxable","13":"purchasable","14":"product-type-simple"},"jetpack_sharing_enabled":true,"_links":{"self":[{"href":"https:\/\/valuealati.servis-jelic.hr\/index.php\/wp-json\/wp\/v2\/product\/7955","targetHints":{"allow":["GET"]}}],"collection":[{"href":"https:\/\/valuealati.servis-jelic.hr\/index.php\/wp-json\/wp\/v2\/product"}],"about":[{"href":"https:\/\/valuealati.servis-jelic.hr\/index.php\/wp-json\/wp\/v2\/types\/product"}],"replies":[{"embeddable":true,"href":"https:\/\/valuealati.servis-jelic.hr\/index.php\/wp-json\/wp\/v2\/comments?post=7955"}],"wp:featuredmedia":[{"embeddable":true,"href":"https:\/\/valuealati.servis-jelic.hr\/index.php\/wp-json\/wp\/v2\/media\/7958"}],"wp:attachment":[{"href":"https:\/\/valuealati.servis-jelic.hr\/index.php\/wp-json\/wp\/v2\/media?parent=7955"}],"wp:term":[{"taxonomy":"product_brand","embeddable":true,"href":"https:\/\/valuealati.servis-jelic.hr\/index.php\/wp-json\/wp\/v2\/product_brand?post=7955"},{"taxonomy":"product_cat","embeddable":true,"href":"https:\/\/valuealati.servis-jelic.hr\/index.php\/wp-json\/wp\/v2\/product_cat?post=7955"},{"taxonomy":"product_tag","embeddable":true,"href":"https:\/\/valuealati.servis-jelic.hr\/index.php\/wp-json\/wp\/v2\/product_tag?post=7955"}],"curies":[{"name":"wp","href":"https:\/\/api.w.org\/{rel}","templated":true}]}}