{"id":7962,"date":"2025-09-26T08:45:47","date_gmt":"2025-09-26T08:45:47","guid":{"rendered":"https:\/\/valuealati.servis-jelic.hr\/?post_type=product&#038;p=7962"},"modified":"2025-09-26T08:45:48","modified_gmt":"2025-09-26T08:45:48","slug":"komplet-alata-vtb-5a-kovceg","status":"publish","type":"product","link":"https:\/\/valuealati.servis-jelic.hr\/index.php\/proizvod\/komplet-alata-vtb-5a-kovceg\/","title":{"rendered":"Komplet alata VTB-5A + kov\u010deg"},"content":{"rendered":"<p><span class=\"Y2IQFc\" lang=\"hr\">Komplet alata u prakti\u010dnoj i za\u0161titnoj kutiji od aluminijske legure<\/span><span class=\"Y2IQFc\" lang=\"hr\">. <\/span><\/p>\n<p><span class=\"Y2IQFc\" lang=\"hr\">Oprema seta: <\/span><\/p>\n<ul>\n<li><span class=\"Y2IQFc\" lang=\"hr\">vakuumska pumpa V-i215S-M<\/span><\/li>\n<li><span class=\"Y2IQFc\" lang=\"hr\">alat za pro\u0161irenje cijevi VFT-808-I <\/span><\/li>\n<li><span class=\"Y2IQFc\" lang=\"hr\">reza\u010d cijevi VTC-32<\/span><\/li>\n<li><span class=\"Y2IQFc\" lang=\"hr\">manometar VMG-2-R410A s crijevima <\/span><\/li>\n<li><span class=\"Y2IQFc\" lang=\"hr\">odstranjiva\u010d srha VTT-5 <\/span><\/li>\n<li><span class=\"Y2IQFc\" lang=\"hr\">ekspander VST-22<\/span><\/li>\n<li>ulje za pumpu<\/li>\n<\/ul>\n<p>&nbsp;<\/p>\n","protected":false},"excerpt":{"rendered":"<p>Komplet alata u prakti\u010dnoj i za\u0161titnoj kutiji od aluminijske legure. Oprema seta: vakuumska pumpa V-i215S-M alat za pro\u0161irenje cijevi VFT-808-I reza\u010d cijevi VTC-32 manometar VMG-2-R410A s crijevima odstranjiva\u010d srha VTT-5 ekspander VST-22 ulje za pumpu &nbsp;<\/p>\n","protected":false},"featured_media":7966,"comment_status":"open","ping_status":"closed","template":"","meta":[],"product_brand":[20],"product_cat":[194],"product_tag":[],"class_list":{"0":"post-7962","1":"product","2":"type-product","3":"status-publish","4":"has-post-thumbnail","6":"product_brand-value","7":"product_cat-komplet-alata-value","9":"first","10":"instock","11":"sale","12":"shipping-taxable","13":"purchasable","14":"product-type-simple"},"jetpack_sharing_enabled":true,"_links":{"self":[{"href":"https:\/\/valuealati.servis-jelic.hr\/index.php\/wp-json\/wp\/v2\/product\/7962","targetHints":{"allow":["GET"]}}],"collection":[{"href":"https:\/\/valuealati.servis-jelic.hr\/index.php\/wp-json\/wp\/v2\/product"}],"about":[{"href":"https:\/\/valuealati.servis-jelic.hr\/index.php\/wp-json\/wp\/v2\/types\/product"}],"replies":[{"embeddable":true,"href":"https:\/\/valuealati.servis-jelic.hr\/index.php\/wp-json\/wp\/v2\/comments?post=7962"}],"wp:featuredmedia":[{"embeddable":true,"href":"https:\/\/valuealati.servis-jelic.hr\/index.php\/wp-json\/wp\/v2\/media\/7966"}],"wp:attachment":[{"href":"https:\/\/valuealati.servis-jelic.hr\/index.php\/wp-json\/wp\/v2\/media?parent=7962"}],"wp:term":[{"taxonomy":"product_brand","embeddable":true,"href":"https:\/\/valuealati.servis-jelic.hr\/index.php\/wp-json\/wp\/v2\/product_brand?post=7962"},{"taxonomy":"product_cat","embeddable":true,"href":"https:\/\/valuealati.servis-jelic.hr\/index.php\/wp-json\/wp\/v2\/product_cat?post=7962"},{"taxonomy":"product_tag","embeddable":true,"href":"https:\/\/valuealati.servis-jelic.hr\/index.php\/wp-json\/wp\/v2\/product_tag?post=7962"}],"curies":[{"name":"wp","href":"https:\/\/api.w.org\/{rel}","templated":true}]}}