{"id":7971,"date":"2025-09-29T08:23:21","date_gmt":"2025-09-29T08:23:21","guid":{"rendered":"https:\/\/valuealati.servis-jelic.hr\/?post_type=product&#038;p=7971"},"modified":"2025-09-29T09:05:55","modified_gmt":"2025-09-29T09:05:55","slug":"manometar-vrm1-b-0803-hp","status":"publish","type":"product","link":"https:\/\/valuealati.servis-jelic.hr\/index.php\/proizvod\/manometar-vrm1-b-0803-hp\/","title":{"rendered":"Manometar VRM1-B-0803 High pressure"},"content":{"rendered":"<p>Jednostruki analogni manometar visokog tlaka VALUE dizajniran za rashladne i klimatizacijske sustave.<\/p>\n<p>Glavne zna\u010dajke:<\/p>\n<ul>\n<li>lako \u010ditljiv zaslon<\/li>\n<li>dizajn otporan na udarce i<\/li>\n<li>zdr\u017eljiv metalni okvir<\/li>\n<li>pogodno za: R32, R407C, R410A, R134A<\/li>\n<\/ul>\n","protected":false},"excerpt":{"rendered":"<p>Jednostruki analogni manometar visokog tlaka VALUE dizajniran za rashladne i klimatizacijske sustave. Glavne zna\u010dajke: lako \u010ditljiv zaslon dizajn otporan na udarce i zdr\u017eljiv metalni okvir pogodno za: R32, R407C, R410A, R134A<\/p>\n","protected":false},"featured_media":7973,"comment_status":"open","ping_status":"closed","template":"","meta":[],"product_brand":[20],"product_cat":[195,196],"product_tag":[],"class_list":{"0":"post-7971","1":"product","2":"type-product","3":"status-publish","4":"has-post-thumbnail","6":"product_brand-value","7":"product_cat-manometri","8":"product_cat-mehanicki-manometri","10":"first","11":"instock","12":"sale","13":"shipping-taxable","14":"purchasable","15":"product-type-simple"},"jetpack_sharing_enabled":true,"_links":{"self":[{"href":"https:\/\/valuealati.servis-jelic.hr\/index.php\/wp-json\/wp\/v2\/product\/7971","targetHints":{"allow":["GET"]}}],"collection":[{"href":"https:\/\/valuealati.servis-jelic.hr\/index.php\/wp-json\/wp\/v2\/product"}],"about":[{"href":"https:\/\/valuealati.servis-jelic.hr\/index.php\/wp-json\/wp\/v2\/types\/product"}],"replies":[{"embeddable":true,"href":"https:\/\/valuealati.servis-jelic.hr\/index.php\/wp-json\/wp\/v2\/comments?post=7971"}],"wp:featuredmedia":[{"embeddable":true,"href":"https:\/\/valuealati.servis-jelic.hr\/index.php\/wp-json\/wp\/v2\/media\/7973"}],"wp:attachment":[{"href":"https:\/\/valuealati.servis-jelic.hr\/index.php\/wp-json\/wp\/v2\/media?parent=7971"}],"wp:term":[{"taxonomy":"product_brand","embeddable":true,"href":"https:\/\/valuealati.servis-jelic.hr\/index.php\/wp-json\/wp\/v2\/product_brand?post=7971"},{"taxonomy":"product_cat","embeddable":true,"href":"https:\/\/valuealati.servis-jelic.hr\/index.php\/wp-json\/wp\/v2\/product_cat?post=7971"},{"taxonomy":"product_tag","embeddable":true,"href":"https:\/\/valuealati.servis-jelic.hr\/index.php\/wp-json\/wp\/v2\/product_tag?post=7971"}],"curies":[{"name":"wp","href":"https:\/\/api.w.org\/{rel}","templated":true}]}}