{"id":7978,"date":"2025-09-29T09:13:31","date_gmt":"2025-09-29T09:13:31","guid":{"rendered":"https:\/\/valuealati.servis-jelic.hr\/?post_type=product&#038;p=7978"},"modified":"2025-09-29T09:13:32","modified_gmt":"2025-09-29T09:13:32","slug":"manometarski-set-vrm2-b-0801","status":"publish","type":"product","link":"https:\/\/valuealati.servis-jelic.hr\/index.php\/proizvod\/manometarski-set-vrm2-b-0801\/","title":{"rendered":"Manometarski set VRM2-B-0801"},"content":{"rendered":"<p><span class=\"Y2IQFc\" lang=\"hr\">Dvostruki analogni set mjera\u010da VALUE dizajniran za rashladne i klimatizacijske sustave.<\/span><\/p>\n<p><span class=\"Y2IQFc\" lang=\"hr\">Glavne zna\u010dajke:<\/span><\/p>\n<ul>\n<li><span class=\"Y2IQFc\" lang=\"hr\">lako \u010ditljiv zaslon<\/span><\/li>\n<li><span class=\"Y2IQFc\" lang=\"hr\">dizajn otporan na udarce<\/span><\/li>\n<li><span class=\"Y2IQFc\" lang=\"hr\">izdr\u017eljiv metalni okvir <\/span><\/li>\n<li><span class=\"Y2IQFc\" lang=\"hr\">pogodno za: R32, R407C, R410A, R134A<\/span><\/li>\n<li><span class=\"Y2IQFc\" lang=\"hr\">3 crijeva<\/span><\/li>\n<\/ul>\n","protected":false},"excerpt":{"rendered":"<p>Dvostruki analogni set mjera\u010da VALUE dizajniran za rashladne i klimatizacijske sustave. Glavne zna\u010dajke: lako \u010ditljiv zaslon dizajn otporan na udarce izdr\u017eljiv metalni okvir pogodno za: R32, R407C, R410A, R134A 3 crijeva<\/p>\n","protected":false},"featured_media":7980,"comment_status":"open","ping_status":"closed","template":"","meta":[],"product_brand":[20],"product_cat":[195,196],"product_tag":[],"class_list":{"0":"post-7978","1":"product","2":"type-product","3":"status-publish","4":"has-post-thumbnail","6":"product_brand-value","7":"product_cat-manometri","8":"product_cat-mehanicki-manometri","10":"first","11":"instock","12":"sale","13":"shipping-taxable","14":"purchasable","15":"product-type-simple"},"jetpack_sharing_enabled":true,"_links":{"self":[{"href":"https:\/\/valuealati.servis-jelic.hr\/index.php\/wp-json\/wp\/v2\/product\/7978","targetHints":{"allow":["GET"]}}],"collection":[{"href":"https:\/\/valuealati.servis-jelic.hr\/index.php\/wp-json\/wp\/v2\/product"}],"about":[{"href":"https:\/\/valuealati.servis-jelic.hr\/index.php\/wp-json\/wp\/v2\/types\/product"}],"replies":[{"embeddable":true,"href":"https:\/\/valuealati.servis-jelic.hr\/index.php\/wp-json\/wp\/v2\/comments?post=7978"}],"wp:featuredmedia":[{"embeddable":true,"href":"https:\/\/valuealati.servis-jelic.hr\/index.php\/wp-json\/wp\/v2\/media\/7980"}],"wp:attachment":[{"href":"https:\/\/valuealati.servis-jelic.hr\/index.php\/wp-json\/wp\/v2\/media?parent=7978"}],"wp:term":[{"taxonomy":"product_brand","embeddable":true,"href":"https:\/\/valuealati.servis-jelic.hr\/index.php\/wp-json\/wp\/v2\/product_brand?post=7978"},{"taxonomy":"product_cat","embeddable":true,"href":"https:\/\/valuealati.servis-jelic.hr\/index.php\/wp-json\/wp\/v2\/product_cat?post=7978"},{"taxonomy":"product_tag","embeddable":true,"href":"https:\/\/valuealati.servis-jelic.hr\/index.php\/wp-json\/wp\/v2\/product_tag?post=7978"}],"curies":[{"name":"wp","href":"https:\/\/api.w.org\/{rel}","templated":true}]}}