{"id":7982,"date":"2025-09-29T09:20:44","date_gmt":"2025-09-29T09:20:44","guid":{"rendered":"https:\/\/valuealati.servis-jelic.hr\/?post_type=product&#038;p=7982"},"modified":"2025-10-16T11:16:47","modified_gmt":"2025-10-16T11:16:47","slug":"manometar-value-vmg-1-s-h","status":"publish","type":"product","link":"https:\/\/valuealati.servis-jelic.hr\/index.php\/proizvod\/manometar-value-vmg-1-s-h\/","title":{"rendered":"Manometar VALUE VMG-1-S-H"},"content":{"rendered":"<p><span class=\"Y2IQFc\" lang=\"hr\">Jednostruki visokotla\u010dni manometar VALUE dizajniran za rashladne sustave i klimatizaciju. <\/span><\/p>\n<p><span class=\"Y2IQFc\" lang=\"hr\">Glavne zna\u010dajke:\u00a0<\/span><\/p>\n<ul>\n<li><span class=\"Y2IQFc\" lang=\"hr\">precizni stupanj mjera\u010da<\/span><\/li>\n<li><span class=\"Y2IQFc\" lang=\"hr\"> &#8211; 1,6 ku\u0107i\u0161te \u0161titi od o\u0161te\u0107enja <\/span><\/li>\n<li><span class=\"Y2IQFc\" lang=\"hr\">kontrolno staklo <\/span><\/li>\n<li><span class=\"Y2IQFc\" lang=\"hr\">metalna konstrukcija koja pove\u0107ava \u010dvrsto\u0107u<\/span><\/li>\n<\/ul>\n","protected":false},"excerpt":{"rendered":"<p>Jednostruki visokotla\u010dni manometar VALUE dizajniran za rashladne sustave i klimatizaciju. Glavne zna\u010dajke:\u00a0 precizni stupanj mjera\u010da &#8211; 1,6 ku\u0107i\u0161te \u0161titi od o\u0161te\u0107enja kontrolno staklo metalna konstrukcija koja pove\u0107ava \u010dvrsto\u0107u<\/p>\n","protected":false},"featured_media":7983,"comment_status":"open","ping_status":"closed","template":"","meta":[],"product_brand":[20],"product_cat":[195,196],"product_tag":[],"class_list":{"0":"post-7982","1":"product","2":"type-product","3":"status-publish","4":"has-post-thumbnail","6":"product_brand-value","7":"product_cat-manometri","8":"product_cat-mehanicki-manometri","10":"first","11":"instock","12":"shipping-taxable","13":"purchasable","14":"product-type-simple"},"jetpack_sharing_enabled":true,"_links":{"self":[{"href":"https:\/\/valuealati.servis-jelic.hr\/index.php\/wp-json\/wp\/v2\/product\/7982","targetHints":{"allow":["GET"]}}],"collection":[{"href":"https:\/\/valuealati.servis-jelic.hr\/index.php\/wp-json\/wp\/v2\/product"}],"about":[{"href":"https:\/\/valuealati.servis-jelic.hr\/index.php\/wp-json\/wp\/v2\/types\/product"}],"replies":[{"embeddable":true,"href":"https:\/\/valuealati.servis-jelic.hr\/index.php\/wp-json\/wp\/v2\/comments?post=7982"}],"wp:featuredmedia":[{"embeddable":true,"href":"https:\/\/valuealati.servis-jelic.hr\/index.php\/wp-json\/wp\/v2\/media\/7983"}],"wp:attachment":[{"href":"https:\/\/valuealati.servis-jelic.hr\/index.php\/wp-json\/wp\/v2\/media?parent=7982"}],"wp:term":[{"taxonomy":"product_brand","embeddable":true,"href":"https:\/\/valuealati.servis-jelic.hr\/index.php\/wp-json\/wp\/v2\/product_brand?post=7982"},{"taxonomy":"product_cat","embeddable":true,"href":"https:\/\/valuealati.servis-jelic.hr\/index.php\/wp-json\/wp\/v2\/product_cat?post=7982"},{"taxonomy":"product_tag","embeddable":true,"href":"https:\/\/valuealati.servis-jelic.hr\/index.php\/wp-json\/wp\/v2\/product_tag?post=7982"}],"curies":[{"name":"wp","href":"https:\/\/api.w.org\/{rel}","templated":true}]}}