{"id":7991,"date":"2025-09-29T09:48:49","date_gmt":"2025-09-29T09:48:49","guid":{"rendered":"https:\/\/valuealati.servis-jelic.hr\/?post_type=product&#038;p=7991"},"modified":"2026-02-27T11:38:51","modified_gmt":"2026-02-27T11:38:51","slug":"manometarski-set-vmg-2-r32","status":"publish","type":"product","link":"https:\/\/valuealati.servis-jelic.hr\/index.php\/proizvod\/manometarski-set-vmg-2-r32\/","title":{"rendered":"Manometarski set VMG-2-R32"},"content":{"rendered":"<p><span class=\"Y2IQFc\" lang=\"hr\">Razvodni manometar VMG-2-R32 VALUE dizajniran za rashladne sustave i klimatizaciju.<\/span><\/p>\n<p><span class=\"Y2IQFc\" lang=\"hr\">Glavne zna\u010dajke:<\/span><\/p>\n<ul>\n<li><span class=\"Y2IQFc\" lang=\"hr\">precizni stupanj mjera\u010da &#8211; 1,6 <\/span><\/li>\n<li><span class=\"Y2IQFc\" lang=\"hr\">ku\u0107i\u0161te \u0161titi od o\u0161te\u0107enja metalna konstrukcija<\/span><\/li>\n<li><span class=\"Y2IQFc\" lang=\"hr\"> metalna konstrukcija pove\u0107ava \u010dvrsto\u0107u <\/span><\/li>\n<li><span class=\"Y2IQFc\" lang=\"hr\">3 crijeva<\/span><\/li>\n<\/ul>\n<p><a href=\"https:\/\/valuealati.servis-jelic.hr\/wp-content\/uploads\/2025\/09\/Upustvo-manometarski-set-Value-VGM-2-R32_250811_124843.pdf\">Upustvo manometarski set Value VGM-2-R32_250811_124843<\/a><\/p>\n","protected":false},"excerpt":{"rendered":"<p>Razvodni manometar VMG-2-R32 VALUE dizajniran za rashladne sustave i klimatizaciju. Glavne zna\u010dajke: precizni stupanj mjera\u010da &#8211; 1,6 ku\u0107i\u0161te \u0161titi od o\u0161te\u0107enja metalna konstrukcija metalna konstrukcija pove\u0107ava \u010dvrsto\u0107u 3 crijeva Upustvo manometarski set Value VGM-2-R32_250811_124843<\/p>\n","protected":false},"featured_media":7993,"comment_status":"open","ping_status":"closed","template":"","meta":[],"product_brand":[20],"product_cat":[195,196],"product_tag":[],"class_list":{"0":"post-7991","1":"product","2":"type-product","3":"status-publish","4":"has-post-thumbnail","6":"product_brand-value","7":"product_cat-manometri","8":"product_cat-mehanicki-manometri","10":"first","11":"instock","12":"sale","13":"shipping-taxable","14":"purchasable","15":"product-type-simple"},"jetpack_sharing_enabled":true,"_links":{"self":[{"href":"https:\/\/valuealati.servis-jelic.hr\/index.php\/wp-json\/wp\/v2\/product\/7991","targetHints":{"allow":["GET"]}}],"collection":[{"href":"https:\/\/valuealati.servis-jelic.hr\/index.php\/wp-json\/wp\/v2\/product"}],"about":[{"href":"https:\/\/valuealati.servis-jelic.hr\/index.php\/wp-json\/wp\/v2\/types\/product"}],"replies":[{"embeddable":true,"href":"https:\/\/valuealati.servis-jelic.hr\/index.php\/wp-json\/wp\/v2\/comments?post=7991"}],"wp:featuredmedia":[{"embeddable":true,"href":"https:\/\/valuealati.servis-jelic.hr\/index.php\/wp-json\/wp\/v2\/media\/7993"}],"wp:attachment":[{"href":"https:\/\/valuealati.servis-jelic.hr\/index.php\/wp-json\/wp\/v2\/media?parent=7991"}],"wp:term":[{"taxonomy":"product_brand","embeddable":true,"href":"https:\/\/valuealati.servis-jelic.hr\/index.php\/wp-json\/wp\/v2\/product_brand?post=7991"},{"taxonomy":"product_cat","embeddable":true,"href":"https:\/\/valuealati.servis-jelic.hr\/index.php\/wp-json\/wp\/v2\/product_cat?post=7991"},{"taxonomy":"product_tag","embeddable":true,"href":"https:\/\/valuealati.servis-jelic.hr\/index.php\/wp-json\/wp\/v2\/product_tag?post=7991"}],"curies":[{"name":"wp","href":"https:\/\/api.w.org\/{rel}","templated":true}]}}