{"id":7996,"date":"2025-09-29T11:21:26","date_gmt":"2025-09-29T11:21:26","guid":{"rendered":"https:\/\/valuealati.servis-jelic.hr\/?post_type=product&#038;p=7996"},"modified":"2025-09-29T11:21:26","modified_gmt":"2025-09-29T11:21:26","slug":"manometar-value-vmg-2-r32-b03","status":"publish","type":"product","link":"https:\/\/valuealati.servis-jelic.hr\/index.php\/proizvod\/manometar-value-vmg-2-r32-b03\/","title":{"rendered":"Manometar VALUE VMG-2-R32-B03"},"content":{"rendered":"<p><span class=\"Y2IQFc\" lang=\"hr\">Razvodni manometar VMG-2-R32 VALUE dizajniran za rashladne sustave i klimatizaciju.<\/span><\/p>\n<p><span class=\"Y2IQFc\" lang=\"hr\">Glavne zna\u010dajke:<\/span><\/p>\n<ul>\n<li><span class=\"Y2IQFc\" lang=\"hr\">precizni stupanj mjera\u010da &#8211; 1,6 <\/span><\/li>\n<li><span class=\"Y2IQFc\" lang=\"hr\">ku\u0107i\u0161te \u0161titi od o\u0161te\u0107enja metalna konstrukcija<\/span><\/li>\n<li>gumena za\u0161tita od udaraca<\/li>\n<\/ul>\n","protected":false},"excerpt":{"rendered":"<p>Razvodni manometar VMG-2-R32 VALUE dizajniran za rashladne sustave i klimatizaciju. Glavne zna\u010dajke: precizni stupanj mjera\u010da &#8211; 1,6 ku\u0107i\u0161te \u0161titi od o\u0161te\u0107enja metalna konstrukcija gumena za\u0161tita od udaraca<\/p>\n","protected":false},"featured_media":7997,"comment_status":"open","ping_status":"closed","template":"","meta":[],"product_brand":[20],"product_cat":[195,196],"product_tag":[],"class_list":{"0":"post-7996","1":"product","2":"type-product","3":"status-publish","4":"has-post-thumbnail","6":"product_brand-value","7":"product_cat-manometri","8":"product_cat-mehanicki-manometri","10":"first","11":"instock","12":"sale","13":"shipping-taxable","14":"purchasable","15":"product-type-simple"},"jetpack_sharing_enabled":true,"_links":{"self":[{"href":"https:\/\/valuealati.servis-jelic.hr\/index.php\/wp-json\/wp\/v2\/product\/7996","targetHints":{"allow":["GET"]}}],"collection":[{"href":"https:\/\/valuealati.servis-jelic.hr\/index.php\/wp-json\/wp\/v2\/product"}],"about":[{"href":"https:\/\/valuealati.servis-jelic.hr\/index.php\/wp-json\/wp\/v2\/types\/product"}],"replies":[{"embeddable":true,"href":"https:\/\/valuealati.servis-jelic.hr\/index.php\/wp-json\/wp\/v2\/comments?post=7996"}],"wp:featuredmedia":[{"embeddable":true,"href":"https:\/\/valuealati.servis-jelic.hr\/index.php\/wp-json\/wp\/v2\/media\/7997"}],"wp:attachment":[{"href":"https:\/\/valuealati.servis-jelic.hr\/index.php\/wp-json\/wp\/v2\/media?parent=7996"}],"wp:term":[{"taxonomy":"product_brand","embeddable":true,"href":"https:\/\/valuealati.servis-jelic.hr\/index.php\/wp-json\/wp\/v2\/product_brand?post=7996"},{"taxonomy":"product_cat","embeddable":true,"href":"https:\/\/valuealati.servis-jelic.hr\/index.php\/wp-json\/wp\/v2\/product_cat?post=7996"},{"taxonomy":"product_tag","embeddable":true,"href":"https:\/\/valuealati.servis-jelic.hr\/index.php\/wp-json\/wp\/v2\/product_tag?post=7996"}],"curies":[{"name":"wp","href":"https:\/\/api.w.org\/{rel}","templated":true}]}}