{"id":8004,"date":"2025-09-29T11:36:22","date_gmt":"2025-09-29T11:36:22","guid":{"rendered":"https:\/\/valuealati.servis-jelic.hr\/?post_type=product&#038;p=8004"},"modified":"2025-09-29T11:36:22","modified_gmt":"2025-09-29T11:36:22","slug":"manometar-value-vmg-2-r600-b03","status":"publish","type":"product","link":"https:\/\/valuealati.servis-jelic.hr\/index.php\/proizvod\/manometar-value-vmg-2-r600-b03\/","title":{"rendered":"Manometar VALUE VMG-2-R600-B03"},"content":{"rendered":"<p><span class=\"Y2IQFc\" lang=\"hr\">Manometar VALUE dizajniran za rashladne i klimatizacijske sustave. <\/span><\/p>\n<p><span class=\"Y2IQFc\" lang=\"hr\">Glavne zna\u010dajke: <\/span><\/p>\n<ul>\n<li><span class=\"Y2IQFc\" lang=\"hr\">Mjera\u010d tlaka klase to\u010dnosti 1.6<\/span><\/li>\n<li><span class=\"Y2IQFc\" lang=\"hr\">Za\u0161titno ku\u0107i\u0161te za sprje\u010davanje o\u0161te\u0107enja <\/span><\/li>\n<li><span class=\"Y2IQFc\" lang=\"hr\">Kontrolno staklo za pra\u0107enje rashladnog sredstva<\/span><\/li>\n<\/ul>\n","protected":false},"excerpt":{"rendered":"<p>Manometar VALUE dizajniran za rashladne i klimatizacijske sustave. Glavne zna\u010dajke: Mjera\u010d tlaka klase to\u010dnosti 1.6 Za\u0161titno ku\u0107i\u0161te za sprje\u010davanje o\u0161te\u0107enja Kontrolno staklo za pra\u0107enje rashladnog sredstva<\/p>\n","protected":false},"featured_media":8005,"comment_status":"open","ping_status":"closed","template":"","meta":[],"product_brand":[20],"product_cat":[195,196],"product_tag":[],"class_list":{"0":"post-8004","1":"product","2":"type-product","3":"status-publish","4":"has-post-thumbnail","6":"product_brand-value","7":"product_cat-manometri","8":"product_cat-mehanicki-manometri","10":"first","11":"instock","12":"sale","13":"shipping-taxable","14":"purchasable","15":"product-type-simple"},"jetpack_sharing_enabled":true,"_links":{"self":[{"href":"https:\/\/valuealati.servis-jelic.hr\/index.php\/wp-json\/wp\/v2\/product\/8004","targetHints":{"allow":["GET"]}}],"collection":[{"href":"https:\/\/valuealati.servis-jelic.hr\/index.php\/wp-json\/wp\/v2\/product"}],"about":[{"href":"https:\/\/valuealati.servis-jelic.hr\/index.php\/wp-json\/wp\/v2\/types\/product"}],"replies":[{"embeddable":true,"href":"https:\/\/valuealati.servis-jelic.hr\/index.php\/wp-json\/wp\/v2\/comments?post=8004"}],"wp:featuredmedia":[{"embeddable":true,"href":"https:\/\/valuealati.servis-jelic.hr\/index.php\/wp-json\/wp\/v2\/media\/8005"}],"wp:attachment":[{"href":"https:\/\/valuealati.servis-jelic.hr\/index.php\/wp-json\/wp\/v2\/media?parent=8004"}],"wp:term":[{"taxonomy":"product_brand","embeddable":true,"href":"https:\/\/valuealati.servis-jelic.hr\/index.php\/wp-json\/wp\/v2\/product_brand?post=8004"},{"taxonomy":"product_cat","embeddable":true,"href":"https:\/\/valuealati.servis-jelic.hr\/index.php\/wp-json\/wp\/v2\/product_cat?post=8004"},{"taxonomy":"product_tag","embeddable":true,"href":"https:\/\/valuealati.servis-jelic.hr\/index.php\/wp-json\/wp\/v2\/product_tag?post=8004"}],"curies":[{"name":"wp","href":"https:\/\/api.w.org\/{rel}","templated":true}]}}