{"id":8006,"date":"2025-09-30T07:30:01","date_gmt":"2025-09-30T07:30:01","guid":{"rendered":"https:\/\/valuealati.servis-jelic.hr\/?post_type=product&#038;p=8006"},"modified":"2025-09-30T07:30:01","modified_gmt":"2025-09-30T07:30:01","slug":"manometarski-set-vmg-2-r449a","status":"publish","type":"product","link":"https:\/\/valuealati.servis-jelic.hr\/index.php\/proizvod\/manometarski-set-vmg-2-r449a\/","title":{"rendered":"Manometarski set VMG-2-R449A"},"content":{"rendered":"<p>Razvodni manometar VMG-2-R449A VALUE dizajniran za rashladne sustave i klimatizaciju.<\/p>\n<p>Glavne zna\u010dajke:<\/p>\n<ul>\n<li>precizni stupanj mjera\u010da &#8211; 1,6<\/li>\n<li>ku\u0107i\u0161te \u0161titi od o\u0161te\u0107enja<\/li>\n<li>metalna konstrukcija<\/li>\n<li>pove\u0107ava \u010dvrsto\u0107u<\/li>\n<li>3 crijeva<\/li>\n<\/ul>\n","protected":false},"excerpt":{"rendered":"<p>Razvodni manometar VMG-2-R449A VALUE dizajniran za rashladne sustave i klimatizaciju. Glavne zna\u010dajke: precizni stupanj mjera\u010da &#8211; 1,6 ku\u0107i\u0161te \u0161titi od o\u0161te\u0107enja metalna konstrukcija pove\u0107ava \u010dvrsto\u0107u 3 crijeva<\/p>\n","protected":false},"featured_media":8007,"comment_status":"open","ping_status":"closed","template":"","meta":[],"product_brand":[20],"product_cat":[195,196],"product_tag":[],"class_list":{"0":"post-8006","1":"product","2":"type-product","3":"status-publish","4":"has-post-thumbnail","6":"product_brand-value","7":"product_cat-manometri","8":"product_cat-mehanicki-manometri","10":"first","11":"instock","12":"sale","13":"shipping-taxable","14":"purchasable","15":"product-type-simple"},"jetpack_sharing_enabled":true,"_links":{"self":[{"href":"https:\/\/valuealati.servis-jelic.hr\/index.php\/wp-json\/wp\/v2\/product\/8006","targetHints":{"allow":["GET"]}}],"collection":[{"href":"https:\/\/valuealati.servis-jelic.hr\/index.php\/wp-json\/wp\/v2\/product"}],"about":[{"href":"https:\/\/valuealati.servis-jelic.hr\/index.php\/wp-json\/wp\/v2\/types\/product"}],"replies":[{"embeddable":true,"href":"https:\/\/valuealati.servis-jelic.hr\/index.php\/wp-json\/wp\/v2\/comments?post=8006"}],"wp:featuredmedia":[{"embeddable":true,"href":"https:\/\/valuealati.servis-jelic.hr\/index.php\/wp-json\/wp\/v2\/media\/8007"}],"wp:attachment":[{"href":"https:\/\/valuealati.servis-jelic.hr\/index.php\/wp-json\/wp\/v2\/media?parent=8006"}],"wp:term":[{"taxonomy":"product_brand","embeddable":true,"href":"https:\/\/valuealati.servis-jelic.hr\/index.php\/wp-json\/wp\/v2\/product_brand?post=8006"},{"taxonomy":"product_cat","embeddable":true,"href":"https:\/\/valuealati.servis-jelic.hr\/index.php\/wp-json\/wp\/v2\/product_cat?post=8006"},{"taxonomy":"product_tag","embeddable":true,"href":"https:\/\/valuealati.servis-jelic.hr\/index.php\/wp-json\/wp\/v2\/product_tag?post=8006"}],"curies":[{"name":"wp","href":"https:\/\/api.w.org\/{rel}","templated":true}]}}