{"id":8012,"date":"2025-09-30T07:57:56","date_gmt":"2025-09-30T07:57:56","guid":{"rendered":"https:\/\/valuealati.servis-jelic.hr\/?post_type=product&#038;p=8012"},"modified":"2025-09-30T07:57:56","modified_gmt":"2025-09-30T07:57:56","slug":"manometarski-set-vrm1-0101i","status":"publish","type":"product","link":"https:\/\/valuealati.servis-jelic.hr\/index.php\/proizvod\/manometarski-set-vrm1-0101i\/","title":{"rendered":"Manometarski set VRM1-0101i"},"content":{"rendered":"<p><span class=\"Y2IQFc\" lang=\"hr\">Jedan digitalni mjera\u010d VALUE dizajniran za rashladne i klimatizacijske sustave.<\/span><\/p>\n<p><span class=\"Y2IQFc\" lang=\"hr\">Glavne zna\u010dajke: <\/span><\/p>\n<ul>\n<li><span class=\"Y2IQFc\" lang=\"hr\">lako \u010ditljiv zaslon<\/span><\/li>\n<li><span class=\"Y2IQFc\" lang=\"hr\">dizajn otporan na udarce<\/span><\/li>\n<li><span class=\"Y2IQFc\" lang=\"hr\">izdr\u017eljiv metalni okvir <\/span><\/li>\n<li><span class=\"Y2IQFc\" lang=\"hr\">\u0161<\/span><span class=\"Y2IQFc\" lang=\"hr\">irok izbor prikazanih jedinica<\/span><\/li>\n<li><span class=\"Y2IQFc\" lang=\"hr\">pogodno za: R22, R32, R134a, R290, R404a, R407A, R407c, R410A, R426A, R427A, R434A, R442A, R448A, R449A, R450A, R452A, R454B, R510A, R453A, R507, R513A, R600, R1234yf<\/span><\/li>\n<li><span class=\"Y2IQFc\" lang=\"hr\">2 crijeva<\/span><\/li>\n<\/ul>\n","protected":false},"excerpt":{"rendered":"<p>Jedan digitalni mjera\u010d VALUE dizajniran za rashladne i klimatizacijske sustave. Glavne zna\u010dajke: lako \u010ditljiv zaslon dizajn otporan na udarce izdr\u017eljiv metalni okvir \u0161irok izbor prikazanih jedinica pogodno za: R22, R32, R134a, R290, R404a, R407A, R407c, R410A, R426A, R427A, R434A, R442A, R448A, R449A, R450A, R452A, R454B, R510A, R453A, R507, R513A, R600, R1234yf 2 crijeva<\/p>\n","protected":false},"featured_media":8013,"comment_status":"open","ping_status":"closed","template":"","meta":[],"product_brand":[20],"product_cat":[197,195],"product_tag":[],"class_list":{"0":"post-8012","1":"product","2":"type-product","3":"status-publish","4":"has-post-thumbnail","6":"product_brand-value","7":"product_cat-digitalni-manometri-value","8":"product_cat-manometri","10":"first","11":"instock","12":"sale","13":"shipping-taxable","14":"purchasable","15":"product-type-simple"},"jetpack_sharing_enabled":true,"_links":{"self":[{"href":"https:\/\/valuealati.servis-jelic.hr\/index.php\/wp-json\/wp\/v2\/product\/8012","targetHints":{"allow":["GET"]}}],"collection":[{"href":"https:\/\/valuealati.servis-jelic.hr\/index.php\/wp-json\/wp\/v2\/product"}],"about":[{"href":"https:\/\/valuealati.servis-jelic.hr\/index.php\/wp-json\/wp\/v2\/types\/product"}],"replies":[{"embeddable":true,"href":"https:\/\/valuealati.servis-jelic.hr\/index.php\/wp-json\/wp\/v2\/comments?post=8012"}],"wp:featuredmedia":[{"embeddable":true,"href":"https:\/\/valuealati.servis-jelic.hr\/index.php\/wp-json\/wp\/v2\/media\/8013"}],"wp:attachment":[{"href":"https:\/\/valuealati.servis-jelic.hr\/index.php\/wp-json\/wp\/v2\/media?parent=8012"}],"wp:term":[{"taxonomy":"product_brand","embeddable":true,"href":"https:\/\/valuealati.servis-jelic.hr\/index.php\/wp-json\/wp\/v2\/product_brand?post=8012"},{"taxonomy":"product_cat","embeddable":true,"href":"https:\/\/valuealati.servis-jelic.hr\/index.php\/wp-json\/wp\/v2\/product_cat?post=8012"},{"taxonomy":"product_tag","embeddable":true,"href":"https:\/\/valuealati.servis-jelic.hr\/index.php\/wp-json\/wp\/v2\/product_tag?post=8012"}],"curies":[{"name":"wp","href":"https:\/\/api.w.org\/{rel}","templated":true}]}}