{"id":8015,"date":"2025-09-30T08:08:58","date_gmt":"2025-09-30T08:08:58","guid":{"rendered":"https:\/\/valuealati.servis-jelic.hr\/?post_type=product&#038;p=8015"},"modified":"2025-09-30T08:08:58","modified_gmt":"2025-09-30T08:08:58","slug":"manometarski-set-vrm2-0101i","status":"publish","type":"product","link":"https:\/\/valuealati.servis-jelic.hr\/index.php\/proizvod\/manometarski-set-vrm2-0101i\/","title":{"rendered":"Manometarski set VRM2-0101i"},"content":{"rendered":"<p><span class=\"Y2IQFc\" lang=\"hr\">Dvostruki digitalni set mjera\u010da VALUE dizajniran za rashladne i klimatizacijske sustave.<\/span><\/p>\n<p><span class=\"Y2IQFc\" lang=\"hr\">Glavne zna\u010dajke: <\/span><\/p>\n<ul>\n<li><span class=\"Y2IQFc\" lang=\"hr\">lako \u010ditljivi zasloni<\/span><\/li>\n<li><span class=\"Y2IQFc\" lang=\"hr\">dizajn otporan na udarce\u00a0<\/span><\/li>\n<li><span class=\"Y2IQFc\" lang=\"hr\">izdr\u017eljiv metalni okvir <\/span><\/li>\n<li><span class=\"Y2IQFc\" lang=\"hr\">\u0161irok izbor prikazanih jedinica <\/span><\/li>\n<li><span class=\"Y2IQFc\" lang=\"hr\">pogodno za: R22, R32, R134a, R290, R404a, R407A, R407c, R410A, R426A, R427A, R434A, R442A, R448A, R449A, R450A, R452A, R453A, R507, R513A, R600, R744, R922B (R1234yf) <\/span><\/li>\n<li><span class=\"Y2IQFc\" lang=\"hr\">3 crijeva<\/span><\/li>\n<\/ul>\n","protected":false},"excerpt":{"rendered":"<p>Dvostruki digitalni set mjera\u010da VALUE dizajniran za rashladne i klimatizacijske sustave. Glavne zna\u010dajke: lako \u010ditljivi zasloni dizajn otporan na udarce\u00a0 izdr\u017eljiv metalni okvir \u0161irok izbor prikazanih jedinica pogodno za: R22, R32, R134a, R290, R404a, R407A, R407c, R410A, R426A, R427A, R434A, R442A, R448A, R449A, R450A, R452A, R453A, R507, R513A, R600, R744, R922B (R1234yf) 3 crijeva<\/p>\n","protected":false},"featured_media":8017,"comment_status":"open","ping_status":"closed","template":"","meta":[],"product_brand":[20],"product_cat":[197,195],"product_tag":[],"class_list":{"0":"post-8015","1":"product","2":"type-product","3":"status-publish","4":"has-post-thumbnail","6":"product_brand-value","7":"product_cat-digitalni-manometri-value","8":"product_cat-manometri","10":"first","11":"instock","12":"sale","13":"shipping-taxable","14":"purchasable","15":"product-type-simple"},"jetpack_sharing_enabled":true,"_links":{"self":[{"href":"https:\/\/valuealati.servis-jelic.hr\/index.php\/wp-json\/wp\/v2\/product\/8015","targetHints":{"allow":["GET"]}}],"collection":[{"href":"https:\/\/valuealati.servis-jelic.hr\/index.php\/wp-json\/wp\/v2\/product"}],"about":[{"href":"https:\/\/valuealati.servis-jelic.hr\/index.php\/wp-json\/wp\/v2\/types\/product"}],"replies":[{"embeddable":true,"href":"https:\/\/valuealati.servis-jelic.hr\/index.php\/wp-json\/wp\/v2\/comments?post=8015"}],"wp:featuredmedia":[{"embeddable":true,"href":"https:\/\/valuealati.servis-jelic.hr\/index.php\/wp-json\/wp\/v2\/media\/8017"}],"wp:attachment":[{"href":"https:\/\/valuealati.servis-jelic.hr\/index.php\/wp-json\/wp\/v2\/media?parent=8015"}],"wp:term":[{"taxonomy":"product_brand","embeddable":true,"href":"https:\/\/valuealati.servis-jelic.hr\/index.php\/wp-json\/wp\/v2\/product_brand?post=8015"},{"taxonomy":"product_cat","embeddable":true,"href":"https:\/\/valuealati.servis-jelic.hr\/index.php\/wp-json\/wp\/v2\/product_cat?post=8015"},{"taxonomy":"product_tag","embeddable":true,"href":"https:\/\/valuealati.servis-jelic.hr\/index.php\/wp-json\/wp\/v2\/product_tag?post=8015"}],"curies":[{"name":"wp","href":"https:\/\/api.w.org\/{rel}","templated":true}]}}