{"id":8019,"date":"2025-09-30T08:22:07","date_gmt":"2025-09-30T08:22:07","guid":{"rendered":"https:\/\/valuealati.servis-jelic.hr\/?post_type=product&#038;p=8019"},"modified":"2025-09-30T08:22:08","modified_gmt":"2025-09-30T08:22:08","slug":"manometar-value-vdg-2-s1-digitalni","status":"publish","type":"product","link":"https:\/\/valuealati.servis-jelic.hr\/index.php\/proizvod\/manometar-value-vdg-2-s1-digitalni\/","title":{"rendered":"Manometar VALUE VDG-2-S1 digitalni"},"content":{"rendered":"<p>VDG-2-S1 je digitalni dvo-kanalni manifold mjera\u010d namijenjen za rad s rashladnim sredstvima u klimatizaciji i rashladnoj tehnici. Precizan, digitalni\u00a0 s dvostrukim priklju\u010dkom, idealan za AC i rashladne sustave.<\/p>\n<p>Glavne zna\u010dajke:<\/p>\n<ul>\n<li>Kompatibilni rashladni plinovi: R22, R32, R290, R410A, R134a, R404A, R407C, R507, 1234yf<\/li>\n<li>Ku\u0107i\u0161te: otporno, plastika s gumenim za\u0161titnim slojem \/ premazom<\/li>\n<li>Prikaz: LCD zaslon s pozadinskim osvjetljenjem<\/li>\n<li>Indikator stanja baterije (battery status)<\/li>\n<li>3 crijeva<\/li>\n<\/ul>\n<p>&nbsp;<\/p>\n","protected":false},"excerpt":{"rendered":"<p>VDG-2-S1 je digitalni dvo-kanalni manifold mjera\u010d namijenjen za rad s rashladnim sredstvima u klimatizaciji i rashladnoj tehnici. Precizan, digitalni\u00a0 s dvostrukim priklju\u010dkom, idealan za AC i rashladne sustave. Glavne zna\u010dajke: Kompatibilni rashladni plinovi: R22, R32, R290, R410A, R134a, R404A, R407C, R507, 1234yf Ku\u0107i\u0161te: otporno, plastika s gumenim za\u0161titnim slojem \/ premazom Prikaz: LCD zaslon s [&hellip;]<\/p>\n","protected":false},"featured_media":8020,"comment_status":"open","ping_status":"closed","template":"","meta":[],"product_brand":[20],"product_cat":[197,195],"product_tag":[],"class_list":{"0":"post-8019","1":"product","2":"type-product","3":"status-publish","4":"has-post-thumbnail","6":"product_brand-value","7":"product_cat-digitalni-manometri-value","8":"product_cat-manometri","10":"first","11":"instock","12":"sale","13":"shipping-taxable","14":"purchasable","15":"product-type-simple"},"jetpack_sharing_enabled":true,"_links":{"self":[{"href":"https:\/\/valuealati.servis-jelic.hr\/index.php\/wp-json\/wp\/v2\/product\/8019","targetHints":{"allow":["GET"]}}],"collection":[{"href":"https:\/\/valuealati.servis-jelic.hr\/index.php\/wp-json\/wp\/v2\/product"}],"about":[{"href":"https:\/\/valuealati.servis-jelic.hr\/index.php\/wp-json\/wp\/v2\/types\/product"}],"replies":[{"embeddable":true,"href":"https:\/\/valuealati.servis-jelic.hr\/index.php\/wp-json\/wp\/v2\/comments?post=8019"}],"wp:featuredmedia":[{"embeddable":true,"href":"https:\/\/valuealati.servis-jelic.hr\/index.php\/wp-json\/wp\/v2\/media\/8020"}],"wp:attachment":[{"href":"https:\/\/valuealati.servis-jelic.hr\/index.php\/wp-json\/wp\/v2\/media?parent=8019"}],"wp:term":[{"taxonomy":"product_brand","embeddable":true,"href":"https:\/\/valuealati.servis-jelic.hr\/index.php\/wp-json\/wp\/v2\/product_brand?post=8019"},{"taxonomy":"product_cat","embeddable":true,"href":"https:\/\/valuealati.servis-jelic.hr\/index.php\/wp-json\/wp\/v2\/product_cat?post=8019"},{"taxonomy":"product_tag","embeddable":true,"href":"https:\/\/valuealati.servis-jelic.hr\/index.php\/wp-json\/wp\/v2\/product_tag?post=8019"}],"curies":[{"name":"wp","href":"https:\/\/api.w.org\/{rel}","templated":true}]}}