{"id":8023,"date":"2025-09-30T09:08:41","date_gmt":"2025-09-30T09:08:41","guid":{"rendered":"https:\/\/valuealati.servis-jelic.hr\/?post_type=product&#038;p=8023"},"modified":"2025-09-30T09:09:29","modified_gmt":"2025-09-30T09:09:29","slug":"manometar-value-vdg-s1-digitalni","status":"publish","type":"product","link":"https:\/\/valuealati.servis-jelic.hr\/index.php\/proizvod\/manometar-value-vdg-s1-digitalni\/","title":{"rendered":"Manometar VALUE VDG-S1 digitalni"},"content":{"rendered":"<p>VDG-S1 je digitalni jednokanalni manometar \/ digitalni manifold namijenjen za mjerenje tlaka rashladnih plinova (bez funkcije dvostrukog kanala)<\/p>\n<p>Glavne zna\u010dajke:<\/p>\n<ul>\n<li>mjerenje tlaka i vakuuma za rashladne sustave<\/li>\n<li data-start=\"427\" data-end=\"497\">LCD zaslon s pozadinskim osvjetljenjem za rad u svim uvjetima.<\/li>\n<li data-start=\"500\" data-end=\"563\">robusno ku\u0107i\u0161te s gumenom za\u0161titom \u2013 otporno na udarce<\/li>\n<li data-start=\"500\" data-end=\"563\">podr\u017eava R22, R134a, R290, R404A, R407C, R410A, R32, R507, 1234yf.<\/li>\n<li data-start=\"500\" data-end=\"563\">2 crijeva<\/li>\n<\/ul>\n","protected":false},"excerpt":{"rendered":"<p>VDG-S1 je digitalni jednokanalni manometar \/ digitalni manifold namijenjen za mjerenje tlaka rashladnih plinova (bez funkcije dvostrukog kanala) Glavne zna\u010dajke: mjerenje tlaka i vakuuma za rashladne sustave LCD zaslon s pozadinskim osvjetljenjem za rad u svim uvjetima. robusno ku\u0107i\u0161te s gumenom za\u0161titom \u2013 otporno na udarce podr\u017eava R22, R134a, R290, R404A, R407C, R410A, R32, R507, [&hellip;]<\/p>\n","protected":false},"featured_media":8024,"comment_status":"open","ping_status":"closed","template":"","meta":[],"product_brand":[20],"product_cat":[197,195],"product_tag":[],"class_list":{"0":"post-8023","1":"product","2":"type-product","3":"status-publish","4":"has-post-thumbnail","6":"product_brand-value","7":"product_cat-digitalni-manometri-value","8":"product_cat-manometri","10":"first","11":"instock","12":"sale","13":"shipping-taxable","14":"purchasable","15":"product-type-simple"},"jetpack_sharing_enabled":true,"_links":{"self":[{"href":"https:\/\/valuealati.servis-jelic.hr\/index.php\/wp-json\/wp\/v2\/product\/8023","targetHints":{"allow":["GET"]}}],"collection":[{"href":"https:\/\/valuealati.servis-jelic.hr\/index.php\/wp-json\/wp\/v2\/product"}],"about":[{"href":"https:\/\/valuealati.servis-jelic.hr\/index.php\/wp-json\/wp\/v2\/types\/product"}],"replies":[{"embeddable":true,"href":"https:\/\/valuealati.servis-jelic.hr\/index.php\/wp-json\/wp\/v2\/comments?post=8023"}],"wp:featuredmedia":[{"embeddable":true,"href":"https:\/\/valuealati.servis-jelic.hr\/index.php\/wp-json\/wp\/v2\/media\/8024"}],"wp:attachment":[{"href":"https:\/\/valuealati.servis-jelic.hr\/index.php\/wp-json\/wp\/v2\/media?parent=8023"}],"wp:term":[{"taxonomy":"product_brand","embeddable":true,"href":"https:\/\/valuealati.servis-jelic.hr\/index.php\/wp-json\/wp\/v2\/product_brand?post=8023"},{"taxonomy":"product_cat","embeddable":true,"href":"https:\/\/valuealati.servis-jelic.hr\/index.php\/wp-json\/wp\/v2\/product_cat?post=8023"},{"taxonomy":"product_tag","embeddable":true,"href":"https:\/\/valuealati.servis-jelic.hr\/index.php\/wp-json\/wp\/v2\/product_tag?post=8023"}],"curies":[{"name":"wp","href":"https:\/\/api.w.org\/{rel}","templated":true}]}}