{"id":8029,"date":"2025-10-01T07:56:17","date_gmt":"2025-10-01T07:56:17","guid":{"rendered":"https:\/\/valuealati.servis-jelic.hr\/?post_type=product&#038;p=8029"},"modified":"2026-02-27T12:16:55","modified_gmt":"2026-02-27T12:16:55","slug":"detektor-plina-value-vml-1","status":"publish","type":"product","link":"https:\/\/valuealati.servis-jelic.hr\/index.php\/proizvod\/detektor-plina-value-vml-1\/","title":{"rendered":"Detektor plina VALUE VML-1"},"content":{"rendered":"<p data-renderer-start-pos=\"29628\">Elektronski detektor Value VML-1\u00a0je pouzdan i visokokvalitetan ure\u0111aj namijenjen za detekciju razli\u010ditih tvari i materijala. Ovaj detektor dolazi u prakti\u010dnom PVC koferu, \u0161to ga \u010dini iznimno prijenosnim i lako dostupnim za profesionalnu upotrebu.<\/p>\n<p data-renderer-start-pos=\"29876\">Klju\u010dne Zna\u010dajke:<\/p>\n<ul>\n<li data-renderer-start-pos=\"29897\">Elektronski detektor za detekciju razli\u010ditih tvari i materijala<\/li>\n<li data-renderer-start-pos=\"29964\">Dolazi u PVC koferu za prakti\u010dan transport i skladi\u0161tenje<\/li>\n<\/ul>\n<p>Primjena:<\/p>\n<p>Elektronski detektor Value VML-1 mo\u017ee se koristiti u razli\u010ditim industrijama i aplikacijama, uklju\u010duju\u0107i sigurnosnu kontrolu, detekciju tvari i mnoge druge svrhe. Njegova visoka preciznost i pouzdanost \u010dine ga neophodnim alatom za profesionalce koji zahtijevaju to\u010dne detekcijske rezultate.<\/p>\n<p><a href=\"https:\/\/valuealati.servis-jelic.hr\/wp-content\/uploads\/2025\/10\/UPUTSTVO-ZA-DETEKTOR-PLINA-VALUE-VML-1-1.pdf\">UPUTSTVO ZA DETEKTOR PLINA VALUE VML-1 (1)<\/a><\/p>\n","protected":false},"excerpt":{"rendered":"<p>Elektronski detektor Value VML-1\u00a0je pouzdan i visokokvalitetan ure\u0111aj namijenjen za detekciju razli\u010ditih tvari i materijala. Ovaj detektor dolazi u prakti\u010dnom PVC koferu, \u0161to ga \u010dini iznimno prijenosnim i lako dostupnim za profesionalnu upotrebu. Klju\u010dne Zna\u010dajke: Elektronski detektor za detekciju razli\u010ditih tvari i materijala Dolazi u PVC koferu za prakti\u010dan transport i skladi\u0161tenje Primjena: Elektronski detektor [&hellip;]<\/p>\n","protected":false},"featured_media":8030,"comment_status":"open","ping_status":"closed","template":"","meta":[],"product_brand":[20],"product_cat":[198],"product_tag":[],"class_list":{"0":"post-8029","1":"product","2":"type-product","3":"status-publish","4":"has-post-thumbnail","6":"product_brand-value","7":"product_cat-detektori-plina-value","9":"first","10":"instock","11":"sale","12":"shipping-taxable","13":"purchasable","14":"product-type-simple"},"jetpack_sharing_enabled":true,"_links":{"self":[{"href":"https:\/\/valuealati.servis-jelic.hr\/index.php\/wp-json\/wp\/v2\/product\/8029","targetHints":{"allow":["GET"]}}],"collection":[{"href":"https:\/\/valuealati.servis-jelic.hr\/index.php\/wp-json\/wp\/v2\/product"}],"about":[{"href":"https:\/\/valuealati.servis-jelic.hr\/index.php\/wp-json\/wp\/v2\/types\/product"}],"replies":[{"embeddable":true,"href":"https:\/\/valuealati.servis-jelic.hr\/index.php\/wp-json\/wp\/v2\/comments?post=8029"}],"wp:featuredmedia":[{"embeddable":true,"href":"https:\/\/valuealati.servis-jelic.hr\/index.php\/wp-json\/wp\/v2\/media\/8030"}],"wp:attachment":[{"href":"https:\/\/valuealati.servis-jelic.hr\/index.php\/wp-json\/wp\/v2\/media?parent=8029"}],"wp:term":[{"taxonomy":"product_brand","embeddable":true,"href":"https:\/\/valuealati.servis-jelic.hr\/index.php\/wp-json\/wp\/v2\/product_brand?post=8029"},{"taxonomy":"product_cat","embeddable":true,"href":"https:\/\/valuealati.servis-jelic.hr\/index.php\/wp-json\/wp\/v2\/product_cat?post=8029"},{"taxonomy":"product_tag","embeddable":true,"href":"https:\/\/valuealati.servis-jelic.hr\/index.php\/wp-json\/wp\/v2\/product_tag?post=8029"}],"curies":[{"name":"wp","href":"https:\/\/api.w.org\/{rel}","templated":true}]}}