{"id":8032,"date":"2025-10-01T09:48:01","date_gmt":"2025-10-01T09:48:01","guid":{"rendered":"https:\/\/valuealati.servis-jelic.hr\/?post_type=product&#038;p=8032"},"modified":"2025-10-01T09:48:02","modified_gmt":"2025-10-01T09:48:02","slug":"detektor-plina-value-vml-2","status":"publish","type":"product","link":"https:\/\/valuealati.servis-jelic.hr\/index.php\/proizvod\/detektor-plina-value-vml-2\/","title":{"rendered":"Detektor plina VALUE VML-2"},"content":{"rendered":"<p><span class=\"Y2IQFc\" lang=\"hr\">Detektor curenja rashladnog sredstva VML-2 VALUE.<\/span><\/p>\n<p>Glavne zna\u010dajke:<\/p>\n<ul>\n<li><span class=\"Y2IQFc\" lang=\"hr\">Funkcija isklju\u010divanja zvuka <\/span><\/li>\n<li><span class=\"Y2IQFc\" lang=\"hr\">Automatsko resetiranje (kompenzacija pozadine)<\/span><\/li>\n<li><span class=\"Y2IQFc\" lang=\"hr\">3 razine osjetljivosti<\/span><\/li>\n<li><span class=\"Y2IQFc\" lang=\"hr\">Digitalni zaslon <\/span><\/li>\n<li><span class=\"Y2IQFc\" lang=\"hr\">Grijani poluvodi\u010dki senzor <\/span><\/li>\n<li><span class=\"Y2IQFc\" lang=\"hr\">Produ\u017eeni vijek trajanja senzora<\/span><\/li>\n<\/ul>\n","protected":false},"excerpt":{"rendered":"<p>Detektor curenja rashladnog sredstva VML-2 VALUE. Glavne zna\u010dajke: Funkcija isklju\u010divanja zvuka Automatsko resetiranje (kompenzacija pozadine) 3 razine osjetljivosti Digitalni zaslon Grijani poluvodi\u010dki senzor Produ\u017eeni vijek trajanja senzora<\/p>\n","protected":false},"featured_media":8035,"comment_status":"open","ping_status":"closed","template":"","meta":[],"product_brand":[20],"product_cat":[198],"product_tag":[],"class_list":{"0":"post-8032","1":"product","2":"type-product","3":"status-publish","4":"has-post-thumbnail","6":"product_brand-value","7":"product_cat-detektori-plina-value","9":"first","10":"instock","11":"shipping-taxable","12":"purchasable","13":"product-type-simple"},"jetpack_sharing_enabled":true,"_links":{"self":[{"href":"https:\/\/valuealati.servis-jelic.hr\/index.php\/wp-json\/wp\/v2\/product\/8032","targetHints":{"allow":["GET"]}}],"collection":[{"href":"https:\/\/valuealati.servis-jelic.hr\/index.php\/wp-json\/wp\/v2\/product"}],"about":[{"href":"https:\/\/valuealati.servis-jelic.hr\/index.php\/wp-json\/wp\/v2\/types\/product"}],"replies":[{"embeddable":true,"href":"https:\/\/valuealati.servis-jelic.hr\/index.php\/wp-json\/wp\/v2\/comments?post=8032"}],"wp:featuredmedia":[{"embeddable":true,"href":"https:\/\/valuealati.servis-jelic.hr\/index.php\/wp-json\/wp\/v2\/media\/8035"}],"wp:attachment":[{"href":"https:\/\/valuealati.servis-jelic.hr\/index.php\/wp-json\/wp\/v2\/media?parent=8032"}],"wp:term":[{"taxonomy":"product_brand","embeddable":true,"href":"https:\/\/valuealati.servis-jelic.hr\/index.php\/wp-json\/wp\/v2\/product_brand?post=8032"},{"taxonomy":"product_cat","embeddable":true,"href":"https:\/\/valuealati.servis-jelic.hr\/index.php\/wp-json\/wp\/v2\/product_cat?post=8032"},{"taxonomy":"product_tag","embeddable":true,"href":"https:\/\/valuealati.servis-jelic.hr\/index.php\/wp-json\/wp\/v2\/product_tag?post=8032"}],"curies":[{"name":"wp","href":"https:\/\/api.w.org\/{rel}","templated":true}]}}