{"id":8042,"date":"2025-10-01T09:34:33","date_gmt":"2025-10-01T09:34:33","guid":{"rendered":"https:\/\/valuealati.servis-jelic.hr\/?post_type=product&#038;p=8042"},"modified":"2025-10-01T09:34:33","modified_gmt":"2025-10-01T09:34:33","slug":"alat-za-sirenje-vhe-29d-col","status":"publish","type":"product","link":"https:\/\/valuealati.servis-jelic.hr\/index.php\/proizvod\/alat-za-sirenje-vhe-29d-col\/","title":{"rendered":"Alat za \u0161irenje VHE-29D col"},"content":{"rendered":"<p>Hidrauli\u010dki ekspander VALUE omogu\u0107uje jednostavno \u0161irenje cijevi na te\u0161ko dostupnim mjestima.<\/p>\n<p>Glavne zna\u010dajke:<\/p>\n<ul>\n<li>brzo i jednostavno rukovanje jednom rukom<\/li>\n<li>automatsko ispu\u0161tanje tlaka<\/li>\n<li>brz rad<\/li>\n<\/ul>\n","protected":false},"excerpt":{"rendered":"<p>Hidrauli\u010dki ekspander VALUE omogu\u0107uje jednostavno \u0161irenje cijevi na te\u0161ko dostupnim mjestima. Glavne zna\u010dajke: brzo i jednostavno rukovanje jednom rukom automatsko ispu\u0161tanje tlaka brz rad<\/p>\n","protected":false},"featured_media":8040,"comment_status":"open","ping_status":"closed","template":"","meta":[],"product_brand":[20],"product_cat":[199],"product_tag":[],"class_list":{"0":"post-8042","1":"product","2":"type-product","3":"status-publish","4":"has-post-thumbnail","6":"product_brand-value","7":"product_cat-alati-za-sirenje-value","9":"first","10":"instock","11":"sale","12":"shipping-taxable","13":"purchasable","14":"product-type-simple"},"jetpack_sharing_enabled":true,"_links":{"self":[{"href":"https:\/\/valuealati.servis-jelic.hr\/index.php\/wp-json\/wp\/v2\/product\/8042","targetHints":{"allow":["GET"]}}],"collection":[{"href":"https:\/\/valuealati.servis-jelic.hr\/index.php\/wp-json\/wp\/v2\/product"}],"about":[{"href":"https:\/\/valuealati.servis-jelic.hr\/index.php\/wp-json\/wp\/v2\/types\/product"}],"replies":[{"embeddable":true,"href":"https:\/\/valuealati.servis-jelic.hr\/index.php\/wp-json\/wp\/v2\/comments?post=8042"}],"wp:featuredmedia":[{"embeddable":true,"href":"https:\/\/valuealati.servis-jelic.hr\/index.php\/wp-json\/wp\/v2\/media\/8040"}],"wp:attachment":[{"href":"https:\/\/valuealati.servis-jelic.hr\/index.php\/wp-json\/wp\/v2\/media?parent=8042"}],"wp:term":[{"taxonomy":"product_brand","embeddable":true,"href":"https:\/\/valuealati.servis-jelic.hr\/index.php\/wp-json\/wp\/v2\/product_brand?post=8042"},{"taxonomy":"product_cat","embeddable":true,"href":"https:\/\/valuealati.servis-jelic.hr\/index.php\/wp-json\/wp\/v2\/product_cat?post=8042"},{"taxonomy":"product_tag","embeddable":true,"href":"https:\/\/valuealati.servis-jelic.hr\/index.php\/wp-json\/wp\/v2\/product_tag?post=8042"}],"curies":[{"name":"wp","href":"https:\/\/api.w.org\/{rel}","templated":true}]}}