{"id":8049,"date":"2025-10-01T10:10:50","date_gmt":"2025-10-01T10:10:50","guid":{"rendered":"https:\/\/valuealati.servis-jelic.hr\/?post_type=product&#038;p=8049"},"modified":"2025-10-01T10:10:51","modified_gmt":"2025-10-01T10:10:51","slug":"alat-za-savijanje-vbt-cb1","status":"publish","type":"product","link":"https:\/\/valuealati.servis-jelic.hr\/index.php\/proizvod\/alat-za-savijanje-vbt-cb1\/","title":{"rendered":"Alat za savijanje VBT-CB1"},"content":{"rendered":"<p><span class=\"Y2IQFc\" lang=\"hr\">Savija\u010d cijevi VALUE za meke bakrene cijevi <\/span><\/p>\n<p><span class=\"Y2IQFc\" lang=\"hr\">Glavne zna\u010dajke:<\/span><\/p>\n<ul>\n<li><span class=\"Y2IQFc\" lang=\"hr\">7 veli\u010dina u jednom dr\u017ea\u010du\u00a0<\/span><\/li>\n<li><span class=\"Y2IQFc\" lang=\"hr\">jednostavno savijanje bez napora <\/span><\/li>\n<li><span class=\"Y2IQFc\" lang=\"hr\">udoban i ergonomski oblik<\/span><\/li>\n<\/ul>\n","protected":false},"excerpt":{"rendered":"<p>Savija\u010d cijevi VALUE za meke bakrene cijevi Glavne zna\u010dajke: 7 veli\u010dina u jednom dr\u017ea\u010du\u00a0 jednostavno savijanje bez napora udoban i ergonomski oblik<\/p>\n","protected":false},"featured_media":8052,"comment_status":"open","ping_status":"closed","template":"","meta":[],"product_brand":[20],"product_cat":[200],"product_tag":[],"class_list":{"0":"post-8049","1":"product","2":"type-product","3":"status-publish","4":"has-post-thumbnail","6":"product_brand-value","7":"product_cat-alat-za-savijanje-cijevi-value","9":"first","10":"instock","11":"sale","12":"shipping-taxable","13":"purchasable","14":"product-type-simple"},"jetpack_sharing_enabled":true,"_links":{"self":[{"href":"https:\/\/valuealati.servis-jelic.hr\/index.php\/wp-json\/wp\/v2\/product\/8049","targetHints":{"allow":["GET"]}}],"collection":[{"href":"https:\/\/valuealati.servis-jelic.hr\/index.php\/wp-json\/wp\/v2\/product"}],"about":[{"href":"https:\/\/valuealati.servis-jelic.hr\/index.php\/wp-json\/wp\/v2\/types\/product"}],"replies":[{"embeddable":true,"href":"https:\/\/valuealati.servis-jelic.hr\/index.php\/wp-json\/wp\/v2\/comments?post=8049"}],"wp:featuredmedia":[{"embeddable":true,"href":"https:\/\/valuealati.servis-jelic.hr\/index.php\/wp-json\/wp\/v2\/media\/8052"}],"wp:attachment":[{"href":"https:\/\/valuealati.servis-jelic.hr\/index.php\/wp-json\/wp\/v2\/media?parent=8049"}],"wp:term":[{"taxonomy":"product_brand","embeddable":true,"href":"https:\/\/valuealati.servis-jelic.hr\/index.php\/wp-json\/wp\/v2\/product_brand?post=8049"},{"taxonomy":"product_cat","embeddable":true,"href":"https:\/\/valuealati.servis-jelic.hr\/index.php\/wp-json\/wp\/v2\/product_cat?post=8049"},{"taxonomy":"product_tag","embeddable":true,"href":"https:\/\/valuealati.servis-jelic.hr\/index.php\/wp-json\/wp\/v2\/product_tag?post=8049"}],"curies":[{"name":"wp","href":"https:\/\/api.w.org\/{rel}","templated":true}]}}