{"id":8057,"date":"2025-10-01T11:11:45","date_gmt":"2025-10-01T11:11:45","guid":{"rendered":"https:\/\/valuealati.servis-jelic.hr\/?post_type=product&#038;p=8057"},"modified":"2025-10-01T11:13:09","modified_gmt":"2025-10-01T11:13:09","slug":"alat-za-savijanje-vbt-3-5-8","status":"publish","type":"product","link":"https:\/\/valuealati.servis-jelic.hr\/index.php\/proizvod\/alat-za-savijanje-vbt-3-5-8\/","title":{"rendered":"Alat za savijanje VBT-3 5\/8&#8243;"},"content":{"rendered":"<p><span class=\"Y2IQFc\" lang=\"hr\">Savija\u010d VBT-3 VALUE za bakrene cijevi.<\/span><\/p>\n<p><span class=\"Y2IQFc\" lang=\"hr\">Glavne zna\u010dajke:<\/span><\/p>\n<ul>\n<li><span class=\"Y2IQFc\" lang=\"hr\">dvostruki valjci za smanjenje trenja<\/span><\/li>\n<li><span class=\"Y2IQFc\" lang=\"hr\">lako savijanje pod velikim kutovima<\/span><\/li>\n<li><span class=\"Y2IQFc\" lang=\"hr\">dizajn za za\u0161titu od savijanja cijevi<\/span><\/li>\n<\/ul>\n","protected":false},"excerpt":{"rendered":"<p>Savija\u010d VBT-3 VALUE za bakrene cijevi. Glavne zna\u010dajke: dvostruki valjci za smanjenje trenja lako savijanje pod velikim kutovima dizajn za za\u0161titu od savijanja cijevi<\/p>\n","protected":false},"featured_media":8060,"comment_status":"open","ping_status":"closed","template":"","meta":[],"product_brand":[20],"product_cat":[200],"product_tag":[],"class_list":{"0":"post-8057","1":"product","2":"type-product","3":"status-publish","4":"has-post-thumbnail","6":"product_brand-value","7":"product_cat-alat-za-savijanje-cijevi-value","9":"first","10":"instock","11":"sale","12":"shipping-taxable","13":"purchasable","14":"product-type-simple"},"jetpack_sharing_enabled":true,"_links":{"self":[{"href":"https:\/\/valuealati.servis-jelic.hr\/index.php\/wp-json\/wp\/v2\/product\/8057","targetHints":{"allow":["GET"]}}],"collection":[{"href":"https:\/\/valuealati.servis-jelic.hr\/index.php\/wp-json\/wp\/v2\/product"}],"about":[{"href":"https:\/\/valuealati.servis-jelic.hr\/index.php\/wp-json\/wp\/v2\/types\/product"}],"replies":[{"embeddable":true,"href":"https:\/\/valuealati.servis-jelic.hr\/index.php\/wp-json\/wp\/v2\/comments?post=8057"}],"wp:featuredmedia":[{"embeddable":true,"href":"https:\/\/valuealati.servis-jelic.hr\/index.php\/wp-json\/wp\/v2\/media\/8060"}],"wp:attachment":[{"href":"https:\/\/valuealati.servis-jelic.hr\/index.php\/wp-json\/wp\/v2\/media?parent=8057"}],"wp:term":[{"taxonomy":"product_brand","embeddable":true,"href":"https:\/\/valuealati.servis-jelic.hr\/index.php\/wp-json\/wp\/v2\/product_brand?post=8057"},{"taxonomy":"product_cat","embeddable":true,"href":"https:\/\/valuealati.servis-jelic.hr\/index.php\/wp-json\/wp\/v2\/product_cat?post=8057"},{"taxonomy":"product_tag","embeddable":true,"href":"https:\/\/valuealati.servis-jelic.hr\/index.php\/wp-json\/wp\/v2\/product_tag?post=8057"}],"curies":[{"name":"wp","href":"https:\/\/api.w.org\/{rel}","templated":true}]}}