{"id":8062,"date":"2025-10-01T11:19:57","date_gmt":"2025-10-01T11:19:57","guid":{"rendered":"https:\/\/valuealati.servis-jelic.hr\/?post_type=product&#038;p=8062"},"modified":"2025-10-01T11:19:58","modified_gmt":"2025-10-01T11:19:58","slug":"value-set-za-savijanje-cijevi-vbt-3s","status":"publish","type":"product","link":"https:\/\/valuealati.servis-jelic.hr\/index.php\/proizvod\/value-set-za-savijanje-cijevi-vbt-3s\/","title":{"rendered":"VALUE set za savijanje cijevi VBT-3S"},"content":{"rendered":"<p><span class=\"Y2IQFc\" lang=\"hr\">Plasti\u010dne \u0161ipke za savijanje cijevi VALUE u tekstilnoj vre\u0107ici &#8211; set od 4, svaka duljine 4 metra. <\/span><\/p>\n<p><span class=\"Y2IQFc\" lang=\"hr\">Koristi se za savijanje cijevi ili za\u0161titu cijevi tijekom \u017ebukanja zidova.<\/span><\/p>\n","protected":false},"excerpt":{"rendered":"<p>Plasti\u010dne \u0161ipke za savijanje cijevi VALUE u tekstilnoj vre\u0107ici &#8211; set od 4, svaka duljine 4 metra. Koristi se za savijanje cijevi ili za\u0161titu cijevi tijekom \u017ebukanja zidova.<\/p>\n","protected":false},"featured_media":8063,"comment_status":"open","ping_status":"closed","template":"","meta":[],"product_brand":[20],"product_cat":[200],"product_tag":[],"class_list":{"0":"post-8062","1":"product","2":"type-product","3":"status-publish","4":"has-post-thumbnail","6":"product_brand-value","7":"product_cat-alat-za-savijanje-cijevi-value","9":"first","10":"instock","11":"sale","12":"shipping-taxable","13":"purchasable","14":"product-type-simple"},"jetpack_sharing_enabled":true,"_links":{"self":[{"href":"https:\/\/valuealati.servis-jelic.hr\/index.php\/wp-json\/wp\/v2\/product\/8062","targetHints":{"allow":["GET"]}}],"collection":[{"href":"https:\/\/valuealati.servis-jelic.hr\/index.php\/wp-json\/wp\/v2\/product"}],"about":[{"href":"https:\/\/valuealati.servis-jelic.hr\/index.php\/wp-json\/wp\/v2\/types\/product"}],"replies":[{"embeddable":true,"href":"https:\/\/valuealati.servis-jelic.hr\/index.php\/wp-json\/wp\/v2\/comments?post=8062"}],"wp:featuredmedia":[{"embeddable":true,"href":"https:\/\/valuealati.servis-jelic.hr\/index.php\/wp-json\/wp\/v2\/media\/8063"}],"wp:attachment":[{"href":"https:\/\/valuealati.servis-jelic.hr\/index.php\/wp-json\/wp\/v2\/media?parent=8062"}],"wp:term":[{"taxonomy":"product_brand","embeddable":true,"href":"https:\/\/valuealati.servis-jelic.hr\/index.php\/wp-json\/wp\/v2\/product_brand?post=8062"},{"taxonomy":"product_cat","embeddable":true,"href":"https:\/\/valuealati.servis-jelic.hr\/index.php\/wp-json\/wp\/v2\/product_cat?post=8062"},{"taxonomy":"product_tag","embeddable":true,"href":"https:\/\/valuealati.servis-jelic.hr\/index.php\/wp-json\/wp\/v2\/product_tag?post=8062"}],"curies":[{"name":"wp","href":"https:\/\/api.w.org\/{rel}","templated":true}]}}