{"id":8073,"date":"2025-10-01T12:29:17","date_gmt":"2025-10-01T12:29:17","guid":{"rendered":"https:\/\/valuealati.servis-jelic.hr\/?post_type=product&#038;p=8073"},"modified":"2025-10-01T12:29:17","modified_gmt":"2025-10-01T12:29:17","slug":"amper-kljesta-value-vmc-1","status":"publish","type":"product","link":"https:\/\/valuealati.servis-jelic.hr\/index.php\/proizvod\/amper-kljesta-value-vmc-1\/","title":{"rendered":"Amper klje\u0161ta VALUE VMC-1"},"content":{"rendered":"<p><span class=\"Y2IQFc\" lang=\"hr\">Serija VMC-1 VALUE obuhva\u0107a ru\u010dne mjerne stezaljke s funkcijom automatskog odabira raspona. Ure\u0111aj je dizajniran imaju\u0107i na umu ergonomiju i sigurnost. Svaki raspon opremljen je individualnom za\u0161titom od preoptere\u0107enja. <\/span><\/p>\n<p><span class=\"Y2IQFc\" lang=\"hr\">Glavne zna\u010dajke: <\/span><\/p>\n<ul>\n<li><span class=\"Y2IQFc\" lang=\"hr\">NCV \u2013 Detekcija \u017eica u zidovima <\/span><\/li>\n<li><span class=\"Y2IQFc\" lang=\"hr\">Mjerenje AC\/DC napona AC struje<\/span><\/li>\n<li><span class=\"Y2IQFc\" lang=\"hr\">Otpor Ispitivanje dioda <\/span><\/li>\n<li><span class=\"Y2IQFc\" lang=\"hr\">Provjera kontinuiteta<\/span><\/li>\n<li><span class=\"Y2IQFc\" lang=\"hr\">Kapacitivnost <\/span><\/li>\n<li><span class=\"Y2IQFc\" lang=\"hr\">Mjerenje temperature<\/span><\/li>\n<li><span class=\"Y2IQFc\" lang=\"hr\">Funkcija zadr\u017eavanja podataka <\/span><\/li>\n<li><span class=\"Y2IQFc\" lang=\"hr\">Maksimalno\/min mjerenje <\/span><\/li>\n<li><span class=\"Y2IQFc\" lang=\"hr\">Relativno mjerenje <\/span><\/li>\n<li><span class=\"Y2IQFc\" lang=\"hr\">Indikacija slabe baterije <\/span><\/li>\n<li><span class=\"Y2IQFc\" lang=\"hr\">Zvu\u010dni i vizualni alarmi <\/span><\/li>\n<li><span class=\"Y2IQFc\" lang=\"hr\">Automatsko isklju\u010divanje<\/span><\/li>\n<\/ul>\n","protected":false},"excerpt":{"rendered":"<p>Serija VMC-1 VALUE obuhva\u0107a ru\u010dne mjerne stezaljke s funkcijom automatskog odabira raspona. Ure\u0111aj je dizajniran imaju\u0107i na umu ergonomiju i sigurnost. Svaki raspon opremljen je individualnom za\u0161titom od preoptere\u0107enja. Glavne zna\u010dajke: NCV \u2013 Detekcija \u017eica u zidovima Mjerenje AC\/DC napona AC struje Otpor Ispitivanje dioda Provjera kontinuiteta Kapacitivnost Mjerenje temperature Funkcija zadr\u017eavanja podataka Maksimalno\/min mjerenje [&hellip;]<\/p>\n","protected":false},"featured_media":8077,"comment_status":"open","ping_status":"closed","template":"","meta":[],"product_brand":[20],"product_cat":[201],"product_tag":[],"class_list":{"0":"post-8073","1":"product","2":"type-product","3":"status-publish","4":"has-post-thumbnail","6":"product_brand-value","7":"product_cat-mjerni-alati-value","9":"first","10":"instock","11":"sale","12":"shipping-taxable","13":"purchasable","14":"product-type-simple"},"jetpack_sharing_enabled":true,"_links":{"self":[{"href":"https:\/\/valuealati.servis-jelic.hr\/index.php\/wp-json\/wp\/v2\/product\/8073","targetHints":{"allow":["GET"]}}],"collection":[{"href":"https:\/\/valuealati.servis-jelic.hr\/index.php\/wp-json\/wp\/v2\/product"}],"about":[{"href":"https:\/\/valuealati.servis-jelic.hr\/index.php\/wp-json\/wp\/v2\/types\/product"}],"replies":[{"embeddable":true,"href":"https:\/\/valuealati.servis-jelic.hr\/index.php\/wp-json\/wp\/v2\/comments?post=8073"}],"wp:featuredmedia":[{"embeddable":true,"href":"https:\/\/valuealati.servis-jelic.hr\/index.php\/wp-json\/wp\/v2\/media\/8077"}],"wp:attachment":[{"href":"https:\/\/valuealati.servis-jelic.hr\/index.php\/wp-json\/wp\/v2\/media?parent=8073"}],"wp:term":[{"taxonomy":"product_brand","embeddable":true,"href":"https:\/\/valuealati.servis-jelic.hr\/index.php\/wp-json\/wp\/v2\/product_brand?post=8073"},{"taxonomy":"product_cat","embeddable":true,"href":"https:\/\/valuealati.servis-jelic.hr\/index.php\/wp-json\/wp\/v2\/product_cat?post=8073"},{"taxonomy":"product_tag","embeddable":true,"href":"https:\/\/valuealati.servis-jelic.hr\/index.php\/wp-json\/wp\/v2\/product_tag?post=8073"}],"curies":[{"name":"wp","href":"https:\/\/api.w.org\/{rel}","templated":true}]}}