{"id":8083,"date":"2025-10-01T12:53:48","date_gmt":"2025-10-01T12:53:48","guid":{"rendered":"https:\/\/valuealati.servis-jelic.hr\/?post_type=product&#038;p=8083"},"modified":"2025-10-16T10:03:02","modified_gmt":"2025-10-16T10:03:02","slug":"vakummetar-value-vmv-1-dig","status":"publish","type":"product","link":"https:\/\/valuealati.servis-jelic.hr\/index.php\/proizvod\/vakummetar-value-vmv-1-dig\/","title":{"rendered":"Vakummetar VALUE VMV-1 dig"},"content":{"rendered":"<p><span class=\"Y2IQFc\" lang=\"hr\">VMV-1 VALUE koristi pirani visokoprecizni vakuumski senzor za precizno mjerenje razine vakuuma. Digitalni zaslon pru\u017ea sveobuhvatan pregled uvjeta vakuuma. Kada se dostigne unaprijed postavljena razina vakuuma, oglasit \u0107e se zvu\u010dni signal kao podsjetnik. Kada se razina vakuuma smanji s unaprijed postavljene razine vakuuma, brzo \u0107e se zvu\u010dno signalizirati i pozadinsko svjetlo \u0107e bljeskati kako bi upozorilo na curenje.<\/span><\/p>\n","protected":false},"excerpt":{"rendered":"<p>VMV-1 VALUE koristi pirani visokoprecizni vakuumski senzor za precizno mjerenje razine vakuuma. Digitalni zaslon pru\u017ea sveobuhvatan pregled uvjeta vakuuma. Kada se dostigne unaprijed postavljena razina vakuuma, oglasit \u0107e se zvu\u010dni signal kao podsjetnik. Kada se razina vakuuma smanji s unaprijed postavljene razine vakuuma, brzo \u0107e se zvu\u010dno signalizirati i pozadinsko svjetlo \u0107e bljeskati kako bi [&hellip;]<\/p>\n","protected":false},"featured_media":8085,"comment_status":"open","ping_status":"closed","template":"","meta":[],"product_brand":[20],"product_cat":[201],"product_tag":[],"class_list":{"0":"post-8083","1":"product","2":"type-product","3":"status-publish","4":"has-post-thumbnail","6":"product_brand-value","7":"product_cat-mjerni-alati-value","9":"first","10":"instock","11":"sale","12":"shipping-taxable","13":"purchasable","14":"product-type-simple"},"jetpack_sharing_enabled":true,"_links":{"self":[{"href":"https:\/\/valuealati.servis-jelic.hr\/index.php\/wp-json\/wp\/v2\/product\/8083","targetHints":{"allow":["GET"]}}],"collection":[{"href":"https:\/\/valuealati.servis-jelic.hr\/index.php\/wp-json\/wp\/v2\/product"}],"about":[{"href":"https:\/\/valuealati.servis-jelic.hr\/index.php\/wp-json\/wp\/v2\/types\/product"}],"replies":[{"embeddable":true,"href":"https:\/\/valuealati.servis-jelic.hr\/index.php\/wp-json\/wp\/v2\/comments?post=8083"}],"wp:featuredmedia":[{"embeddable":true,"href":"https:\/\/valuealati.servis-jelic.hr\/index.php\/wp-json\/wp\/v2\/media\/8085"}],"wp:attachment":[{"href":"https:\/\/valuealati.servis-jelic.hr\/index.php\/wp-json\/wp\/v2\/media?parent=8083"}],"wp:term":[{"taxonomy":"product_brand","embeddable":true,"href":"https:\/\/valuealati.servis-jelic.hr\/index.php\/wp-json\/wp\/v2\/product_brand?post=8083"},{"taxonomy":"product_cat","embeddable":true,"href":"https:\/\/valuealati.servis-jelic.hr\/index.php\/wp-json\/wp\/v2\/product_cat?post=8083"},{"taxonomy":"product_tag","embeddable":true,"href":"https:\/\/valuealati.servis-jelic.hr\/index.php\/wp-json\/wp\/v2\/product_tag?post=8083"}],"curies":[{"name":"wp","href":"https:\/\/api.w.org\/{rel}","templated":true}]}}