{"id":8093,"date":"2025-10-01T13:18:14","date_gmt":"2025-10-01T13:18:14","guid":{"rendered":"https:\/\/valuealati.servis-jelic.hr\/?post_type=product&#038;p=8093"},"modified":"2025-10-01T13:18:14","modified_gmt":"2025-10-01T13:18:14","slug":"anemometar-vma-1-value","status":"publish","type":"product","link":"https:\/\/valuealati.servis-jelic.hr\/index.php\/proizvod\/anemometar-vma-1-value\/","title":{"rendered":"Anemometar VMA-1 VALUE"},"content":{"rendered":"<p><span class=\"Y2IQFc\" lang=\"hr\">Anemometar VMA-1 VALUE, s tehnologijom magnetskog senzora i preciznim ra\u010dunalnim poja\u010dalom, omogu\u0107uje izravno pretvaranje protoka zraka u elektri\u010dne signale; putem mikroprocesora obra\u0111uje podatke, koriste\u0107i elektroni\u010dki digitalni zaslon kako bi vam pru\u017eio to\u010dna mjerenja. Rje\u0161ava probleme s tradicionalnim anemometrima poput velikog volumena i velike po\u010detne brzine zraka, jam\u010de\u0107i precizno mjerenje.<\/span><\/p>\n","protected":false},"excerpt":{"rendered":"<p>Anemometar VMA-1 VALUE, s tehnologijom magnetskog senzora i preciznim ra\u010dunalnim poja\u010dalom, omogu\u0107uje izravno pretvaranje protoka zraka u elektri\u010dne signale; putem mikroprocesora obra\u0111uje podatke, koriste\u0107i elektroni\u010dki digitalni zaslon kako bi vam pru\u017eio to\u010dna mjerenja. Rje\u0161ava probleme s tradicionalnim anemometrima poput velikog volumena i velike po\u010detne brzine zraka, jam\u010de\u0107i precizno mjerenje.<\/p>\n","protected":false},"featured_media":8096,"comment_status":"open","ping_status":"closed","template":"","meta":[],"product_brand":[20],"product_cat":[201],"product_tag":[],"class_list":{"0":"post-8093","1":"product","2":"type-product","3":"status-publish","4":"has-post-thumbnail","6":"product_brand-value","7":"product_cat-mjerni-alati-value","9":"first","10":"instock","11":"sale","12":"shipping-taxable","13":"purchasable","14":"product-type-simple"},"jetpack_sharing_enabled":true,"_links":{"self":[{"href":"https:\/\/valuealati.servis-jelic.hr\/index.php\/wp-json\/wp\/v2\/product\/8093","targetHints":{"allow":["GET"]}}],"collection":[{"href":"https:\/\/valuealati.servis-jelic.hr\/index.php\/wp-json\/wp\/v2\/product"}],"about":[{"href":"https:\/\/valuealati.servis-jelic.hr\/index.php\/wp-json\/wp\/v2\/types\/product"}],"replies":[{"embeddable":true,"href":"https:\/\/valuealati.servis-jelic.hr\/index.php\/wp-json\/wp\/v2\/comments?post=8093"}],"wp:featuredmedia":[{"embeddable":true,"href":"https:\/\/valuealati.servis-jelic.hr\/index.php\/wp-json\/wp\/v2\/media\/8096"}],"wp:attachment":[{"href":"https:\/\/valuealati.servis-jelic.hr\/index.php\/wp-json\/wp\/v2\/media?parent=8093"}],"wp:term":[{"taxonomy":"product_brand","embeddable":true,"href":"https:\/\/valuealati.servis-jelic.hr\/index.php\/wp-json\/wp\/v2\/product_brand?post=8093"},{"taxonomy":"product_cat","embeddable":true,"href":"https:\/\/valuealati.servis-jelic.hr\/index.php\/wp-json\/wp\/v2\/product_cat?post=8093"},{"taxonomy":"product_tag","embeddable":true,"href":"https:\/\/valuealati.servis-jelic.hr\/index.php\/wp-json\/wp\/v2\/product_tag?post=8093"}],"curies":[{"name":"wp","href":"https:\/\/api.w.org\/{rel}","templated":true}]}}