{"id":8109,"date":"2025-10-02T11:32:38","date_gmt":"2025-10-02T11:32:38","guid":{"rendered":"https:\/\/valuealati.servis-jelic.hr\/?post_type=product&#038;p=8109"},"modified":"2025-10-02T11:32:38","modified_gmt":"2025-10-02T11:32:38","slug":"noz-za-cu-value-vtc-42-6-42mm","status":"publish","type":"product","link":"https:\/\/valuealati.servis-jelic.hr\/index.php\/proizvod\/noz-za-cu-value-vtc-42-6-42mm\/","title":{"rendered":"No\u017e za CU VALUE VTC-42 6-42mm"},"content":{"rendered":"<p><span class=\"Y2IQFc\" lang=\"hr\">Reza\u010d cijevi VTC-42 VALUE za bakrene cijevi.<\/span><\/p>\n<p><span class=\"Y2IQFc\" lang=\"hr\">Glavne zna\u010dajke: <\/span><\/p>\n<ul>\n<li><span class=\"Y2IQFc\" lang=\"hr\">o\u0161trica od legiranog alatnog \u010delika<\/span><\/li>\n<li><span class=\"Y2IQFc\" lang=\"hr\">kontrolna ru\u010dka kugli\u010dni le\u017eaj<\/span><\/li>\n<\/ul>\n","protected":false},"excerpt":{"rendered":"<p>Reza\u010d cijevi VTC-42 VALUE za bakrene cijevi. Glavne zna\u010dajke: o\u0161trica od legiranog alatnog \u010delika kontrolna ru\u010dka kugli\u010dni le\u017eaj<\/p>\n","protected":false},"featured_media":8111,"comment_status":"open","ping_status":"closed","template":"","meta":[],"product_brand":[20],"product_cat":[202,203],"product_tag":[],"class_list":{"0":"post-8109","1":"product","2":"type-product","3":"status-publish","4":"has-post-thumbnail","6":"product_brand-value","7":"product_cat-nozevi-i-cistaci-value","8":"product_cat-nozevi-vtc-value","10":"first","11":"instock","12":"sale","13":"shipping-taxable","14":"purchasable","15":"product-type-simple"},"jetpack_sharing_enabled":true,"_links":{"self":[{"href":"https:\/\/valuealati.servis-jelic.hr\/index.php\/wp-json\/wp\/v2\/product\/8109","targetHints":{"allow":["GET"]}}],"collection":[{"href":"https:\/\/valuealati.servis-jelic.hr\/index.php\/wp-json\/wp\/v2\/product"}],"about":[{"href":"https:\/\/valuealati.servis-jelic.hr\/index.php\/wp-json\/wp\/v2\/types\/product"}],"replies":[{"embeddable":true,"href":"https:\/\/valuealati.servis-jelic.hr\/index.php\/wp-json\/wp\/v2\/comments?post=8109"}],"wp:featuredmedia":[{"embeddable":true,"href":"https:\/\/valuealati.servis-jelic.hr\/index.php\/wp-json\/wp\/v2\/media\/8111"}],"wp:attachment":[{"href":"https:\/\/valuealati.servis-jelic.hr\/index.php\/wp-json\/wp\/v2\/media?parent=8109"}],"wp:term":[{"taxonomy":"product_brand","embeddable":true,"href":"https:\/\/valuealati.servis-jelic.hr\/index.php\/wp-json\/wp\/v2\/product_brand?post=8109"},{"taxonomy":"product_cat","embeddable":true,"href":"https:\/\/valuealati.servis-jelic.hr\/index.php\/wp-json\/wp\/v2\/product_cat?post=8109"},{"taxonomy":"product_tag","embeddable":true,"href":"https:\/\/valuealati.servis-jelic.hr\/index.php\/wp-json\/wp\/v2\/product_tag?post=8109"}],"curies":[{"name":"wp","href":"https:\/\/api.w.org\/{rel}","templated":true}]}}