{"id":8117,"date":"2025-10-02T11:43:48","date_gmt":"2025-10-02T11:43:48","guid":{"rendered":"https:\/\/valuealati.servis-jelic.hr\/?post_type=product&#038;p=8117"},"modified":"2025-10-02T11:43:49","modified_gmt":"2025-10-02T11:43:49","slug":"cistac-cijevi-vtt-5-value","status":"publish","type":"product","link":"https:\/\/valuealati.servis-jelic.hr\/index.php\/proizvod\/cistac-cijevi-vtt-5-value\/","title":{"rendered":"\u010cista\u010d cijevi VTT-5 VALUE"},"content":{"rendered":"<p><span class=\"Y2IQFc\" lang=\"hr\">Skida\u010d neravnina u obliku olovke &#8211; VTT-5B VALUE za uklanjanje unutarnjih neravnina. <\/span><\/p>\n<p><span class=\"Y2IQFc\" lang=\"hr\">Glavne zna\u010dajke:<\/span><\/p>\n<ul>\n<li><span class=\"Y2IQFc\" lang=\"hr\">jednostavno i brzo kori\u0161tenje<\/span><\/li>\n<li><span class=\"Y2IQFc\" lang=\"hr\">uklju\u010dene dvije dodatne, zamjenjive o\u0161trice<\/span><\/li>\n<\/ul>\n","protected":false},"excerpt":{"rendered":"<p>Skida\u010d neravnina u obliku olovke &#8211; VTT-5B VALUE za uklanjanje unutarnjih neravnina. Glavne zna\u010dajke: jednostavno i brzo kori\u0161tenje uklju\u010dene dvije dodatne, zamjenjive o\u0161trice<\/p>\n","protected":false},"featured_media":8120,"comment_status":"open","ping_status":"closed","template":"","meta":[],"product_brand":[20],"product_cat":[204,202],"product_tag":[],"class_list":{"0":"post-8117","1":"product","2":"type-product","3":"status-publish","4":"has-post-thumbnail","6":"product_brand-value","7":"product_cat-cistaci-za-cijevi-value","8":"product_cat-nozevi-i-cistaci-value","10":"first","11":"instock","12":"sale","13":"shipping-taxable","14":"purchasable","15":"product-type-simple"},"jetpack_sharing_enabled":true,"_links":{"self":[{"href":"https:\/\/valuealati.servis-jelic.hr\/index.php\/wp-json\/wp\/v2\/product\/8117","targetHints":{"allow":["GET"]}}],"collection":[{"href":"https:\/\/valuealati.servis-jelic.hr\/index.php\/wp-json\/wp\/v2\/product"}],"about":[{"href":"https:\/\/valuealati.servis-jelic.hr\/index.php\/wp-json\/wp\/v2\/types\/product"}],"replies":[{"embeddable":true,"href":"https:\/\/valuealati.servis-jelic.hr\/index.php\/wp-json\/wp\/v2\/comments?post=8117"}],"wp:featuredmedia":[{"embeddable":true,"href":"https:\/\/valuealati.servis-jelic.hr\/index.php\/wp-json\/wp\/v2\/media\/8120"}],"wp:attachment":[{"href":"https:\/\/valuealati.servis-jelic.hr\/index.php\/wp-json\/wp\/v2\/media?parent=8117"}],"wp:term":[{"taxonomy":"product_brand","embeddable":true,"href":"https:\/\/valuealati.servis-jelic.hr\/index.php\/wp-json\/wp\/v2\/product_brand?post=8117"},{"taxonomy":"product_cat","embeddable":true,"href":"https:\/\/valuealati.servis-jelic.hr\/index.php\/wp-json\/wp\/v2\/product_cat?post=8117"},{"taxonomy":"product_tag","embeddable":true,"href":"https:\/\/valuealati.servis-jelic.hr\/index.php\/wp-json\/wp\/v2\/product_tag?post=8117"}],"curies":[{"name":"wp","href":"https:\/\/api.w.org\/{rel}","templated":true}]}}