{"id":8121,"date":"2025-10-02T11:47:14","date_gmt":"2025-10-02T11:47:14","guid":{"rendered":"https:\/\/valuealati.servis-jelic.hr\/?post_type=product&#038;p=8121"},"modified":"2025-10-02T11:47:14","modified_gmt":"2025-10-02T11:47:14","slug":"cistac-cijevi-vrt-301-value","status":"publish","type":"product","link":"https:\/\/valuealati.servis-jelic.hr\/index.php\/proizvod\/cistac-cijevi-vrt-301-value\/","title":{"rendered":"\u010cista\u010d cijevi VRT-301 VALUE"},"content":{"rendered":"<p><span class=\"Y2IQFc\" lang=\"hr\">Plasti\u010dni odstranjiva\u010d neravnina &#8211; VRT-301 VALUE za uklanjanje neravnina s unutarnje i vanjske povr\u0161ine cijevi. <\/span><\/p>\n<p><span class=\"Y2IQFc\" lang=\"hr\">Glavne zna\u010dajke: <\/span><\/p>\n<ul>\n<li><span class=\"Y2IQFc\" lang=\"hr\">dizajniran za bakar, aluminij, PVC<\/span><\/li>\n<li><span class=\"Y2IQFc\" lang=\"hr\">promjer primjene 4 ~ 40 mm<\/span><\/li>\n<\/ul>\n","protected":false},"excerpt":{"rendered":"<p>Plasti\u010dni odstranjiva\u010d neravnina &#8211; VRT-301 VALUE za uklanjanje neravnina s unutarnje i vanjske povr\u0161ine cijevi. Glavne zna\u010dajke: dizajniran za bakar, aluminij, PVC promjer primjene 4 ~ 40 mm<\/p>\n","protected":false},"featured_media":8124,"comment_status":"open","ping_status":"closed","template":"","meta":[],"product_brand":[20],"product_cat":[204,202],"product_tag":[],"class_list":{"0":"post-8121","1":"product","2":"type-product","3":"status-publish","4":"has-post-thumbnail","6":"product_brand-value","7":"product_cat-cistaci-za-cijevi-value","8":"product_cat-nozevi-i-cistaci-value","10":"first","11":"instock","12":"sale","13":"shipping-taxable","14":"purchasable","15":"product-type-simple"},"jetpack_sharing_enabled":true,"_links":{"self":[{"href":"https:\/\/valuealati.servis-jelic.hr\/index.php\/wp-json\/wp\/v2\/product\/8121","targetHints":{"allow":["GET"]}}],"collection":[{"href":"https:\/\/valuealati.servis-jelic.hr\/index.php\/wp-json\/wp\/v2\/product"}],"about":[{"href":"https:\/\/valuealati.servis-jelic.hr\/index.php\/wp-json\/wp\/v2\/types\/product"}],"replies":[{"embeddable":true,"href":"https:\/\/valuealati.servis-jelic.hr\/index.php\/wp-json\/wp\/v2\/comments?post=8121"}],"wp:featuredmedia":[{"embeddable":true,"href":"https:\/\/valuealati.servis-jelic.hr\/index.php\/wp-json\/wp\/v2\/media\/8124"}],"wp:attachment":[{"href":"https:\/\/valuealati.servis-jelic.hr\/index.php\/wp-json\/wp\/v2\/media?parent=8121"}],"wp:term":[{"taxonomy":"product_brand","embeddable":true,"href":"https:\/\/valuealati.servis-jelic.hr\/index.php\/wp-json\/wp\/v2\/product_brand?post=8121"},{"taxonomy":"product_cat","embeddable":true,"href":"https:\/\/valuealati.servis-jelic.hr\/index.php\/wp-json\/wp\/v2\/product_cat?post=8121"},{"taxonomy":"product_tag","embeddable":true,"href":"https:\/\/valuealati.servis-jelic.hr\/index.php\/wp-json\/wp\/v2\/product_tag?post=8121"}],"curies":[{"name":"wp","href":"https:\/\/api.w.org\/{rel}","templated":true}]}}