{"id":8142,"date":"2025-10-03T07:40:39","date_gmt":"2025-10-03T07:40:39","guid":{"rendered":"https:\/\/valuealati.servis-jelic.hr\/?post_type=product&#038;p=8142"},"modified":"2025-10-03T07:40:39","modified_gmt":"2025-10-03T07:40:39","slug":"alat-za-mijenjanje-ventila-vcr1","status":"publish","type":"product","link":"https:\/\/valuealati.servis-jelic.hr\/index.php\/proizvod\/alat-za-mijenjanje-ventila-vcr1\/","title":{"rendered":"Alat za mijenjanje ventila VCR1"},"content":{"rendered":"<p><span class=\"Y2IQFc\" lang=\"hr\">Alat za zamjenu servisnih ventila i besprijekorno pra\u017enjenje i ponovno punjenje VCR1 (1\/4\u201d x 1\/4\u201d i 5\/16\u201d) instalacija tvrtke VALUE. Priklju\u010dak servisnog ventila dvostruke veli\u010dine za klima ure\u0111aj eliminira potrebu za dva odvojena alata.<\/span><\/p>\n<p><span class=\"Y2IQFc\" lang=\"hr\">Primjena:<\/span><\/p>\n<ul>\n<li><span class=\"Y2IQFc\" lang=\"hr\">besprijekorno pra\u017enjenje i ponovno punjenje instalacija ili vakuumiranje\u00a0<\/span><\/li>\n<li><span class=\"Y2IQFc\" lang=\"hr\">zamjena ventila pod tlakom\u00a0<\/span><\/li>\n<li><span class=\"Y2IQFc\" lang=\"hr\">funkcionira kao T-priklju\u010dak za spajanje vakuummetra <\/span><\/li>\n<\/ul>\n","protected":false},"excerpt":{"rendered":"<p>Alat za zamjenu servisnih ventila i besprijekorno pra\u017enjenje i ponovno punjenje VCR1 (1\/4\u201d x 1\/4\u201d i 5\/16\u201d) instalacija tvrtke VALUE. Priklju\u010dak servisnog ventila dvostruke veli\u010dine za klima ure\u0111aj eliminira potrebu za dva odvojena alata. Primjena: besprijekorno pra\u017enjenje i ponovno punjenje instalacija ili vakuumiranje\u00a0 zamjena ventila pod tlakom\u00a0 funkcionira kao T-priklju\u010dak za spajanje vakuummetra<\/p>\n","protected":false},"featured_media":8145,"comment_status":"open","ping_status":"closed","template":"","meta":[],"product_brand":[20],"product_cat":[205],"product_tag":[],"class_list":{"0":"post-8142","1":"product","2":"type-product","3":"status-publish","4":"has-post-thumbnail","6":"product_brand-value","7":"product_cat-ventili-value","9":"first","10":"instock","11":"sale","12":"shipping-taxable","13":"purchasable","14":"product-type-simple"},"jetpack_sharing_enabled":true,"_links":{"self":[{"href":"https:\/\/valuealati.servis-jelic.hr\/index.php\/wp-json\/wp\/v2\/product\/8142","targetHints":{"allow":["GET"]}}],"collection":[{"href":"https:\/\/valuealati.servis-jelic.hr\/index.php\/wp-json\/wp\/v2\/product"}],"about":[{"href":"https:\/\/valuealati.servis-jelic.hr\/index.php\/wp-json\/wp\/v2\/types\/product"}],"replies":[{"embeddable":true,"href":"https:\/\/valuealati.servis-jelic.hr\/index.php\/wp-json\/wp\/v2\/comments?post=8142"}],"wp:featuredmedia":[{"embeddable":true,"href":"https:\/\/valuealati.servis-jelic.hr\/index.php\/wp-json\/wp\/v2\/media\/8145"}],"wp:attachment":[{"href":"https:\/\/valuealati.servis-jelic.hr\/index.php\/wp-json\/wp\/v2\/media?parent=8142"}],"wp:term":[{"taxonomy":"product_brand","embeddable":true,"href":"https:\/\/valuealati.servis-jelic.hr\/index.php\/wp-json\/wp\/v2\/product_brand?post=8142"},{"taxonomy":"product_cat","embeddable":true,"href":"https:\/\/valuealati.servis-jelic.hr\/index.php\/wp-json\/wp\/v2\/product_cat?post=8142"},{"taxonomy":"product_tag","embeddable":true,"href":"https:\/\/valuealati.servis-jelic.hr\/index.php\/wp-json\/wp\/v2\/product_tag?post=8142"}],"curies":[{"name":"wp","href":"https:\/\/api.w.org\/{rel}","templated":true}]}}