{"id":8163,"date":"2025-10-03T08:50:33","date_gmt":"2025-10-03T08:50:33","guid":{"rendered":"https:\/\/valuealati.servis-jelic.hr\/?post_type=product&#038;p=8163"},"modified":"2026-02-27T11:41:13","modified_gmt":"2026-02-27T11:41:13","slug":"vaga-value-ves-50a-50kg","status":"publish","type":"product","link":"https:\/\/valuealati.servis-jelic.hr\/index.php\/proizvod\/vaga-value-ves-50a-50kg\/","title":{"rendered":"Vaga VALUE VES-50A 50kg"},"content":{"rendered":"<p>VALUE VES-50A je precizna elektroni\u010dka vaga kapaciteta 50 kg, namijenjena za mobile punjenje i pra\u017enjenje rashladnih sredstava u HVAC\/R sustavima. Odlikuje se robusnim ku\u0107i\u0161tem, LCD zaslonom s pozadinskim osvjetljenjem, visokom to\u010dno\u0161\u0107u i jednostavnim korisni\u010dkim su\u010deljem. Namijenjena je terenskoj uporabi s baterijskim napajanjem, s mogu\u0107no\u0161\u0107u signalizacije zavr\u0161etka punjenja.<\/p>\n<p>Glavne zna\u010dajke:<\/p>\n<ul>\n<li>Tare funkcija (izra\u010dun neto mase<\/li>\n<li>LCD zaslon s pozadinskim osvjetljenjem<\/li>\n<li>Zvu\u010dni alarm pri zavr\u0161etku punjenja<\/li>\n<li>Indikator \u201c\u00b10,05 %\u201d to\u010dnosti<\/li>\n<\/ul>\n<p><a href=\"https:\/\/valuealati.servis-jelic.hr\/wp-content\/uploads\/2025\/10\/Upustvo-vaga-VES-50A_250811_124747.pdf\">Upustvo vaga VES-50A_250811_124747<\/a> <a href=\"https:\/\/valuealati.servis-jelic.hr\/wp-content\/uploads\/2025\/10\/Test-of-conformity-VES-50A-100A.pdf\">Test of conformity VES-50A 100A<\/a><\/p>\n","protected":false},"excerpt":{"rendered":"<p>VALUE VES-50A je precizna elektroni\u010dka vaga kapaciteta 50 kg, namijenjena za mobile punjenje i pra\u017enjenje rashladnih sredstava u HVAC\/R sustavima. Odlikuje se robusnim ku\u0107i\u0161tem, LCD zaslonom s pozadinskim osvjetljenjem, visokom to\u010dno\u0161\u0107u i jednostavnim korisni\u010dkim su\u010deljem. Namijenjena je terenskoj uporabi s baterijskim napajanjem, s mogu\u0107no\u0161\u0107u signalizacije zavr\u0161etka punjenja. Glavne zna\u010dajke: Tare funkcija (izra\u010dun neto mase LCD [&hellip;]<\/p>\n","protected":false},"featured_media":8164,"comment_status":"open","ping_status":"closed","template":"","meta":[],"product_brand":[20],"product_cat":[207],"product_tag":[],"class_list":{"0":"post-8163","1":"product","2":"type-product","3":"status-publish","4":"has-post-thumbnail","6":"product_brand-value","7":"product_cat-elektronske-vage-value","9":"first","10":"instock","11":"sale","12":"shipping-taxable","13":"purchasable","14":"product-type-simple"},"jetpack_sharing_enabled":true,"_links":{"self":[{"href":"https:\/\/valuealati.servis-jelic.hr\/index.php\/wp-json\/wp\/v2\/product\/8163","targetHints":{"allow":["GET"]}}],"collection":[{"href":"https:\/\/valuealati.servis-jelic.hr\/index.php\/wp-json\/wp\/v2\/product"}],"about":[{"href":"https:\/\/valuealati.servis-jelic.hr\/index.php\/wp-json\/wp\/v2\/types\/product"}],"replies":[{"embeddable":true,"href":"https:\/\/valuealati.servis-jelic.hr\/index.php\/wp-json\/wp\/v2\/comments?post=8163"}],"wp:featuredmedia":[{"embeddable":true,"href":"https:\/\/valuealati.servis-jelic.hr\/index.php\/wp-json\/wp\/v2\/media\/8164"}],"wp:attachment":[{"href":"https:\/\/valuealati.servis-jelic.hr\/index.php\/wp-json\/wp\/v2\/media?parent=8163"}],"wp:term":[{"taxonomy":"product_brand","embeddable":true,"href":"https:\/\/valuealati.servis-jelic.hr\/index.php\/wp-json\/wp\/v2\/product_brand?post=8163"},{"taxonomy":"product_cat","embeddable":true,"href":"https:\/\/valuealati.servis-jelic.hr\/index.php\/wp-json\/wp\/v2\/product_cat?post=8163"},{"taxonomy":"product_tag","embeddable":true,"href":"https:\/\/valuealati.servis-jelic.hr\/index.php\/wp-json\/wp\/v2\/product_tag?post=8163"}],"curies":[{"name":"wp","href":"https:\/\/api.w.org\/{rel}","templated":true}]}}