{"id":8179,"date":"2025-10-03T09:24:46","date_gmt":"2025-10-03T09:24:46","guid":{"rendered":"https:\/\/valuealati.servis-jelic.hr\/?post_type=product&#038;p=8179"},"modified":"2026-03-03T10:18:42","modified_gmt":"2026-03-03T10:18:42","slug":"vaga-value-vrs-120i-01-120kg","status":"publish","type":"product","link":"https:\/\/valuealati.servis-jelic.hr\/index.php\/proizvod\/vaga-value-vrs-120i-01-120kg\/","title":{"rendered":"Vaga VALUE VRS-120i-01 120kg"},"content":{"rendered":"<p><span class=\"Y2IQFc\" lang=\"hr\">Elektroni\u010dka vaga za rashladno sredstvo VALUE s Bluetooth zaslonom koristi se za servisiranje rashladnih i klima ure\u0111aja. <\/span><\/p>\n<p><span class=\"Y2IQFc\" lang=\"hr\">Glavne zna\u010dajke: <\/span><\/p>\n<ul>\n<li><span class=\"Y2IQFc\" lang=\"hr\">protuklizna podloga <\/span><\/li>\n<li><span class=\"Y2IQFc\" lang=\"hr\">be\u017ei\u010dna Bluetooth plo\u010da za bolju kontrolu nadopunjavanja ili obnavljanja pri odre\u0111enoj vrijednosti faktora<\/span><\/li>\n<li><span class=\"Y2IQFc\" lang=\"hr\">signalizacija postizanja zadane vrijednosti<\/span><\/li>\n<li><span class=\"Y2IQFc\" lang=\"hr\">transparentni LCD zaslon s pozadinskim osvjetljenjem<\/span><\/li>\n<li><span class=\"Y2IQFc\" lang=\"hr\">svijetli i ergonomski dizajn<\/span><\/li>\n<\/ul>\n<p><a href=\"https:\/\/valuealati.servis-jelic.hr\/wp-content\/uploads\/2025\/10\/Upute-VRS-50i-01-120i-01.docx\">Upute VRS 50i-01 120i-01<\/a> <a href=\"https:\/\/valuealati.servis-jelic.hr\/wp-content\/uploads\/2025\/10\/VRS-50i-01VRS-120i-certifikat.pdf\">VRS-50i-01VRS-120i-certifikat<\/a><\/p>\n","protected":false},"excerpt":{"rendered":"<p>Elektroni\u010dka vaga za rashladno sredstvo VALUE s Bluetooth zaslonom koristi se za servisiranje rashladnih i klima ure\u0111aja. Glavne zna\u010dajke: protuklizna podloga be\u017ei\u010dna Bluetooth plo\u010da za bolju kontrolu nadopunjavanja ili obnavljanja pri odre\u0111enoj vrijednosti faktora signalizacija postizanja zadane vrijednosti transparentni LCD zaslon s pozadinskim osvjetljenjem svijetli i ergonomski dizajn Upute VRS 50i-01 120i-01 VRS-50i-01VRS-120i-certifikat<\/p>\n","protected":false},"featured_media":8173,"comment_status":"open","ping_status":"closed","template":"","meta":[],"product_brand":[20],"product_cat":[207],"product_tag":[],"class_list":{"0":"post-8179","1":"product","2":"type-product","3":"status-publish","4":"has-post-thumbnail","6":"product_brand-value","7":"product_cat-elektronske-vage-value","9":"first","10":"instock","11":"sale","12":"shipping-taxable","13":"purchasable","14":"product-type-simple"},"jetpack_sharing_enabled":true,"_links":{"self":[{"href":"https:\/\/valuealati.servis-jelic.hr\/index.php\/wp-json\/wp\/v2\/product\/8179","targetHints":{"allow":["GET"]}}],"collection":[{"href":"https:\/\/valuealati.servis-jelic.hr\/index.php\/wp-json\/wp\/v2\/product"}],"about":[{"href":"https:\/\/valuealati.servis-jelic.hr\/index.php\/wp-json\/wp\/v2\/types\/product"}],"replies":[{"embeddable":true,"href":"https:\/\/valuealati.servis-jelic.hr\/index.php\/wp-json\/wp\/v2\/comments?post=8179"}],"wp:featuredmedia":[{"embeddable":true,"href":"https:\/\/valuealati.servis-jelic.hr\/index.php\/wp-json\/wp\/v2\/media\/8173"}],"wp:attachment":[{"href":"https:\/\/valuealati.servis-jelic.hr\/index.php\/wp-json\/wp\/v2\/media?parent=8179"}],"wp:term":[{"taxonomy":"product_brand","embeddable":true,"href":"https:\/\/valuealati.servis-jelic.hr\/index.php\/wp-json\/wp\/v2\/product_brand?post=8179"},{"taxonomy":"product_cat","embeddable":true,"href":"https:\/\/valuealati.servis-jelic.hr\/index.php\/wp-json\/wp\/v2\/product_cat?post=8179"},{"taxonomy":"product_tag","embeddable":true,"href":"https:\/\/valuealati.servis-jelic.hr\/index.php\/wp-json\/wp\/v2\/product_tag?post=8179"}],"curies":[{"name":"wp","href":"https:\/\/api.w.org\/{rel}","templated":true}]}}