{"id":8183,"date":"2025-10-03T09:31:33","date_gmt":"2025-10-03T09:31:33","guid":{"rendered":"https:\/\/valuealati.servis-jelic.hr\/?post_type=product&#038;p=8183"},"modified":"2025-10-03T09:31:34","modified_gmt":"2025-10-03T09:31:34","slug":"vaga-value-ves-100b-100kg","status":"publish","type":"product","link":"https:\/\/valuealati.servis-jelic.hr\/index.php\/proizvod\/vaga-value-ves-100b-100kg\/","title":{"rendered":"Vaga VALUE VES-100B 100kg"},"content":{"rendered":"<p><span class=\"Y2IQFc\" lang=\"hr\">Elektroni\u010dka vaga VES-100B VALUE koristi se za servisiranje rashladnih i klima ure\u0111aja. <\/span><\/p>\n<p><span class=\"Y2IQFc\" lang=\"hr\">Glavne zna\u010dajke:<\/span><\/p>\n<ul>\n<li><span class=\"Y2IQFc\" lang=\"hr\">protuklizna podloga plo\u010da za jednostavno punjenje ili obnavljanje<\/span><\/li>\n<li><span class=\"Y2IQFc\" lang=\"hr\"> odre\u0111ene vrijednosti rashladnog sredstva <\/span><\/li>\n<li><span class=\"Y2IQFc\" lang=\"hr\">precizni regulacijski ventil<\/span><\/li>\n<li><span class=\"Y2IQFc\" lang=\"hr\">to\u010dnost punjenja<\/span><\/li>\n<\/ul>\n","protected":false},"excerpt":{"rendered":"<p>Elektroni\u010dka vaga VES-100B VALUE koristi se za servisiranje rashladnih i klima ure\u0111aja. Glavne zna\u010dajke: protuklizna podloga plo\u010da za jednostavno punjenje ili obnavljanje odre\u0111ene vrijednosti rashladnog sredstva precizni regulacijski ventil to\u010dnost punjenja<\/p>\n","protected":false},"featured_media":8188,"comment_status":"open","ping_status":"closed","template":"","meta":[],"product_brand":[20],"product_cat":[207],"product_tag":[],"class_list":{"0":"post-8183","1":"product","2":"type-product","3":"status-publish","4":"has-post-thumbnail","6":"product_brand-value","7":"product_cat-elektronske-vage-value","9":"first","10":"instock","11":"sale","12":"shipping-taxable","13":"purchasable","14":"product-type-simple"},"jetpack_sharing_enabled":true,"_links":{"self":[{"href":"https:\/\/valuealati.servis-jelic.hr\/index.php\/wp-json\/wp\/v2\/product\/8183","targetHints":{"allow":["GET"]}}],"collection":[{"href":"https:\/\/valuealati.servis-jelic.hr\/index.php\/wp-json\/wp\/v2\/product"}],"about":[{"href":"https:\/\/valuealati.servis-jelic.hr\/index.php\/wp-json\/wp\/v2\/types\/product"}],"replies":[{"embeddable":true,"href":"https:\/\/valuealati.servis-jelic.hr\/index.php\/wp-json\/wp\/v2\/comments?post=8183"}],"wp:featuredmedia":[{"embeddable":true,"href":"https:\/\/valuealati.servis-jelic.hr\/index.php\/wp-json\/wp\/v2\/media\/8188"}],"wp:attachment":[{"href":"https:\/\/valuealati.servis-jelic.hr\/index.php\/wp-json\/wp\/v2\/media?parent=8183"}],"wp:term":[{"taxonomy":"product_brand","embeddable":true,"href":"https:\/\/valuealati.servis-jelic.hr\/index.php\/wp-json\/wp\/v2\/product_brand?post=8183"},{"taxonomy":"product_cat","embeddable":true,"href":"https:\/\/valuealati.servis-jelic.hr\/index.php\/wp-json\/wp\/v2\/product_cat?post=8183"},{"taxonomy":"product_tag","embeddable":true,"href":"https:\/\/valuealati.servis-jelic.hr\/index.php\/wp-json\/wp\/v2\/product_tag?post=8183"}],"curies":[{"name":"wp","href":"https:\/\/api.w.org\/{rel}","templated":true}]}}