{"id":8227,"date":"2025-10-03T13:39:32","date_gmt":"2025-10-03T13:39:32","guid":{"rendered":"https:\/\/valuealati.servis-jelic.hr\/?post_type=product&#038;p=8227"},"modified":"2025-10-03T13:39:32","modified_gmt":"2025-10-03T13:39:32","slug":"kljuc-za-rotalok-value-vrt-202","status":"publish","type":"product","link":"https:\/\/valuealati.servis-jelic.hr\/index.php\/proizvod\/kljuc-za-rotalok-value-vrt-202\/","title":{"rendered":"Klju\u010d za rotalok VALUE VRT 202"},"content":{"rendered":"<p><span class=\"Y2IQFc\" lang=\"hr\">Klju\u010d s ra\u010dvastim mehanizmom za ventile &#8211; VRT-202 VALUE sa zakrivljenom ru\u010dkom. <\/span><\/p>\n<p><span class=\"Y2IQFc\" lang=\"hr\">Glavne zna\u010dajke:<\/span><\/p>\n<ul>\n<li><span class=\"Y2IQFc\" lang=\"hr\">\u010detvrtasta zve\u010dka<\/span><\/li>\n<li><span class=\"Y2IQFc\" lang=\"hr\">gumena ru\u010dka<\/span><\/li>\n<\/ul>\n","protected":false},"excerpt":{"rendered":"<p>Klju\u010d s ra\u010dvastim mehanizmom za ventile &#8211; VRT-202 VALUE sa zakrivljenom ru\u010dkom. Glavne zna\u010dajke: \u010detvrtasta zve\u010dka gumena ru\u010dka<\/p>\n","protected":false},"featured_media":8228,"comment_status":"open","ping_status":"closed","template":"","meta":[],"product_brand":[20],"product_cat":[211],"product_tag":[],"class_list":{"0":"post-8227","1":"product","2":"type-product","3":"status-publish","4":"has-post-thumbnail","6":"product_brand-value","7":"product_cat-rezervni-dijelovi-i-ostalo-value","9":"first","10":"instock","11":"sale","12":"shipping-taxable","13":"purchasable","14":"product-type-simple"},"jetpack_sharing_enabled":true,"_links":{"self":[{"href":"https:\/\/valuealati.servis-jelic.hr\/index.php\/wp-json\/wp\/v2\/product\/8227","targetHints":{"allow":["GET"]}}],"collection":[{"href":"https:\/\/valuealati.servis-jelic.hr\/index.php\/wp-json\/wp\/v2\/product"}],"about":[{"href":"https:\/\/valuealati.servis-jelic.hr\/index.php\/wp-json\/wp\/v2\/types\/product"}],"replies":[{"embeddable":true,"href":"https:\/\/valuealati.servis-jelic.hr\/index.php\/wp-json\/wp\/v2\/comments?post=8227"}],"wp:featuredmedia":[{"embeddable":true,"href":"https:\/\/valuealati.servis-jelic.hr\/index.php\/wp-json\/wp\/v2\/media\/8228"}],"wp:attachment":[{"href":"https:\/\/valuealati.servis-jelic.hr\/index.php\/wp-json\/wp\/v2\/media?parent=8227"}],"wp:term":[{"taxonomy":"product_brand","embeddable":true,"href":"https:\/\/valuealati.servis-jelic.hr\/index.php\/wp-json\/wp\/v2\/product_brand?post=8227"},{"taxonomy":"product_cat","embeddable":true,"href":"https:\/\/valuealati.servis-jelic.hr\/index.php\/wp-json\/wp\/v2\/product_cat?post=8227"},{"taxonomy":"product_tag","embeddable":true,"href":"https:\/\/valuealati.servis-jelic.hr\/index.php\/wp-json\/wp\/v2\/product_tag?post=8227"}],"curies":[{"name":"wp","href":"https:\/\/api.w.org\/{rel}","templated":true}]}}