{"id":8240,"date":"2025-10-07T06:49:00","date_gmt":"2025-10-07T06:49:00","guid":{"rendered":"https:\/\/valuealati.servis-jelic.hr\/?post_type=product&#038;p=8240"},"modified":"2025-10-07T06:49:01","modified_gmt":"2025-10-07T06:49:01","slug":"baterija-value-5ah-za-vrp","status":"publish","type":"product","link":"https:\/\/valuealati.servis-jelic.hr\/index.php\/proizvod\/baterija-value-5ah-za-vrp\/","title":{"rendered":"Baterija VALUE 5Ah za VRP"},"content":{"rendered":"<p>Dodatna baterija Value VB-518\u00a0je namijenjena za upotrebu s vakuum pumpom VRP-2DLi. Ova Li-ion baterija ima kapacitet od 18V i 5Ah, pru\u017eaju\u0107i dodatnu snagu i trajnost za va\u0161u vakuum pumpu.<\/p>\n","protected":false},"excerpt":{"rendered":"<p>Dodatna baterija Value VB-518\u00a0je namijenjena za upotrebu s vakuum pumpom VRP-2DLi. Ova Li-ion baterija ima kapacitet od 18V i 5Ah, pru\u017eaju\u0107i dodatnu snagu i trajnost za va\u0161u vakuum pumpu.<\/p>\n","protected":false},"featured_media":8243,"comment_status":"open","ping_status":"closed","template":"","meta":[],"product_brand":[20],"product_cat":[211],"product_tag":[],"class_list":{"0":"post-8240","1":"product","2":"type-product","3":"status-publish","4":"has-post-thumbnail","6":"product_brand-value","7":"product_cat-rezervni-dijelovi-i-ostalo-value","9":"first","10":"instock","11":"sale","12":"shipping-taxable","13":"purchasable","14":"product-type-simple"},"jetpack_sharing_enabled":true,"_links":{"self":[{"href":"https:\/\/valuealati.servis-jelic.hr\/index.php\/wp-json\/wp\/v2\/product\/8240","targetHints":{"allow":["GET"]}}],"collection":[{"href":"https:\/\/valuealati.servis-jelic.hr\/index.php\/wp-json\/wp\/v2\/product"}],"about":[{"href":"https:\/\/valuealati.servis-jelic.hr\/index.php\/wp-json\/wp\/v2\/types\/product"}],"replies":[{"embeddable":true,"href":"https:\/\/valuealati.servis-jelic.hr\/index.php\/wp-json\/wp\/v2\/comments?post=8240"}],"wp:featuredmedia":[{"embeddable":true,"href":"https:\/\/valuealati.servis-jelic.hr\/index.php\/wp-json\/wp\/v2\/media\/8243"}],"wp:attachment":[{"href":"https:\/\/valuealati.servis-jelic.hr\/index.php\/wp-json\/wp\/v2\/media?parent=8240"}],"wp:term":[{"taxonomy":"product_brand","embeddable":true,"href":"https:\/\/valuealati.servis-jelic.hr\/index.php\/wp-json\/wp\/v2\/product_brand?post=8240"},{"taxonomy":"product_cat","embeddable":true,"href":"https:\/\/valuealati.servis-jelic.hr\/index.php\/wp-json\/wp\/v2\/product_cat?post=8240"},{"taxonomy":"product_tag","embeddable":true,"href":"https:\/\/valuealati.servis-jelic.hr\/index.php\/wp-json\/wp\/v2\/product_tag?post=8240"}],"curies":[{"name":"wp","href":"https:\/\/api.w.org\/{rel}","templated":true}]}}