{"id":8244,"date":"2025-10-07T06:53:23","date_gmt":"2025-10-07T06:53:23","guid":{"rendered":"https:\/\/valuealati.servis-jelic.hr\/?post_type=product&#038;p=8244"},"modified":"2025-10-07T06:53:23","modified_gmt":"2025-10-07T06:53:23","slug":"baterija-value-2ah-za-vet-vte","status":"publish","type":"product","link":"https:\/\/valuealati.servis-jelic.hr\/index.php\/proizvod\/baterija-value-2ah-za-vet-vte\/","title":{"rendered":"Baterija VALUE 2Ah za VET\/VTE"},"content":{"rendered":"<p data-start=\"96\" data-end=\"150\">Brza i pouzdana baterija namijenjena za Value alate:<\/p>\n<ul>\n<li data-start=\"153\" data-end=\"180\">flaring alat VET-19Li<\/li>\n<li data-start=\"183\" data-end=\"219\">be\u017ei\u010dni savija\u010d cijevi VTB-22L<\/li>\n<li data-start=\"222\" data-end=\"244\">expander VTE-29D<\/li>\n<\/ul>\n<p>Zahvaljuju\u0107i kapacitetu od 2 Ah i brzom punjenju od pribli\u017eno 35 minuta, ova baterija osigurava dugotrajan rad bez prekida. Kompaktna i lagana, idealna je za svakodnevnu upotrebu na terenu i u radionici.<\/p>\n","protected":false},"excerpt":{"rendered":"<p>Brza i pouzdana baterija namijenjena za Value alate: flaring alat VET-19Li be\u017ei\u010dni savija\u010d cijevi VTB-22L expander VTE-29D Zahvaljuju\u0107i kapacitetu od 2 Ah i brzom punjenju od pribli\u017eno 35 minuta, ova baterija osigurava dugotrajan rad bez prekida. Kompaktna i lagana, idealna je za svakodnevnu upotrebu na terenu i u radionici.<\/p>\n","protected":false},"featured_media":8246,"comment_status":"open","ping_status":"closed","template":"","meta":[],"product_brand":[20],"product_cat":[211],"product_tag":[],"class_list":{"0":"post-8244","1":"product","2":"type-product","3":"status-publish","4":"has-post-thumbnail","6":"product_brand-value","7":"product_cat-rezervni-dijelovi-i-ostalo-value","9":"first","10":"instock","11":"sale","12":"shipping-taxable","13":"purchasable","14":"product-type-simple"},"jetpack_sharing_enabled":true,"_links":{"self":[{"href":"https:\/\/valuealati.servis-jelic.hr\/index.php\/wp-json\/wp\/v2\/product\/8244","targetHints":{"allow":["GET"]}}],"collection":[{"href":"https:\/\/valuealati.servis-jelic.hr\/index.php\/wp-json\/wp\/v2\/product"}],"about":[{"href":"https:\/\/valuealati.servis-jelic.hr\/index.php\/wp-json\/wp\/v2\/types\/product"}],"replies":[{"embeddable":true,"href":"https:\/\/valuealati.servis-jelic.hr\/index.php\/wp-json\/wp\/v2\/comments?post=8244"}],"wp:featuredmedia":[{"embeddable":true,"href":"https:\/\/valuealati.servis-jelic.hr\/index.php\/wp-json\/wp\/v2\/media\/8246"}],"wp:attachment":[{"href":"https:\/\/valuealati.servis-jelic.hr\/index.php\/wp-json\/wp\/v2\/media?parent=8244"}],"wp:term":[{"taxonomy":"product_brand","embeddable":true,"href":"https:\/\/valuealati.servis-jelic.hr\/index.php\/wp-json\/wp\/v2\/product_brand?post=8244"},{"taxonomy":"product_cat","embeddable":true,"href":"https:\/\/valuealati.servis-jelic.hr\/index.php\/wp-json\/wp\/v2\/product_cat?post=8244"},{"taxonomy":"product_tag","embeddable":true,"href":"https:\/\/valuealati.servis-jelic.hr\/index.php\/wp-json\/wp\/v2\/product_tag?post=8244"}],"curies":[{"name":"wp","href":"https:\/\/api.w.org\/{rel}","templated":true}]}}