{"id":8558,"date":"2025-12-02T12:59:51","date_gmt":"2025-12-02T12:59:51","guid":{"rendered":"https:\/\/valuealati.servis-jelic.hr\/?post_type=product&#038;p=8558"},"modified":"2026-03-02T11:59:29","modified_gmt":"2026-03-02T11:59:29","slug":"vakum-pumpa-value-vrp-2sli-aku","status":"publish","type":"product","link":"https:\/\/valuealati.servis-jelic.hr\/index.php\/proizvod\/vakum-pumpa-value-vrp-2sli-aku\/","title":{"rendered":"Vakum pumpa VALUE VRP-2SLi Aku"},"content":{"rendered":"<div>VAKUM PUMPA VALUE VRP-2SLi 57L\/min jednostupanjska<\/div>\n<div><\/div>\n<div>Glavne zna\u010dajke:<\/div>\n<ul>\n<li>lako\u0107a, mala veli\u010dina, visokokvalitetni vakuum<\/li>\n<li>veliko kontrolno staklo za provjeru razine ulja<\/li>\n<li>cirkulacija ulja koja osigurava \u010dvrsti rad lopatica i hla\u0111enje pumpe<\/li>\n<li>lagan i u\u010dinkovit istosmjerni motor<\/li>\n<li>dizajn bez iskrenja, dizajniran za rad s rashladnim fluidima R32 i 1234yf<\/li>\n<li>litij-ionska baterija<\/li>\n<\/ul>\n<p><a href=\"https:\/\/valuealati.servis-jelic.hr\/wp-content\/uploads\/2025\/09\/VRP-DLi-SLi-CE_PL.pdf\">VRP-DLi-SLi-CE_PL<\/a><\/p>\n<p><a href=\"https:\/\/valuealati.servis-jelic.hr\/wp-content\/uploads\/2025\/12\/UPUTSTVO-ZA-UPOTREBU-VALUE-VRP-2SLi-VRP-2DLi.docx\">UPUTSTVO ZA UPOTREBU &#8211; VALUE VRP-2SLi, VRP-2DLi<\/a><\/p>\n<div><\/div>\n","protected":false},"excerpt":{"rendered":"<p>VAKUM PUMPA VALUE VRP-2SLi 57L\/min jednostupanjska Glavne zna\u010dajke: lako\u0107a, mala veli\u010dina, visokokvalitetni vakuum veliko kontrolno staklo za provjeru razine ulja cirkulacija ulja koja osigurava \u010dvrsti rad lopatica i hla\u0111enje pumpe lagan i u\u010dinkovit istosmjerni motor dizajn bez iskrenja, dizajniran za rad s rashladnim fluidima R32 i 1234yf litij-ionska baterija VRP-DLi-SLi-CE_PL UPUTSTVO ZA UPOTREBU &#8211; VALUE [&hellip;]<\/p>\n","protected":false},"featured_media":8559,"comment_status":"open","ping_status":"closed","template":"","meta":[],"product_brand":[],"product_cat":[21,193],"product_tag":[],"class_list":{"0":"post-8558","1":"product","2":"type-product","3":"status-publish","4":"has-post-thumbnail","6":"product_cat-vakuum-pumpe","7":"product_cat-vrp-navtek-vakuum-pumpe","9":"first","10":"instock","11":"sale","12":"shipping-taxable","13":"purchasable","14":"product-type-simple"},"jetpack_sharing_enabled":true,"_links":{"self":[{"href":"https:\/\/valuealati.servis-jelic.hr\/index.php\/wp-json\/wp\/v2\/product\/8558","targetHints":{"allow":["GET"]}}],"collection":[{"href":"https:\/\/valuealati.servis-jelic.hr\/index.php\/wp-json\/wp\/v2\/product"}],"about":[{"href":"https:\/\/valuealati.servis-jelic.hr\/index.php\/wp-json\/wp\/v2\/types\/product"}],"replies":[{"embeddable":true,"href":"https:\/\/valuealati.servis-jelic.hr\/index.php\/wp-json\/wp\/v2\/comments?post=8558"}],"wp:featuredmedia":[{"embeddable":true,"href":"https:\/\/valuealati.servis-jelic.hr\/index.php\/wp-json\/wp\/v2\/media\/8559"}],"wp:attachment":[{"href":"https:\/\/valuealati.servis-jelic.hr\/index.php\/wp-json\/wp\/v2\/media?parent=8558"}],"wp:term":[{"taxonomy":"product_brand","embeddable":true,"href":"https:\/\/valuealati.servis-jelic.hr\/index.php\/wp-json\/wp\/v2\/product_brand?post=8558"},{"taxonomy":"product_cat","embeddable":true,"href":"https:\/\/valuealati.servis-jelic.hr\/index.php\/wp-json\/wp\/v2\/product_cat?post=8558"},{"taxonomy":"product_tag","embeddable":true,"href":"https:\/\/valuealati.servis-jelic.hr\/index.php\/wp-json\/wp\/v2\/product_tag?post=8558"}],"curies":[{"name":"wp","href":"https:\/\/api.w.org\/{rel}","templated":true}]}}